{"id":206,"date":"2018-07-31T15:00:55","date_gmt":"2018-07-31T14:00:55","guid":{"rendered":"https:\/\/www.movingedge.com\/pl\/?page_id=206"},"modified":"2019-01-14T10:56:24","modified_gmt":"2019-01-14T10:56:24","slug":"polityka-prywatnosci","status":"publish","type":"page","link":"https:\/\/www.movingedge.com\/pl\/polityka-prywatnosci\/","title":{"rendered":"Polityka Prywatno\u015bci"},"content":{"rendered":"<p>COBA Europe jest cz\u0119\u015bci\u0105\u00a0<a href=\"http:\/\/www.coba.com\/\">grupy COBA<\/a>. Niniejsza informacja o polityce prywatno\u015bci wyja\u015bnia, w jaki spos\u00f3b wykorzystujemy wszelkie dane osobowe, kt\u00f3re zbieramy o u\u017cytkowniku podczas korzystania z tej strony internetowej. Przeczytaj uwa\u017cnie.<\/p>\n<ul>\n<li>Jakie informacje zbieramy o Tobie?<\/li>\n<li>W jaki spos\u00f3b wykorzystamy zebrane o Tobie informacje?<\/li>\n<li>E-mail marketing i telemarketing<\/li>\n<li>Aautomatyzacja marketing<\/li>\n<li>Dost\u0119p do danych osobowych i ich zmiana<\/li>\n<li>Pliki cookies<\/li>\n<li>Inne strony internetowe<\/li>\n<li>Zmiany w Polityce Prywatno\u015bci<\/li>\n<li>Jak si\u0119 z nami skontaktowa\u0107?<\/li>\n<\/ul>\n<h3>Jakie informacje zbieramy o Tobie?<\/h3>\n<p>Mo\u017cemy zbiera\u0107 dane, kiedy odwiedzasz stron\u0119 lub kupujesz jakiekolwiek produkty z tej strony, ale tylko wtedy, gdy wyrazisz na to dobrowoln\u0105 zgod\u0119. Mo\u017ce to obejmowa\u0107 takie dane, jak: imi\u0119 i nazwisko, adres, adres e-mail, numer telefonu, szczeg\u00f3\u0142y dotycz\u0105ce p\u0142atno\u015bci oraz dane karty kredytowej. Nie ma obowi\u0105zku podawania nam takich informacji w celu korzystania z witryny internetowej. Je\u015bli jednak zdecydujesz si\u0119 nie podawa\u0107 niekt\u00f3rych informacji, o kt\u00f3re poprosili\u015bmy, mo\u017cesz nie by\u0107 w stanie odwiedzi\u0107 wszystkich cz\u0119\u015bci strony internetowej lub mie\u0107 trudno\u015bci z dokonaniem zakup\u00f3w. Informacje o korzystaniu z witryny s\u0105 gromadzone za pomoc\u0105 plik\u00f3w\u00a0<a href=\"https:\/\/www.movingedge.com\/pl\/polityka-plikow-cookies\/\">cookie<\/a>.<\/p>\n<h3>W jaki spos\u00f3b wykorzystamy zebrane o Tobie informacje?<\/h3>\n<p>Wykorzystujemy informacje zgromadzone na stronie internetowej, aby umo\u017cliwi\u0107 Ci dost\u0119p do wszystkich cz\u0119\u015bci strony oraz realizacj\u0119 zam\u00f3wie\u0144. Wszystkie dane osobowe, kt\u00f3re u\u017cytkownik poda na tej stronie internetowej, nie b\u0119d\u0105 przez nas sprzedawane, udost\u0119pniane ani wypo\u017cyczane osobom trzecim (z wyj\u0105tkiem przypadk\u00f3w wyra\u017anie okre\u015blonych poni\u017cej), ale mo\u017cemy je wykorzysta\u0107 do w\u0142asnych cel\u00f3w:<\/p>\n<ul>\n<li>do administrowania i prowadzenia tej strony internetowej<\/li>\n<li>do realizacji zam\u00f3wie\u0144 na wszelkie towary lub us\u0142ugi, na kt\u00f3rych dostaw\u0119 si\u0119 zgodzili\u015bmy;<\/li>\n<li>do powiadomienia Ci\u0119 o innych produktach i us\u0142ugach firmy COBA.<\/li>\n<\/ul>\n<p>Nie ujawnimy \u017cadnych danych zebranych od Ciebie na stronie internetowej, ale mo\u017cemy ujawni\u0107 informacje o Tobie innym sp\u00f3\u0142kom nale\u017c\u0105cym do\u00a0<a href=\"http:\/\/www.coba.com\/\">grupy COBA<\/a>. Wszelkie informacje przekazane tym podmiotom b\u0119d\u0105 wykorzystywane przez te firmy wy\u0142\u0105cznie zgodnie z warunkami niniejszej Polityki Prywatno\u015bci.<\/p>\n<p>Wykonawcy zewn\u0119trzni maj\u0105 ograniczony dost\u0119p do informacji zebranych na stronie internetowej. Ma to miejsce w trakcie dostarczania nam produkt\u00f3w lub us\u0142ug, np. hostingu i utrzymania strony internetowej. Dost\u0119p do danych jest \u015bci\u015ble ograniczony do informacji, kt\u00f3rych potrzebuj\u0105 do wykonywania swoich obowi\u0105zk\u00f3w. Te osoby trzecie s\u0105 przez ca\u0142y czas zobowi\u0105zane do przestrzegania warunk\u00f3w niniejszej Polityki Prywatno\u015bci i same nie mog\u0105 korzysta\u0107 lub ujawnia\u0107 \u017cadnych informacji do cel\u00f3w innych ni\u017c \u015bwiadczenie us\u0142ug dla nas.<\/p>\n<p>Informacje o u\u017cytkowniku b\u0119dziemy wykorzystywa\u0107 do cel\u00f3w opisanych powy\u017cej lub w spos\u00f3b wskazany u\u017cytkownikowi, gdy zwr\u00f3cimy si\u0119 o takie informacje. U\u017cytkownik musi wyrazi\u0107 zgod\u0119 na wykorzystanie informacji do innych cel\u00f3w (na przyk\u0142ad w celu umo\u017cliwienia nam wys\u0142ania materia\u0142\u00f3w marketingowych lub powiadomie\u0144 elektronicznych).<\/p>\n<p>W przypadku sprzeda\u017cy, fuzji, przeniesienia lub sprzeda\u017cy nas lub sp\u00f3\u0142ek z grupy COBA zastrzegamy sobie prawo do przekazania informacji osobie trzeciej, kt\u00f3ra b\u0119dzie zobowi\u0105zana do przestrzegania warunk\u00f3w niniejszej Polityki Prywatno\u015bci.<\/p>\n<p>Pa\u0144stwa spoza Europejskiego Obszaru Gospodarczego nie zawsze maj\u0105 szczeg\u00f3\u0142owe przepisy o ochronie danych. Jednak zawsze b\u0119dziemy podejmowa\u0107 kroki, aby zapewni\u0107, \u017ce informacje o u\u017cytkowniku s\u0105 wykorzystywane przez osoby trzecie zgodnie z niniejsz\u0105 Polityk\u0105 Prywatno\u015bci.<\/p>\n<h3>E-mail marketing i telemarketing<\/h3>\n<p>Chcemy przesy\u0142a\u0107 Ci informacje o produktach i us\u0142ugach firm z naszej grupy, kt\u00f3re mog\u0105 by\u0107 dla Ciebie interesuj\u0105ce. Je\u015bli wyrazi\u0142e\u015b zgod\u0119 na otrzymywanie materia\u0142\u00f3w marketingowych, mo\u017cesz zrezygnowa\u0107 z tego w p\u00f3\u017aniejszym terminie. Masz prawo w ka\u017cdej chwili zrezygnowa\u0107 z otrzymywania od nas informacji wysy\u0142anych w celach marketingowych lub przekazywania Twoich danych innym cz\u0142onkom\u00a0<a href=\"http:\/\/www.coba.com\/\">grupy COBA<\/a>. Je\u015bli nie chcesz ju\u017c kontaktowa\u0107 si\u0119 z nami w celach marketingowych, prosimy o kontakt na adres:\u00a0<a href=\"mailto:marketing@coba.com\">marketing@coba.com<\/a>.<\/p>\n<p>COBA korzysta z zewn\u0119trznego systemu automatyzacji poczty elektronicznej o nazwie MailChimp. Je\u015bli jeste\u015b klientem lub podajesz swoje dane osobowe za pomoc\u0105 formularza na naszej stronie internetowej, Twoje dane mog\u0105 by\u0107 przechowywane na serwerze MailChimp.\u00a0<u><a href=\"https:\/\/mailchimp.com\/legal\/privacy\/\">Kliknij tutaj<\/a>,<\/u>\u00a0aby uzyska\u0107 szczeg\u00f3\u0142owe informacje na temat Polityki Prywatno\u015bci MailChimp. Korzystanie z tego systemu pomaga naszym zespo\u0142om ds. sprzeda\u017cy i marketingu w dostarczaniu ukierunkowanych tre\u015bci i ofert za po\u015brednictwem poczty elektronicznej.<\/p>\n<h3>Aautomatyzacja marketing<\/h3>\n<p>Strona ta korzysta z zewn\u0119trznego systemu automatyzacji marketingu o nazwie SharpSpring, kt\u00f3ry \u015bledzi adres IP urz\u0105dze\u0144 i sieci u\u017cywanych do uzyskania dost\u0119pu do niej. To z kolei pomaga naszym zespo\u0142om ds. sprzeda\u017cy i marketingu w dostarczaniu bardziej ukierunkowanych tre\u015bci i bardziej zindywidualizowanych us\u0142ug dla nowych i istniej\u0105cych klient\u00f3w. Je\u015bli podasz swoje dane osobowe za pomoc\u0105 formularza na naszej stronie internetowej, te dodatkowe informacje b\u0119d\u0105 przechowywane na serwerze SharpSpring.\u00a0<a href=\"https:\/\/sharpspring.com\/legal\/privacy\/\"><u>Kliknij tutaj<\/u><\/a>, aby uzyska\u0107 szczeg\u00f3\u0142owe informacje na temat Polityki Prywatno\u015bci firmy SharpSpring.<\/p>\n<h3>Dost\u0119p do danych osobowych i ich zmiana<\/h3>\n<p>W razie jakichkolwiek w\u0105tpliwo\u015bci lub ch\u0119ci uzyskania informacji na temat swoich danych prosimy o kontakt z Inspektorem Ochrony Danych Osobowych, COBA International Ltd., Dzia\u0142 5 Marlborough Drive, Fleckney, Leicestershire LE8 8UR lub e-mail\u00a0<a href=\"mailto:dataprivacy@coba.com\"><u>dataprivacy@coba.com<\/u><\/a>. Masz prawo wgl\u0105du do przechowywanych informacji na sw\u00f3j temat i mo\u017cesz poprosi\u0107 nas o dokonanie wszelkich niezb\u0119dnych zmian, by mie\u0107 pewno\u015b\u0107, \u017ce s\u0105 one aktualne.<\/p>\n<h3>Pliki cookies<\/h3>\n<p>Podobnie jak wi\u0119kszo\u015b\u0107 stron internetowych, niniejsza witryna wykorzystuje pliki \u201ecookies\u201d przegl\u0105darki. S\u0105 to informacje przesy\u0142ane przez stron\u0119 internetow\u0105 na dysk twardy komputera lub tymczasowo przechowywane w jego pami\u0119ci. U\u017cywamy plik\u00f3w cookie w celu umo\u017cliwienia nam monitorowania sposobu korzystania z witryny. Wi\u0119kszo\u015b\u0107 przegl\u0105darek jest wst\u0119pnie skonfigurowana do akceptowania plik\u00f3w cookie. Mo\u017cesz jednak ustawi\u0107 swoj\u0105 przegl\u0105dark\u0119 tak, aby odrzuca\u0142a pliki cookie lub informowa\u0142a, kiedy s\u0105 one wysy\u0142ane. Je\u015bli jednak odm\u00f3wisz akceptacji plik\u00f3w cookie, mo\u017cesz nie by\u0107 w stanie korzysta\u0107 z niekt\u00f3rych funkcji tej strony.<\/p>\n<p>Aby uzyska\u0107 wi\u0119cej informacji na temat plik\u00f3w cookie u\u017cywanych przez t\u0119 witryn\u0119, odwied\u017a stron\u0119\u00a0<a href=\"https:\/\/www.movingedge.com\/pl\/polityka-plikow-cookies\/\"><u>Pliki cookies<\/u><\/a><\/p>\n<p>Reklamodawcy i inne osoby trzecie mog\u0105 u\u017cywa\u0107 w\u0142asnych plik\u00f3w cookie po klikni\u0119ciu na reklamy lub linki do w\u0142asnej witryny. Niniejsza Polityka Prywatno\u015bci nie reguluje korzystania z takich stron internetowych os\u00f3b trzecich lub reklamodawc\u00f3w.<\/p>\n<h3>Inne strony internetowe<\/h3>\n<p>Strona zawiera linki do stron, kt\u00f3re nie s\u0105 w\u0142asno\u015bci\u0105 lub nie s\u0105 obs\u0142ugiwane przez COBA. Nie ponosimy odpowiedzialno\u015bci za te strony i nale\u017cy niezale\u017cnie zapozna\u0107 si\u0119 z informacjami o prywatno\u015bci i ochronie danych dla ka\u017cdej z tych stron.<\/p>\n<h3>Zmiany w Polityce Prywatno\u015bci<\/h3>\n<p>Mo\u017cemy od czasu do czasu zmienia\u0107 niniejsz\u0105 Polityk\u0119 Prywatno\u015bci. Prosimy o regularne odwiedzanie tej strony. Korzystaj\u0105c ze strony internetowej lub kt\u00f3regokolwiek z naszych produkt\u00f3w, funkcji, zasob\u00f3w lub us\u0142ug na niej zawartych, zgadzasz si\u0119 na warunki niniejszej Polityki Prywatno\u015bci.<\/p>\n<h3>Jak si\u0119 z nami skontaktowa\u0107?<\/h3>\n<p>W razie jakichkolwiek pyta\u0144 dotycz\u0105cych niniejszej Polityki Prywatno\u015bci lub posiadanych o Tobie informacji, skontaktuj si\u0119 z nami:<\/p>\n<ul>\n<li><a href=\"mailto:dataprivacy@coba.com\">przez e-mail<\/a><\/li>\n<li>lub napisz do nas na adres: Data Privacy Controller, COBA International Ltd., Unit 5 Marlborough Drive, Fleckney, Leicestershire LE8 8UR.<\/li>\n<\/ul>\n","protected":false},"excerpt":{"rendered":"<p>COBA Europe jest cz\u0119\u015bci\u0105\u00a0grupy COBA. Niniejsza informacja o polityce prywatno\u015bci wyja\u015bnia, w jaki spos\u00f3b wykorzystujemy wszelkie dane osobowe, kt\u00f3re zbieramy o u\u017cytkowniku podczas korzystania z tej strony internetowej. Przeczytaj uwa\u017cnie. Jakie informacje zbieramy o Tobie? W jaki spos\u00f3b wykorzystamy zebrane o Tobie informacje? E-mail marketing i telemarketing Aautomatyzacja marketing Dost\u0119p do danych osobowych i ich [&hellip;]<\/p>\n","protected":false},"author":1,"featured_media":835,"parent":0,"menu_order":0,"comment_status":"closed","ping_status":"closed","template":"","meta":{"footnotes":""},"class_list":["post-206","page","type-page","status-publish","has-post-thumbnail","hentry"],"yoast_head":"<!-- This site is optimized with the Yoast SEO plugin v26.0 - https:\/\/yoast.com\/wordpress\/plugins\/seo\/ -->\n<title>Polityka Prywatno\u015bci - Moving Edge<\/title>\n<meta name=\"robots\" content=\"index, follow, max-snippet:-1, max-image-preview:large, max-video-preview:-1\" \/>\n<link rel=\"canonical\" href=\"https:\/\/www.movingedge.com\/pl\/polityka-prywatnosci\/\" \/>\n<meta property=\"og:locale\" content=\"pl_PL\" \/>\n<meta property=\"og:type\" content=\"article\" \/>\n<meta property=\"og:title\" content=\"Polityka Prywatno\u015bci - Moving Edge\" \/>\n<meta property=\"og:description\" content=\"COBA Europe jest cz\u0119\u015bci\u0105\u00a0grupy COBA. Niniejsza informacja o polityce prywatno\u015bci wyja\u015bnia, w jaki spos\u00f3b wykorzystujemy wszelkie dane osobowe, kt\u00f3re zbieramy o u\u017cytkowniku podczas korzystania z tej strony internetowej. Przeczytaj uwa\u017cnie. Jakie informacje zbieramy o Tobie? W jaki spos\u00f3b wykorzystamy zebrane o Tobie informacje? E-mail marketing i telemarketing Aautomatyzacja marketing Dost\u0119p do danych osobowych i ich [&hellip;]\" \/>\n<meta property=\"og:url\" content=\"https:\/\/www.movingedge.com\/pl\/polityka-prywatnosci\/\" \/>\n<meta property=\"og:site_name\" content=\"Moving Edge\" \/>\n<meta property=\"article:modified_time\" content=\"2019-01-14T10:56:24+00:00\" \/>\n<meta property=\"og:image\" content=\"https:\/\/www.movingedge.com\/pl\/wp-content\/uploads\/sites\/8\/About-Background.png\" \/>\n\t<meta property=\"og:image:width\" content=\"1920\" \/>\n\t<meta property=\"og:image:height\" content=\"450\" \/>\n\t<meta property=\"og:image:type\" content=\"image\/png\" \/>\n<meta name=\"twitter:card\" content=\"summary_large_image\" \/>\n<meta name=\"twitter:label1\" content=\"Szacowany czas czytania\" \/>\n\t<meta name=\"twitter:data1\" content=\"6 minut\" \/>\n<script type=\"application\/ld+json\" class=\"yoast-schema-graph\">{\"@context\":\"https:\/\/schema.org\",\"@graph\":[{\"@type\":\"WebPage\",\"@id\":\"https:\/\/www.movingedge.com\/pl\/polityka-prywatnosci\/\",\"url\":\"https:\/\/www.movingedge.com\/pl\/polityka-prywatnosci\/\",\"name\":\"Polityka Prywatno\u015bci - Moving Edge\",\"isPartOf\":{\"@id\":\"https:\/\/www.movingedge.com\/pl\/#website\"},\"primaryImageOfPage\":{\"@id\":\"https:\/\/www.movingedge.com\/pl\/polityka-prywatnosci\/#primaryimage\"},\"image\":{\"@id\":\"https:\/\/www.movingedge.com\/pl\/polityka-prywatnosci\/#primaryimage\"},\"thumbnailUrl\":\"https:\/\/www.movingedge.com\/pl\/wp-content\/uploads\/sites\/8\/About-Background.png\",\"datePublished\":\"2018-07-31T14:00:55+00:00\",\"dateModified\":\"2019-01-14T10:56:24+00:00\",\"breadcrumb\":{\"@id\":\"https:\/\/www.movingedge.com\/pl\/polityka-prywatnosci\/#breadcrumb\"},\"inLanguage\":\"pl-PL\",\"potentialAction\":[{\"@type\":\"ReadAction\",\"target\":[\"https:\/\/www.movingedge.com\/pl\/polityka-prywatnosci\/\"]}]},{\"@type\":\"ImageObject\",\"inLanguage\":\"pl-PL\",\"@id\":\"https:\/\/www.movingedge.com\/pl\/polityka-prywatnosci\/#primaryimage\",\"url\":\"https:\/\/www.movingedge.com\/pl\/wp-content\/uploads\/sites\/8\/About-Background.png\",\"contentUrl\":\"https:\/\/www.movingedge.com\/pl\/wp-content\/uploads\/sites\/8\/About-Background.png\",\"width\":1920,\"height\":450,\"caption\":\"About Moving Edge\"},{\"@type\":\"BreadcrumbList\",\"@id\":\"https:\/\/www.movingedge.com\/pl\/polityka-prywatnosci\/#breadcrumb\",\"itemListElement\":[{\"@type\":\"ListItem\",\"position\":1,\"name\":\"Home\",\"item\":\"https:\/\/www.movingedge.com\/pl\/\"},{\"@type\":\"ListItem\",\"position\":2,\"name\":\"Polityka Prywatno\u015bci\"}]},{\"@type\":\"WebSite\",\"@id\":\"https:\/\/www.movingedge.com\/pl\/#website\",\"url\":\"https:\/\/www.movingedge.com\/pl\/\",\"name\":\"Moving Edge\",\"description\":\"Cutting Edge Safety\",\"potentialAction\":[{\"@type\":\"SearchAction\",\"target\":{\"@type\":\"EntryPoint\",\"urlTemplate\":\"https:\/\/www.movingedge.com\/pl\/?s={search_term_string}\"},\"query-input\":{\"@type\":\"PropertyValueSpecification\",\"valueRequired\":true,\"valueName\":\"search_term_string\"}}],\"inLanguage\":\"pl-PL\"}]}<\/script>\n<!-- \/ Yoast SEO plugin. -->","yoast_head_json":{"title":"Polityka Prywatno\u015bci - Moving Edge","robots":{"index":"index","follow":"follow","max-snippet":"max-snippet:-1","max-image-preview":"max-image-preview:large","max-video-preview":"max-video-preview:-1"},"canonical":"https:\/\/www.movingedge.com\/pl\/polityka-prywatnosci\/","og_locale":"pl_PL","og_type":"article","og_title":"Polityka Prywatno\u015bci - Moving Edge","og_description":"COBA Europe jest cz\u0119\u015bci\u0105\u00a0grupy COBA. Niniejsza informacja o polityce prywatno\u015bci wyja\u015bnia, w jaki spos\u00f3b wykorzystujemy wszelkie dane osobowe, kt\u00f3re zbieramy o u\u017cytkowniku podczas korzystania z tej strony internetowej. Przeczytaj uwa\u017cnie. Jakie informacje zbieramy o Tobie? W jaki spos\u00f3b wykorzystamy zebrane o Tobie informacje? E-mail marketing i telemarketing Aautomatyzacja marketing Dost\u0119p do danych osobowych i ich [&hellip;]","og_url":"https:\/\/www.movingedge.com\/pl\/polityka-prywatnosci\/","og_site_name":"Moving Edge","article_modified_time":"2019-01-14T10:56:24+00:00","og_image":[{"width":1920,"height":450,"url":"https:\/\/www.movingedge.com\/pl\/wp-content\/uploads\/sites\/8\/About-Background.png","type":"image\/png"}],"twitter_card":"summary_large_image","twitter_misc":{"Szacowany czas czytania":"6 minut"},"schema":{"@context":"https:\/\/schema.org","@graph":[{"@type":"WebPage","@id":"https:\/\/www.movingedge.com\/pl\/polityka-prywatnosci\/","url":"https:\/\/www.movingedge.com\/pl\/polityka-prywatnosci\/","name":"Polityka Prywatno\u015bci - Moving Edge","isPartOf":{"@id":"https:\/\/www.movingedge.com\/pl\/#website"},"primaryImageOfPage":{"@id":"https:\/\/www.movingedge.com\/pl\/polityka-prywatnosci\/#primaryimage"},"image":{"@id":"https:\/\/www.movingedge.com\/pl\/polityka-prywatnosci\/#primaryimage"},"thumbnailUrl":"https:\/\/www.movingedge.com\/pl\/wp-content\/uploads\/sites\/8\/About-Background.png","datePublished":"2018-07-31T14:00:55+00:00","dateModified":"2019-01-14T10:56:24+00:00","breadcrumb":{"@id":"https:\/\/www.movingedge.com\/pl\/polityka-prywatnosci\/#breadcrumb"},"inLanguage":"pl-PL","potentialAction":[{"@type":"ReadAction","target":["https:\/\/www.movingedge.com\/pl\/polityka-prywatnosci\/"]}]},{"@type":"ImageObject","inLanguage":"pl-PL","@id":"https:\/\/www.movingedge.com\/pl\/polityka-prywatnosci\/#primaryimage","url":"https:\/\/www.movingedge.com\/pl\/wp-content\/uploads\/sites\/8\/About-Background.png","contentUrl":"https:\/\/www.movingedge.com\/pl\/wp-content\/uploads\/sites\/8\/About-Background.png","width":1920,"height":450,"caption":"About Moving Edge"},{"@type":"BreadcrumbList","@id":"https:\/\/www.movingedge.com\/pl\/polityka-prywatnosci\/#breadcrumb","itemListElement":[{"@type":"ListItem","position":1,"name":"Home","item":"https:\/\/www.movingedge.com\/pl\/"},{"@type":"ListItem","position":2,"name":"Polityka Prywatno\u015bci"}]},{"@type":"WebSite","@id":"https:\/\/www.movingedge.com\/pl\/#website","url":"https:\/\/www.movingedge.com\/pl\/","name":"Moving Edge","description":"Cutting Edge Safety","potentialAction":[{"@type":"SearchAction","target":{"@type":"EntryPoint","urlTemplate":"https:\/\/www.movingedge.com\/pl\/?s={search_term_string}"},"query-input":{"@type":"PropertyValueSpecification","valueRequired":true,"valueName":"search_term_string"}}],"inLanguage":"pl-PL"}]}},"_links":{"self":[{"href":"https:\/\/www.movingedge.com\/pl\/wp-json\/wp\/v2\/pages\/206","targetHints":{"allow":["GET"]}}],"collection":[{"href":"https:\/\/www.movingedge.com\/pl\/wp-json\/wp\/v2\/pages"}],"about":[{"href":"https:\/\/www.movingedge.com\/pl\/wp-json\/wp\/v2\/types\/page"}],"author":[{"embeddable":true,"href":"https:\/\/www.movingedge.com\/pl\/wp-json\/wp\/v2\/users\/1"}],"replies":[{"embeddable":true,"href":"https:\/\/www.movingedge.com\/pl\/wp-json\/wp\/v2\/comments?post=206"}],"version-history":[{"count":0,"href":"https:\/\/www.movingedge.com\/pl\/wp-json\/wp\/v2\/pages\/206\/revisions"}],"wp:featuredmedia":[{"embeddable":true,"href":"https:\/\/www.movingedge.com\/pl\/wp-json\/wp\/v2\/media\/835"}],"wp:attachment":[{"href":"https:\/\/www.movingedge.com\/pl\/wp-json\/wp\/v2\/media?parent=206"}],"curies":[{"name":"wp","href":"https:\/\/api.w.org\/{rel}","templated":true}]}}