{"id":203,"date":"2018-07-31T14:52:27","date_gmt":"2018-07-31T13:52:27","guid":{"rendered":"https:\/\/www.movingedge.com\/pl\/?page_id=203"},"modified":"2021-12-02T10:55:36","modified_gmt":"2021-12-02T10:55:36","slug":"polityka-plikow-cookies","status":"publish","type":"page","link":"https:\/\/www.movingedge.com\/pl\/polityka-plikow-cookies\/","title":{"rendered":"Polityka plik\u00f3w cookies"},"content":{"rendered":"<p>Nasza witryna wykorzystuje pliki cookies, co pozwala odr\u00f3\u017cni\u0107 konkretnego u\u017cytkownika od innych odwiedzaj\u0105cych stron\u0119. Dzi\u0119ki temu mo\u017cna \u0142atwiej I sprawniej przegl\u0105da\u0107 stron\u0119 internetow\u0105, a my mo\u017cemy j\u0105 ulepsza\u0107. W lewym dolnym rogu ka\u017cdej odwiedzanej strony naszej witryny wy\u015bwietlane jest powiadomienie. Dzieje si\u0119 to do momentu, kiedy u\u017cytkownik zezwoli lub zablokuje stosowanie plik\u00f3w cookie na swoim urz\u0105dzeniu. Warto jednak pami\u0119ta\u0107, \u017ce nie wyra\u017cenie zgody na stosowanie plik\u00f3w cookie mo\u017ce mie\u0107 wp\u0142yw na prawid\u0142owe funkcjonowanie witryny.<\/p>\n<h3>Czym s\u0105 pliki cookie?<\/h3>\n<p>Pliki cookie to niewielkie pliki informacyjne, sk\u0142adaj\u0105ce si\u0119 z szeregu liter i cyfr, kt\u00f3re przechowywane s\u0105 w przegl\u0105darce internetowej u\u017cytkownika, kt\u00f3ry wyrazi\u0142 na to zgod\u0119. Pliki cookie zawieraj\u0105 informacje przesy\u0142ane na dysk twardy komputera. Aby uzyska\u0107 wi\u0119cej informacji na temat konfiguracji plik\u00f3w cookie, nale\u017cy skorzysta\u0107 z pomocy przegl\u0105darki. Tutaj znajdziesz informacje o najpopularniejszych przegl\u0105darkach:<\/p>\n<ul>\n<li><strong>Mozilla Firefox<\/strong>:&nbsp;<a href=\"https:\/\/support.mozilla.org\/pl\/kb\/ciasteczka\">https:\/\/support.mozilla.org\/pl\/kb\/ciasteczka<\/a><\/li>\n<li><strong>Google Chrome<\/strong>:&nbsp;<a href=\"https:\/\/support.google.com\/chrome\/answer\/95647\">https:\/\/support.google.com\/chrome\/answer\/95647<\/a><\/li>\n<li><strong>Explorer<\/strong>:&nbsp;<a href=\"https:\/\/support.microsoft.com\/pl-pl\/help\/17442\/windows-internet-explorer-delete-manage-cookies\">https:\/\/support.microsoft.com\/pl-pl\/help\/17442\/windows-internet-explorer-delete-manage-cookies<\/a><\/li>\n<li><strong>Opera<\/strong>:&nbsp;<a href=\"http:\/\/help.opera.com\/Windows\/12.10\/pl\/cookies.html\">http:\/\/help.opera.com\/Windows\/12.10\/pl\/cookies.html<\/a><\/li>\n<li><strong>Safari<\/strong>:&nbsp;<a href=\"http:\/\/support.apple.com\/kb\/ph17191\">http:\/\/support.apple.com\/kb\/ph17191<\/a><\/li>\n<\/ul>\n<p>Aby znale\u017a\u0107 informacje dotycz\u0105ce innych przegl\u0105darek, odwied\u017a witryn\u0119 producenta przegl\u0105darki.<\/p>\n<p>Aby zrezygnowa\u0107 z bycia \u015bledzonym przez Google Analytics na wszystkich stronach internetowych, odwied\u017a stron\u0119 http:\/\/tools.google.com\/dlpage\/gaoptout.<\/p>\n<p>R\u00f3\u017cne pliki cookie s\u0142u\u017c\u0105 do r\u00f3\u017cnych rzeczy, wi\u0119c aby ich u\u017cycie by\u0142o jak najbardziej przejrzyste, kategoryzujemy je w nast\u0119puj\u0105cy spos\u00f3b:<\/p>\n<ul>\n<li><strong>Pliki cookie niezb\u0119dne do realizacji us\u0142ug.<\/strong>&nbsp;To pliki cookie, kt\u00f3re s\u0105 wymagane do dzia\u0142ania naszej strony internetowej. Obejmuj\u0105 one np. pliki cookie, kt\u00f3re umo\u017cliwiaj\u0105 zalogowanie si\u0119 do bezpiecznych obszar\u00f3w naszej strony internetowej, takich jak profil u\u017cytkownika.<\/li>\n<li><strong>Statystyczne pliki cookie<\/strong>. Dzi\u0119ki nim mo\u017cemy rozpozna\u0107 i policzy\u0107 liczb\u0119 odwiedzaj\u0105cych nasz\u0105 stron\u0119 internetow\u0105 oraz zobaczy\u0107, jak odwiedzaj\u0105cy poruszaj\u0105 si\u0119 po niej i jak z niej korzystaj\u0105. Pomaga nam to ulepszy\u0107 spos\u00f3b dzia\u0142ania naszej strony internetowej, np. poprzez zapewnienie, \u017ce u\u017cytkownicy \u0142atwo odnajd\u0105 to, czego szukaj\u0105.<\/li>\n<li><strong>Funkcjonalne pliki cookie.<\/strong>&nbsp;S\u0142u\u017c\u0105 one do rozpoznawania u\u017cytkownika po jego powrocie na nasz\u0105 stron\u0119 internetow\u0105, umo\u017cliwiaj\u0105c nam personalizacj\u0119 tre\u015bci, pozdrowienie po imieniu i zapami\u0119tanie preferencji u\u017cytkownika.<\/li>\n<\/ul>\n<table class=\"jest-tabela\">\n<tbody>\n<tr>\n<td width=\"160\"><strong>Nazwa pliku cookie<\/strong><\/td>\n<td width=\"95\"><strong>Wydawca<\/strong><\/td>\n<td width=\"104\"><strong>Kategoria<\/strong><\/td>\n<td width=\"242\"><strong>Wi\u0119cej informacji<\/strong><\/td>\n<\/tr>\n<tr>\n<td width=\"160\"><strong>_ga, _gid, _gat, __utma, _utmb, __utmc, __utmz, _utmt<\/strong><\/td>\n<td width=\"95\">Google<\/td>\n<td width=\"104\">Analityka<\/td>\n<td width=\"242\">https:\/\/developers.google.com\/analytics\/devguides\/collection\/analyticsjs\/cookie-usage<\/td>\n<\/tr>\n<tr>\n<td width=\"160\"><strong>_lc_cid, lc_cst, _oauth_redirect_detector<\/strong><\/td>\n<td width=\"95\">LiveChat<\/td>\n<td width=\"104\">Funkcjonalno\u015b\u0107<\/td>\n<td width=\"242\">https:\/\/www.livechatinc.com\/privacy-policy\/<\/td>\n<\/tr>\n<tr>\n<td width=\"160\"><strong>Kontrola plik\u00f3w cookie<\/strong><\/td>\n<td width=\"95\">COBA Europa<\/td>\n<td width=\"104\">Niezb\u0119dne<\/td>\n<td width=\"242\">&nbsp;<\/td>\n<\/tr>\n<tr>\n<td width=\"160\"><strong>_GRECAPTCHA<\/strong><\/td>\n<td width=\"95\">Google<\/td>\n<td width=\"104\">Niezb\u0119dne<\/td>\n<td width=\"242\">https:\/\/policies.google.com\/technologies\/cookies?hl=en-US<\/td>\n<\/tr>\n<\/tbody>\n<\/table>\n<p>Zastrzegamy sobie prawo do zmiany zasad dotycz\u0105cych plik\u00f3w cookie. Obowi\u0105zkiem u\u017cytkownika jest regularne sprawdzanie, czy zapozna\u0142 si\u0119 z najnowsz\u0105 wersj\u0105 odpowiednich zasad dotycz\u0105cych plik\u00f3w cookie i wyrazi\u0142 na to zgod\u0119. Niniejsza Polityka Cookie zosta\u0142a ostatnio zaktualizowana w dniu 25 maja 2018 r.<\/p>\n","protected":false},"excerpt":{"rendered":"<p>Nasza witryna wykorzystuje pliki cookies, co pozwala odr\u00f3\u017cni\u0107 konkretnego u\u017cytkownika od innych odwiedzaj\u0105cych stron\u0119. Dzi\u0119ki temu mo\u017cna \u0142atwiej I sprawniej przegl\u0105da\u0107 stron\u0119 internetow\u0105, a my mo\u017cemy j\u0105 ulepsza\u0107. W lewym dolnym rogu ka\u017cdej odwiedzanej strony naszej witryny wy\u015bwietlane jest powiadomienie. Dzieje si\u0119 to do momentu, kiedy u\u017cytkownik zezwoli lub zablokuje stosowanie plik\u00f3w cookie na swoim [&hellip;]<\/p>\n","protected":false},"author":1,"featured_media":835,"parent":0,"menu_order":0,"comment_status":"closed","ping_status":"closed","template":"","meta":{"footnotes":""},"class_list":["post-203","page","type-page","status-publish","has-post-thumbnail","hentry"],"yoast_head":"<!-- This site is optimized with the Yoast SEO plugin v26.0 - https:\/\/yoast.com\/wordpress\/plugins\/seo\/ -->\n<title>Polityka plik\u00f3w cookies - Moving Edge<\/title>\n<meta name=\"robots\" content=\"index, follow, max-snippet:-1, max-image-preview:large, max-video-preview:-1\" \/>\n<link rel=\"canonical\" href=\"https:\/\/www.movingedge.com\/pl\/polityka-plikow-cookies\/\" \/>\n<meta property=\"og:locale\" content=\"pl_PL\" \/>\n<meta property=\"og:type\" content=\"article\" \/>\n<meta property=\"og:title\" content=\"Polityka plik\u00f3w cookies - Moving Edge\" \/>\n<meta property=\"og:description\" content=\"Nasza witryna wykorzystuje pliki cookies, co pozwala odr\u00f3\u017cni\u0107 konkretnego u\u017cytkownika od innych odwiedzaj\u0105cych stron\u0119. Dzi\u0119ki temu mo\u017cna \u0142atwiej I sprawniej przegl\u0105da\u0107 stron\u0119 internetow\u0105, a my mo\u017cemy j\u0105 ulepsza\u0107. W lewym dolnym rogu ka\u017cdej odwiedzanej strony naszej witryny wy\u015bwietlane jest powiadomienie. Dzieje si\u0119 to do momentu, kiedy u\u017cytkownik zezwoli lub zablokuje stosowanie plik\u00f3w cookie na swoim [&hellip;]\" \/>\n<meta property=\"og:url\" content=\"https:\/\/www.movingedge.com\/pl\/polityka-plikow-cookies\/\" \/>\n<meta property=\"og:site_name\" content=\"Moving Edge\" \/>\n<meta property=\"article:modified_time\" content=\"2021-12-02T10:55:36+00:00\" \/>\n<meta property=\"og:image\" content=\"https:\/\/www.movingedge.com\/pl\/wp-content\/uploads\/sites\/8\/About-Background.png\" \/>\n\t<meta property=\"og:image:width\" content=\"1920\" \/>\n\t<meta property=\"og:image:height\" content=\"450\" \/>\n\t<meta property=\"og:image:type\" content=\"image\/png\" \/>\n<meta name=\"twitter:card\" content=\"summary_large_image\" \/>\n<meta name=\"twitter:label1\" content=\"Szacowany czas czytania\" \/>\n\t<meta name=\"twitter:data1\" content=\"2 minuty\" \/>\n<script type=\"application\/ld+json\" class=\"yoast-schema-graph\">{\"@context\":\"https:\/\/schema.org\",\"@graph\":[{\"@type\":\"WebPage\",\"@id\":\"https:\/\/www.movingedge.com\/pl\/polityka-plikow-cookies\/\",\"url\":\"https:\/\/www.movingedge.com\/pl\/polityka-plikow-cookies\/\",\"name\":\"Polityka plik\u00f3w cookies - Moving Edge\",\"isPartOf\":{\"@id\":\"https:\/\/www.movingedge.com\/pl\/#website\"},\"primaryImageOfPage\":{\"@id\":\"https:\/\/www.movingedge.com\/pl\/polityka-plikow-cookies\/#primaryimage\"},\"image\":{\"@id\":\"https:\/\/www.movingedge.com\/pl\/polityka-plikow-cookies\/#primaryimage\"},\"thumbnailUrl\":\"https:\/\/www.movingedge.com\/pl\/wp-content\/uploads\/sites\/8\/About-Background.png\",\"datePublished\":\"2018-07-31T13:52:27+00:00\",\"dateModified\":\"2021-12-02T10:55:36+00:00\",\"breadcrumb\":{\"@id\":\"https:\/\/www.movingedge.com\/pl\/polityka-plikow-cookies\/#breadcrumb\"},\"inLanguage\":\"pl-PL\",\"potentialAction\":[{\"@type\":\"ReadAction\",\"target\":[\"https:\/\/www.movingedge.com\/pl\/polityka-plikow-cookies\/\"]}]},{\"@type\":\"ImageObject\",\"inLanguage\":\"pl-PL\",\"@id\":\"https:\/\/www.movingedge.com\/pl\/polityka-plikow-cookies\/#primaryimage\",\"url\":\"https:\/\/www.movingedge.com\/pl\/wp-content\/uploads\/sites\/8\/About-Background.png\",\"contentUrl\":\"https:\/\/www.movingedge.com\/pl\/wp-content\/uploads\/sites\/8\/About-Background.png\",\"width\":1920,\"height\":450,\"caption\":\"About Moving Edge\"},{\"@type\":\"BreadcrumbList\",\"@id\":\"https:\/\/www.movingedge.com\/pl\/polityka-plikow-cookies\/#breadcrumb\",\"itemListElement\":[{\"@type\":\"ListItem\",\"position\":1,\"name\":\"Home\",\"item\":\"https:\/\/www.movingedge.com\/pl\/\"},{\"@type\":\"ListItem\",\"position\":2,\"name\":\"Polityka plik\u00f3w cookies\"}]},{\"@type\":\"WebSite\",\"@id\":\"https:\/\/www.movingedge.com\/pl\/#website\",\"url\":\"https:\/\/www.movingedge.com\/pl\/\",\"name\":\"Moving Edge\",\"description\":\"Cutting Edge Safety\",\"potentialAction\":[{\"@type\":\"SearchAction\",\"target\":{\"@type\":\"EntryPoint\",\"urlTemplate\":\"https:\/\/www.movingedge.com\/pl\/?s={search_term_string}\"},\"query-input\":{\"@type\":\"PropertyValueSpecification\",\"valueRequired\":true,\"valueName\":\"search_term_string\"}}],\"inLanguage\":\"pl-PL\"}]}<\/script>\n<!-- \/ Yoast SEO plugin. -->","yoast_head_json":{"title":"Polityka plik\u00f3w cookies - Moving Edge","robots":{"index":"index","follow":"follow","max-snippet":"max-snippet:-1","max-image-preview":"max-image-preview:large","max-video-preview":"max-video-preview:-1"},"canonical":"https:\/\/www.movingedge.com\/pl\/polityka-plikow-cookies\/","og_locale":"pl_PL","og_type":"article","og_title":"Polityka plik\u00f3w cookies - Moving Edge","og_description":"Nasza witryna wykorzystuje pliki cookies, co pozwala odr\u00f3\u017cni\u0107 konkretnego u\u017cytkownika od innych odwiedzaj\u0105cych stron\u0119. Dzi\u0119ki temu mo\u017cna \u0142atwiej I sprawniej przegl\u0105da\u0107 stron\u0119 internetow\u0105, a my mo\u017cemy j\u0105 ulepsza\u0107. W lewym dolnym rogu ka\u017cdej odwiedzanej strony naszej witryny wy\u015bwietlane jest powiadomienie. Dzieje si\u0119 to do momentu, kiedy u\u017cytkownik zezwoli lub zablokuje stosowanie plik\u00f3w cookie na swoim [&hellip;]","og_url":"https:\/\/www.movingedge.com\/pl\/polityka-plikow-cookies\/","og_site_name":"Moving Edge","article_modified_time":"2021-12-02T10:55:36+00:00","og_image":[{"width":1920,"height":450,"url":"https:\/\/www.movingedge.com\/pl\/wp-content\/uploads\/sites\/8\/About-Background.png","type":"image\/png"}],"twitter_card":"summary_large_image","twitter_misc":{"Szacowany czas czytania":"2 minuty"},"schema":{"@context":"https:\/\/schema.org","@graph":[{"@type":"WebPage","@id":"https:\/\/www.movingedge.com\/pl\/polityka-plikow-cookies\/","url":"https:\/\/www.movingedge.com\/pl\/polityka-plikow-cookies\/","name":"Polityka plik\u00f3w cookies - Moving Edge","isPartOf":{"@id":"https:\/\/www.movingedge.com\/pl\/#website"},"primaryImageOfPage":{"@id":"https:\/\/www.movingedge.com\/pl\/polityka-plikow-cookies\/#primaryimage"},"image":{"@id":"https:\/\/www.movingedge.com\/pl\/polityka-plikow-cookies\/#primaryimage"},"thumbnailUrl":"https:\/\/www.movingedge.com\/pl\/wp-content\/uploads\/sites\/8\/About-Background.png","datePublished":"2018-07-31T13:52:27+00:00","dateModified":"2021-12-02T10:55:36+00:00","breadcrumb":{"@id":"https:\/\/www.movingedge.com\/pl\/polityka-plikow-cookies\/#breadcrumb"},"inLanguage":"pl-PL","potentialAction":[{"@type":"ReadAction","target":["https:\/\/www.movingedge.com\/pl\/polityka-plikow-cookies\/"]}]},{"@type":"ImageObject","inLanguage":"pl-PL","@id":"https:\/\/www.movingedge.com\/pl\/polityka-plikow-cookies\/#primaryimage","url":"https:\/\/www.movingedge.com\/pl\/wp-content\/uploads\/sites\/8\/About-Background.png","contentUrl":"https:\/\/www.movingedge.com\/pl\/wp-content\/uploads\/sites\/8\/About-Background.png","width":1920,"height":450,"caption":"About Moving Edge"},{"@type":"BreadcrumbList","@id":"https:\/\/www.movingedge.com\/pl\/polityka-plikow-cookies\/#breadcrumb","itemListElement":[{"@type":"ListItem","position":1,"name":"Home","item":"https:\/\/www.movingedge.com\/pl\/"},{"@type":"ListItem","position":2,"name":"Polityka plik\u00f3w cookies"}]},{"@type":"WebSite","@id":"https:\/\/www.movingedge.com\/pl\/#website","url":"https:\/\/www.movingedge.com\/pl\/","name":"Moving Edge","description":"Cutting Edge Safety","potentialAction":[{"@type":"SearchAction","target":{"@type":"EntryPoint","urlTemplate":"https:\/\/www.movingedge.com\/pl\/?s={search_term_string}"},"query-input":{"@type":"PropertyValueSpecification","valueRequired":true,"valueName":"search_term_string"}}],"inLanguage":"pl-PL"}]}},"_links":{"self":[{"href":"https:\/\/www.movingedge.com\/pl\/wp-json\/wp\/v2\/pages\/203","targetHints":{"allow":["GET"]}}],"collection":[{"href":"https:\/\/www.movingedge.com\/pl\/wp-json\/wp\/v2\/pages"}],"about":[{"href":"https:\/\/www.movingedge.com\/pl\/wp-json\/wp\/v2\/types\/page"}],"author":[{"embeddable":true,"href":"https:\/\/www.movingedge.com\/pl\/wp-json\/wp\/v2\/users\/1"}],"replies":[{"embeddable":true,"href":"https:\/\/www.movingedge.com\/pl\/wp-json\/wp\/v2\/comments?post=203"}],"version-history":[{"count":2,"href":"https:\/\/www.movingedge.com\/pl\/wp-json\/wp\/v2\/pages\/203\/revisions"}],"predecessor-version":[{"id":1149,"href":"https:\/\/www.movingedge.com\/pl\/wp-json\/wp\/v2\/pages\/203\/revisions\/1149"}],"wp:featuredmedia":[{"embeddable":true,"href":"https:\/\/www.movingedge.com\/pl\/wp-json\/wp\/v2\/media\/835"}],"wp:attachment":[{"href":"https:\/\/www.movingedge.com\/pl\/wp-json\/wp\/v2\/media?parent=203"}],"curies":[{"name":"wp","href":"https:\/\/api.w.org\/{rel}","templated":true}]}}