{"id":1131,"date":"2020-02-19T08:39:14","date_gmt":"2020-02-19T08:39:14","guid":{"rendered":"https:\/\/www.movingedge.com\/pl\/?page_id=1131"},"modified":"2020-02-19T08:56:11","modified_gmt":"2020-02-19T08:56:11","slug":"drukuj","status":"publish","type":"page","link":"https:\/\/www.movingedge.com\/pl\/drukuj\/","title":{"rendered":"Drukuj"},"content":{"rendered":"<p>Drukuj<br \/>\nInformacje zgodnie z \u00a7 5 TMG:<br \/>\nCOBA europe GmbH<br \/>\nFuggerstrasse 1c<br \/>\nD-41352 Korschenbroich<br \/>\nTelefon: +49 2161 &#8211; 2945-0<br \/>\nFax: +49 2161 &#8211; 2945-400<br \/>\nE-mail: verkauf@cobaeurope.de<br \/>\nIdentyfikator VAT. : DE 814 157 274<br \/>\nRejestr handlowy: Rejestr handlowy S\u0105du Rejonowego w Neuss, HRB 14497<br \/>\nUpowa\u017cniony przedstawiciel dyrektora zarz\u0105dzaj\u0105cego i odpowiedzialny za tre\u015b\u0107 niniejszej oferty:<br \/>\nMark Cooke<br \/>\nKapita\u0142 zak\u0142adowy GmbH: 25.000,00 \u20ac<\/p>\n","protected":false},"excerpt":{"rendered":"<p>Drukuj Informacje zgodnie z \u00a7 5 TMG: COBA europe GmbH Fuggerstrasse 1c D-41352 Korschenbroich Telefon: +49 2161 &#8211; 2945-0 Fax: +49 2161 &#8211; 2945-400 E-mail: verkauf@cobaeurope.de Identyfikator VAT. : DE 814 157 274 Rejestr handlowy: Rejestr handlowy S\u0105du Rejonowego w Neuss, HRB 14497 Upowa\u017cniony przedstawiciel dyrektora zarz\u0105dzaj\u0105cego i odpowiedzialny za tre\u015b\u0107 niniejszej oferty: Mark Cooke [&hellip;]<\/p>\n","protected":false},"author":4,"featured_media":0,"parent":0,"menu_order":0,"comment_status":"closed","ping_status":"closed","template":"","meta":{"footnotes":""},"class_list":["post-1131","page","type-page","status-publish","hentry"],"yoast_head":"<!-- This site is optimized with the Yoast SEO plugin v26.0 - https:\/\/yoast.com\/wordpress\/plugins\/seo\/ -->\n<title>Drukuj - Moving Edge<\/title>\n<meta name=\"robots\" content=\"index, follow, max-snippet:-1, max-image-preview:large, max-video-preview:-1\" \/>\n<link rel=\"canonical\" href=\"https:\/\/www.movingedge.com\/pl\/drukuj\/\" \/>\n<meta property=\"og:locale\" content=\"pl_PL\" \/>\n<meta property=\"og:type\" content=\"article\" \/>\n<meta property=\"og:title\" content=\"Drukuj - Moving Edge\" \/>\n<meta property=\"og:description\" content=\"Drukuj Informacje zgodnie z \u00a7 5 TMG: COBA europe GmbH Fuggerstrasse 1c D-41352 Korschenbroich Telefon: +49 2161 &#8211; 2945-0 Fax: +49 2161 &#8211; 2945-400 E-mail: verkauf@cobaeurope.de Identyfikator VAT. : DE 814 157 274 Rejestr handlowy: Rejestr handlowy S\u0105du Rejonowego w Neuss, HRB 14497 Upowa\u017cniony przedstawiciel dyrektora zarz\u0105dzaj\u0105cego i odpowiedzialny za tre\u015b\u0107 niniejszej oferty: Mark Cooke [&hellip;]\" \/>\n<meta property=\"og:url\" content=\"https:\/\/www.movingedge.com\/pl\/drukuj\/\" \/>\n<meta property=\"og:site_name\" content=\"Moving Edge\" \/>\n<meta property=\"article:modified_time\" content=\"2020-02-19T08:56:11+00:00\" \/>\n<meta name=\"twitter:card\" content=\"summary_large_image\" \/>\n<script type=\"application\/ld+json\" class=\"yoast-schema-graph\">{\"@context\":\"https:\/\/schema.org\",\"@graph\":[{\"@type\":\"WebPage\",\"@id\":\"https:\/\/www.movingedge.com\/pl\/drukuj\/\",\"url\":\"https:\/\/www.movingedge.com\/pl\/drukuj\/\",\"name\":\"Drukuj - Moving Edge\",\"isPartOf\":{\"@id\":\"https:\/\/www.movingedge.com\/pl\/#website\"},\"datePublished\":\"2020-02-19T08:39:14+00:00\",\"dateModified\":\"2020-02-19T08:56:11+00:00\",\"breadcrumb\":{\"@id\":\"https:\/\/www.movingedge.com\/pl\/drukuj\/#breadcrumb\"},\"inLanguage\":\"pl-PL\",\"potentialAction\":[{\"@type\":\"ReadAction\",\"target\":[\"https:\/\/www.movingedge.com\/pl\/drukuj\/\"]}]},{\"@type\":\"BreadcrumbList\",\"@id\":\"https:\/\/www.movingedge.com\/pl\/drukuj\/#breadcrumb\",\"itemListElement\":[{\"@type\":\"ListItem\",\"position\":1,\"name\":\"Home\",\"item\":\"https:\/\/www.movingedge.com\/pl\/\"},{\"@type\":\"ListItem\",\"position\":2,\"name\":\"Drukuj\"}]},{\"@type\":\"WebSite\",\"@id\":\"https:\/\/www.movingedge.com\/pl\/#website\",\"url\":\"https:\/\/www.movingedge.com\/pl\/\",\"name\":\"Moving Edge\",\"description\":\"Cutting Edge Safety\",\"potentialAction\":[{\"@type\":\"SearchAction\",\"target\":{\"@type\":\"EntryPoint\",\"urlTemplate\":\"https:\/\/www.movingedge.com\/pl\/?s={search_term_string}\"},\"query-input\":{\"@type\":\"PropertyValueSpecification\",\"valueRequired\":true,\"valueName\":\"search_term_string\"}}],\"inLanguage\":\"pl-PL\"}]}<\/script>\n<!-- \/ Yoast SEO plugin. -->","yoast_head_json":{"title":"Drukuj - Moving Edge","robots":{"index":"index","follow":"follow","max-snippet":"max-snippet:-1","max-image-preview":"max-image-preview:large","max-video-preview":"max-video-preview:-1"},"canonical":"https:\/\/www.movingedge.com\/pl\/drukuj\/","og_locale":"pl_PL","og_type":"article","og_title":"Drukuj - Moving Edge","og_description":"Drukuj Informacje zgodnie z \u00a7 5 TMG: COBA europe GmbH Fuggerstrasse 1c D-41352 Korschenbroich Telefon: +49 2161 &#8211; 2945-0 Fax: +49 2161 &#8211; 2945-400 E-mail: verkauf@cobaeurope.de Identyfikator VAT. : DE 814 157 274 Rejestr handlowy: Rejestr handlowy S\u0105du Rejonowego w Neuss, HRB 14497 Upowa\u017cniony przedstawiciel dyrektora zarz\u0105dzaj\u0105cego i odpowiedzialny za tre\u015b\u0107 niniejszej oferty: Mark Cooke [&hellip;]","og_url":"https:\/\/www.movingedge.com\/pl\/drukuj\/","og_site_name":"Moving Edge","article_modified_time":"2020-02-19T08:56:11+00:00","twitter_card":"summary_large_image","schema":{"@context":"https:\/\/schema.org","@graph":[{"@type":"WebPage","@id":"https:\/\/www.movingedge.com\/pl\/drukuj\/","url":"https:\/\/www.movingedge.com\/pl\/drukuj\/","name":"Drukuj - Moving Edge","isPartOf":{"@id":"https:\/\/www.movingedge.com\/pl\/#website"},"datePublished":"2020-02-19T08:39:14+00:00","dateModified":"2020-02-19T08:56:11+00:00","breadcrumb":{"@id":"https:\/\/www.movingedge.com\/pl\/drukuj\/#breadcrumb"},"inLanguage":"pl-PL","potentialAction":[{"@type":"ReadAction","target":["https:\/\/www.movingedge.com\/pl\/drukuj\/"]}]},{"@type":"BreadcrumbList","@id":"https:\/\/www.movingedge.com\/pl\/drukuj\/#breadcrumb","itemListElement":[{"@type":"ListItem","position":1,"name":"Home","item":"https:\/\/www.movingedge.com\/pl\/"},{"@type":"ListItem","position":2,"name":"Drukuj"}]},{"@type":"WebSite","@id":"https:\/\/www.movingedge.com\/pl\/#website","url":"https:\/\/www.movingedge.com\/pl\/","name":"Moving Edge","description":"Cutting Edge Safety","potentialAction":[{"@type":"SearchAction","target":{"@type":"EntryPoint","urlTemplate":"https:\/\/www.movingedge.com\/pl\/?s={search_term_string}"},"query-input":{"@type":"PropertyValueSpecification","valueRequired":true,"valueName":"search_term_string"}}],"inLanguage":"pl-PL"}]}},"_links":{"self":[{"href":"https:\/\/www.movingedge.com\/pl\/wp-json\/wp\/v2\/pages\/1131","targetHints":{"allow":["GET"]}}],"collection":[{"href":"https:\/\/www.movingedge.com\/pl\/wp-json\/wp\/v2\/pages"}],"about":[{"href":"https:\/\/www.movingedge.com\/pl\/wp-json\/wp\/v2\/types\/page"}],"author":[{"embeddable":true,"href":"https:\/\/www.movingedge.com\/pl\/wp-json\/wp\/v2\/users\/4"}],"replies":[{"embeddable":true,"href":"https:\/\/www.movingedge.com\/pl\/wp-json\/wp\/v2\/comments?post=1131"}],"version-history":[{"count":3,"href":"https:\/\/www.movingedge.com\/pl\/wp-json\/wp\/v2\/pages\/1131\/revisions"}],"predecessor-version":[{"id":1135,"href":"https:\/\/www.movingedge.com\/pl\/wp-json\/wp\/v2\/pages\/1131\/revisions\/1135"}],"wp:attachment":[{"href":"https:\/\/www.movingedge.com\/pl\/wp-json\/wp\/v2\/media?parent=1131"}],"curies":[{"name":"wp","href":"https:\/\/api.w.org\/{rel}","templated":true}]}}