{"id":203,"date":"2018-07-31T14:52:27","date_gmt":"2018-07-31T13:52:27","guid":{"rendered":"https:\/\/www.movingedge.com\/it\/?page_id=203"},"modified":"2021-12-02T10:55:14","modified_gmt":"2021-12-02T10:55:14","slug":"cookie","status":"publish","type":"page","link":"https:\/\/www.movingedge.com\/it\/cookie\/","title":{"rendered":"Cookie"},"content":{"rendered":"<p>Il nostro sito Web utilizza cookie per distinguere i vari utenti. Ci\u00f2 ci aiuta a fornire una migliore esperienza utente durante la navigazione e ci consente anche di migliorare il nostro sito Web. Nell&#8217;angolo in basso a sinistra di ogni pagina visitata apparir\u00e0 un messaggio di richiesta che scomparir\u00e0 una volta selezionato se consentire o bloccare l&#8217;uso di cookie sul proprio dispositivo. Tenere in considerazione che il blocco dei cookie potrebbe incidere sulla funzionalit\u00e0 del sito.<\/p>\n<h3>Cos&#8217;\u00e8 un cookie?<\/h3>\n<p>Un cookie \u00e8 un piccolo file di lettere e numeri che memorizziamo sul browser dell&#8217;utente dietro suo consenso. I cookie contengono informazioni che vengono trasferite sul disco rigido del computer dell&#8217;utente. Per maggiori informazioni sulla configurazione dei cookie, consultare la guida del proprio browser. Di seguito sono riportate informazioni sui browser pi\u00f9 comuni:<\/p>\n<ul>\n<li><strong>Mozilla Firefox<\/strong>: <a href=\"https:\/\/support.mozilla.org\/it\/kb\/Gestione%20dei%20cookie\">https:\/\/support.mozilla.org\/it\/kb\/Gestione%20dei%20cookie<\/a><\/li>\n<li><strong>Google Chrome<\/strong>: <a href=\"https:\/\/support.google.com\/chrome\/answer\/95647?hl=it\">https:\/\/support.google.com\/chrome\/answer\/95647?hl=it<\/a><\/li>\n<li><strong>Explorer<\/strong>: <a href=\"http:\/\/windows.microsoft.com\/it-it\/windows7\/how-to-manage-cookies-in-internet-explorer-9\">http:\/\/windows.microsoft.com\/it-it\/windows7\/how-to-manage-cookies-in-internet-explorer-9<\/a><\/li>\n<li><strong>Opera<\/strong>: <a href=\"http:\/\/help.opera.com\/Linux\/10.60\/it-IT\/cookies.html\">http:\/\/help.opera.com\/Linux\/10.60\/it-IT\/cookies.html<\/a><\/li>\n<li><strong>Safari<\/strong>: <a href=\"http:\/\/support.apple.com\/kb\/ph17191?locale=it_IT\">http:\/\/support.apple.com\/kb\/ph17191?locale=it_IT<\/a><\/li>\n<\/ul>\n<p>Per trovare informazioni su altri browser, visitare il sito Web dello sviluppatore del browser.<\/p>\n<p>Per scegliere di disattivare il monitoraggio di Google Analytics su tutti i siti Web, visitare&nbsp;<a href=\"https:\/\/tools.google.com\/dlpage\/gaoptout?hl=it\">https:\/\/tools.google.com\/dlpage\/gaoptout?hl=it<\/a>.<\/p>\n<p>Cookie diversi svolgono funzioni diverse; per garantire agli utenti la massima trasparenza rispetto al loro utilizzo, li categorizziamo come segue:<\/p>\n<ul>\n<li><strong>Cookie strettamente necessari.<\/strong>&nbsp;Questi cookie sono necessari per il funzionamento del nostro sito Web. Includono, ad esempio, i cookie che consentono di effettuare l&#8217;accesso ad aree protette del nostro sito Web, come il profilo dell&#8217;account.<\/li>\n<li><strong>Cookie di prestazione.<\/strong>&nbsp;Questi cookie ci consentono di riconoscere e contare il numero di visitatori sul nostro sito Web e di vedere come si spostano sul sito Web stesso durante l&#8217;utilizzo. Ci\u00f2 ci aiuta a perfezionare il funzionamento del nostro sito Web, perch\u00e9 ci consente, ad esempio, di accertarci che gli utenti trovino facilmente quello che cercano.<\/li>\n<li><strong>Cookie funzionali.<\/strong>&nbsp;Si utilizzano per riconoscere un utente quando torna sul nostro sito Web, consentendoci cos\u00ec di personalizzare il contenuto su misura, di salutarlo per nome e di ricordare le sue preferenze.<\/li>\n<\/ul>\n<table class=\"is-table\">\n<tbody>\n<tr>\n<td width=\"160\"><strong>Nome cookie<\/strong><\/td>\n<td width=\"95\"><strong>Editore<\/strong><\/td>\n<td width=\"104\"><strong>Categoria<\/strong><\/td>\n<td width=\"242\"><strong>Ulteriori informazioni<\/strong><\/td>\n<\/tr>\n<tr>\n<td width=\"160\"><strong>_ga, _gid, _gat, __utma, _utmb, __utmc, __utmz, _utmt<\/strong><\/td>\n<td width=\"95\">Google<\/td>\n<td width=\"104\">Analisi<\/td>\n<td width=\"242\">https:\/\/developers.google.com\/analytics\/devguides\/collection\/analyticsjs\/cookie-usage<\/td>\n<\/tr>\n<tr>\n<td width=\"160\"><strong>Controllo Cookie<\/strong><\/td>\n<td width=\"95\">COBA Europa<\/td>\n<td width=\"104\">Essenziale<\/td>\n<td width=\"242\">&nbsp;<\/td>\n<\/tr>\n<tr>\n<td width=\"160\"><strong>_GRECAPTCHA<\/strong><\/td>\n<td width=\"95\">Google<\/td>\n<td width=\"104\">Essenziale<\/td>\n<td width=\"242\">https:\/\/policies.google.com\/technologies\/cookies?hl=en-US<\/td>\n<\/tr>\n<\/tbody>\n<\/table>\n<p>Ci riserviamo il diritto di modificare saltuariamente la presente informativa sui cookie. \u00c8 responsabilit\u00e0 dell&#8217;utente verificare regolarmente di aver letto e accettato la versione pi\u00f9 recente dell&#8217;informativa sui cookie applicabile. La presente Informativa sui cookie \u00e8 stata aggiornata l&#8217;ultima volta in data 25 maggio 2018.<\/p>\n","protected":false},"excerpt":{"rendered":"<p>Il nostro sito Web utilizza cookie per distinguere i vari utenti. Ci\u00f2 ci aiuta a fornire una migliore esperienza utente durante la navigazione e ci consente anche di migliorare il nostro sito Web. Nell&#8217;angolo in basso a sinistra di ogni pagina visitata apparir\u00e0 un messaggio di richiesta che scomparir\u00e0 una volta selezionato se consentire o [&hellip;]<\/p>\n","protected":false},"author":1,"featured_media":835,"parent":0,"menu_order":0,"comment_status":"closed","ping_status":"closed","template":"","meta":{"footnotes":""},"class_list":["post-203","page","type-page","status-publish","has-post-thumbnail","hentry"],"yoast_head":"<!-- This site is optimized with the Yoast SEO plugin v26.0 - https:\/\/yoast.com\/wordpress\/plugins\/seo\/ -->\n<title>Cookie - Moving Edge<\/title>\n<meta name=\"robots\" content=\"index, follow, max-snippet:-1, max-image-preview:large, max-video-preview:-1\" \/>\n<link rel=\"canonical\" href=\"https:\/\/www.movingedge.com\/it\/cookie\/\" \/>\n<meta property=\"og:locale\" content=\"it_IT\" \/>\n<meta property=\"og:type\" content=\"article\" \/>\n<meta property=\"og:title\" content=\"Cookie - Moving Edge\" \/>\n<meta property=\"og:description\" content=\"Il nostro sito Web utilizza cookie per distinguere i vari utenti. Ci\u00f2 ci aiuta a fornire una migliore esperienza utente durante la navigazione e ci consente anche di migliorare il nostro sito Web. Nell&#8217;angolo in basso a sinistra di ogni pagina visitata apparir\u00e0 un messaggio di richiesta che scomparir\u00e0 una volta selezionato se consentire o [&hellip;]\" \/>\n<meta property=\"og:url\" content=\"https:\/\/www.movingedge.com\/it\/cookie\/\" \/>\n<meta property=\"og:site_name\" content=\"Moving Edge\" \/>\n<meta property=\"article:modified_time\" content=\"2021-12-02T10:55:14+00:00\" \/>\n<meta property=\"og:image\" content=\"https:\/\/www.movingedge.com\/it\/wp-content\/uploads\/sites\/9\/About-Background.png\" \/>\n\t<meta property=\"og:image:width\" content=\"1920\" \/>\n\t<meta property=\"og:image:height\" content=\"450\" \/>\n\t<meta property=\"og:image:type\" content=\"image\/png\" \/>\n<meta name=\"twitter:card\" content=\"summary_large_image\" \/>\n<meta name=\"twitter:label1\" content=\"Tempo di lettura stimato\" \/>\n\t<meta name=\"twitter:data1\" content=\"2 minuti\" \/>\n<script type=\"application\/ld+json\" class=\"yoast-schema-graph\">{\"@context\":\"https:\/\/schema.org\",\"@graph\":[{\"@type\":\"WebPage\",\"@id\":\"https:\/\/www.movingedge.com\/it\/cookie\/\",\"url\":\"https:\/\/www.movingedge.com\/it\/cookie\/\",\"name\":\"Cookie - Moving Edge\",\"isPartOf\":{\"@id\":\"https:\/\/www.movingedge.com\/it\/#website\"},\"primaryImageOfPage\":{\"@id\":\"https:\/\/www.movingedge.com\/it\/cookie\/#primaryimage\"},\"image\":{\"@id\":\"https:\/\/www.movingedge.com\/it\/cookie\/#primaryimage\"},\"thumbnailUrl\":\"https:\/\/www.movingedge.com\/it\/wp-content\/uploads\/sites\/9\/About-Background.png\",\"datePublished\":\"2018-07-31T13:52:27+00:00\",\"dateModified\":\"2021-12-02T10:55:14+00:00\",\"breadcrumb\":{\"@id\":\"https:\/\/www.movingedge.com\/it\/cookie\/#breadcrumb\"},\"inLanguage\":\"it-IT\",\"potentialAction\":[{\"@type\":\"ReadAction\",\"target\":[\"https:\/\/www.movingedge.com\/it\/cookie\/\"]}]},{\"@type\":\"ImageObject\",\"inLanguage\":\"it-IT\",\"@id\":\"https:\/\/www.movingedge.com\/it\/cookie\/#primaryimage\",\"url\":\"https:\/\/www.movingedge.com\/it\/wp-content\/uploads\/sites\/9\/About-Background.png\",\"contentUrl\":\"https:\/\/www.movingedge.com\/it\/wp-content\/uploads\/sites\/9\/About-Background.png\",\"width\":1920,\"height\":450,\"caption\":\"About Moving Edge\"},{\"@type\":\"BreadcrumbList\",\"@id\":\"https:\/\/www.movingedge.com\/it\/cookie\/#breadcrumb\",\"itemListElement\":[{\"@type\":\"ListItem\",\"position\":1,\"name\":\"Home\",\"item\":\"https:\/\/www.movingedge.com\/it\/\"},{\"@type\":\"ListItem\",\"position\":2,\"name\":\"Cookie\"}]},{\"@type\":\"WebSite\",\"@id\":\"https:\/\/www.movingedge.com\/it\/#website\",\"url\":\"https:\/\/www.movingedge.com\/it\/\",\"name\":\"Moving Edge\",\"description\":\"Cutting Edge Safety\",\"potentialAction\":[{\"@type\":\"SearchAction\",\"target\":{\"@type\":\"EntryPoint\",\"urlTemplate\":\"https:\/\/www.movingedge.com\/it\/?s={search_term_string}\"},\"query-input\":{\"@type\":\"PropertyValueSpecification\",\"valueRequired\":true,\"valueName\":\"search_term_string\"}}],\"inLanguage\":\"it-IT\"}]}<\/script>\n<!-- \/ Yoast SEO plugin. -->","yoast_head_json":{"title":"Cookie - Moving Edge","robots":{"index":"index","follow":"follow","max-snippet":"max-snippet:-1","max-image-preview":"max-image-preview:large","max-video-preview":"max-video-preview:-1"},"canonical":"https:\/\/www.movingedge.com\/it\/cookie\/","og_locale":"it_IT","og_type":"article","og_title":"Cookie - Moving Edge","og_description":"Il nostro sito Web utilizza cookie per distinguere i vari utenti. Ci\u00f2 ci aiuta a fornire una migliore esperienza utente durante la navigazione e ci consente anche di migliorare il nostro sito Web. Nell&#8217;angolo in basso a sinistra di ogni pagina visitata apparir\u00e0 un messaggio di richiesta che scomparir\u00e0 una volta selezionato se consentire o [&hellip;]","og_url":"https:\/\/www.movingedge.com\/it\/cookie\/","og_site_name":"Moving Edge","article_modified_time":"2021-12-02T10:55:14+00:00","og_image":[{"width":1920,"height":450,"url":"https:\/\/www.movingedge.com\/it\/wp-content\/uploads\/sites\/9\/About-Background.png","type":"image\/png"}],"twitter_card":"summary_large_image","twitter_misc":{"Tempo di lettura stimato":"2 minuti"},"schema":{"@context":"https:\/\/schema.org","@graph":[{"@type":"WebPage","@id":"https:\/\/www.movingedge.com\/it\/cookie\/","url":"https:\/\/www.movingedge.com\/it\/cookie\/","name":"Cookie - Moving Edge","isPartOf":{"@id":"https:\/\/www.movingedge.com\/it\/#website"},"primaryImageOfPage":{"@id":"https:\/\/www.movingedge.com\/it\/cookie\/#primaryimage"},"image":{"@id":"https:\/\/www.movingedge.com\/it\/cookie\/#primaryimage"},"thumbnailUrl":"https:\/\/www.movingedge.com\/it\/wp-content\/uploads\/sites\/9\/About-Background.png","datePublished":"2018-07-31T13:52:27+00:00","dateModified":"2021-12-02T10:55:14+00:00","breadcrumb":{"@id":"https:\/\/www.movingedge.com\/it\/cookie\/#breadcrumb"},"inLanguage":"it-IT","potentialAction":[{"@type":"ReadAction","target":["https:\/\/www.movingedge.com\/it\/cookie\/"]}]},{"@type":"ImageObject","inLanguage":"it-IT","@id":"https:\/\/www.movingedge.com\/it\/cookie\/#primaryimage","url":"https:\/\/www.movingedge.com\/it\/wp-content\/uploads\/sites\/9\/About-Background.png","contentUrl":"https:\/\/www.movingedge.com\/it\/wp-content\/uploads\/sites\/9\/About-Background.png","width":1920,"height":450,"caption":"About Moving Edge"},{"@type":"BreadcrumbList","@id":"https:\/\/www.movingedge.com\/it\/cookie\/#breadcrumb","itemListElement":[{"@type":"ListItem","position":1,"name":"Home","item":"https:\/\/www.movingedge.com\/it\/"},{"@type":"ListItem","position":2,"name":"Cookie"}]},{"@type":"WebSite","@id":"https:\/\/www.movingedge.com\/it\/#website","url":"https:\/\/www.movingedge.com\/it\/","name":"Moving Edge","description":"Cutting Edge Safety","potentialAction":[{"@type":"SearchAction","target":{"@type":"EntryPoint","urlTemplate":"https:\/\/www.movingedge.com\/it\/?s={search_term_string}"},"query-input":{"@type":"PropertyValueSpecification","valueRequired":true,"valueName":"search_term_string"}}],"inLanguage":"it-IT"}]}},"_links":{"self":[{"href":"https:\/\/www.movingedge.com\/it\/wp-json\/wp\/v2\/pages\/203","targetHints":{"allow":["GET"]}}],"collection":[{"href":"https:\/\/www.movingedge.com\/it\/wp-json\/wp\/v2\/pages"}],"about":[{"href":"https:\/\/www.movingedge.com\/it\/wp-json\/wp\/v2\/types\/page"}],"author":[{"embeddable":true,"href":"https:\/\/www.movingedge.com\/it\/wp-json\/wp\/v2\/users\/1"}],"replies":[{"embeddable":true,"href":"https:\/\/www.movingedge.com\/it\/wp-json\/wp\/v2\/comments?post=203"}],"version-history":[{"count":3,"href":"https:\/\/www.movingedge.com\/it\/wp-json\/wp\/v2\/pages\/203\/revisions"}],"predecessor-version":[{"id":1147,"href":"https:\/\/www.movingedge.com\/it\/wp-json\/wp\/v2\/pages\/203\/revisions\/1147"}],"wp:featuredmedia":[{"embeddable":true,"href":"https:\/\/www.movingedge.com\/it\/wp-json\/wp\/v2\/media\/835"}],"wp:attachment":[{"href":"https:\/\/www.movingedge.com\/it\/wp-json\/wp\/v2\/media?parent=203"}],"curies":[{"name":"wp","href":"https:\/\/api.w.org\/{rel}","templated":true}]}}