{"id":63,"date":"2018-07-26T09:29:03","date_gmt":"2018-07-26T08:29:03","guid":{"rendered":"https:\/\/www.movingedge.com\/fr\/?page_id=63"},"modified":"2020-02-19T08:42:59","modified_gmt":"2020-02-19T08:42:59","slug":"nous-contacter","status":"publish","type":"page","link":"https:\/\/www.movingedge.com\/fr\/nous-contacter\/","title":{"rendered":"Nous contacter"},"content":{"rendered":"\n<h3 class=\"wp-block-heading\">Laissez-nous vous aider \u00e0 r\u00e9soudre vos probl\u00e8mes de s\u00e9curit\u00e9 en lien avec les couteaux&nbsp;!<\/h3>\n\n\n\n<p><\/p>\n","protected":false},"excerpt":{"rendered":"<p>Laissez-nous vous aider \u00e0 r\u00e9soudre vos probl\u00e8mes de s\u00e9curit\u00e9 en lien avec les couteaux&nbsp;!<\/p>\n","protected":false},"author":1,"featured_media":882,"parent":0,"menu_order":0,"comment_status":"closed","ping_status":"closed","template":"contact.php","meta":{"footnotes":""},"class_list":["post-63","page","type-page","status-publish","has-post-thumbnail","hentry"],"yoast_head":"<!-- This site is optimized with the Yoast SEO plugin v26.0 - https:\/\/yoast.com\/wordpress\/plugins\/seo\/ -->\n<title>Nous contacter - Moving Edge<\/title>\n<meta name=\"robots\" content=\"index, follow, max-snippet:-1, max-image-preview:large, max-video-preview:-1\" \/>\n<link rel=\"canonical\" href=\"https:\/\/www.movingedge.com\/fr\/nous-contacter\/\" \/>\n<meta property=\"og:locale\" content=\"fr_FR\" \/>\n<meta property=\"og:type\" content=\"article\" \/>\n<meta property=\"og:title\" content=\"Nous contacter - Moving Edge\" \/>\n<meta property=\"og:description\" content=\"Laissez-nous vous aider \u00e0 r\u00e9soudre vos probl\u00e8mes de s\u00e9curit\u00e9 en lien avec les couteaux&nbsp;!\" \/>\n<meta property=\"og:url\" content=\"https:\/\/www.movingedge.com\/fr\/nous-contacter\/\" \/>\n<meta property=\"og:site_name\" content=\"Moving Edge\" \/>\n<meta property=\"article:modified_time\" content=\"2020-02-19T08:42:59+00:00\" \/>\n<meta property=\"og:image\" content=\"https:\/\/www.movingedge.com\/fr\/wp-content\/uploads\/sites\/6\/Contact-Background.png\" \/>\n\t<meta property=\"og:image:width\" content=\"1920\" \/>\n\t<meta property=\"og:image:height\" content=\"450\" \/>\n\t<meta property=\"og:image:type\" content=\"image\/png\" \/>\n<meta name=\"twitter:card\" content=\"summary_large_image\" \/>\n<script type=\"application\/ld+json\" class=\"yoast-schema-graph\">{\"@context\":\"https:\/\/schema.org\",\"@graph\":[{\"@type\":\"WebPage\",\"@id\":\"https:\/\/www.movingedge.com\/fr\/nous-contacter\/\",\"url\":\"https:\/\/www.movingedge.com\/fr\/nous-contacter\/\",\"name\":\"Nous contacter - Moving Edge\",\"isPartOf\":{\"@id\":\"https:\/\/www.movingedge.com\/fr\/#website\"},\"primaryImageOfPage\":{\"@id\":\"https:\/\/www.movingedge.com\/fr\/nous-contacter\/#primaryimage\"},\"image\":{\"@id\":\"https:\/\/www.movingedge.com\/fr\/nous-contacter\/#primaryimage\"},\"thumbnailUrl\":\"https:\/\/www.movingedge.com\/fr\/wp-content\/uploads\/sites\/6\/Contact-Background.png\",\"datePublished\":\"2018-07-26T08:29:03+00:00\",\"dateModified\":\"2020-02-19T08:42:59+00:00\",\"breadcrumb\":{\"@id\":\"https:\/\/www.movingedge.com\/fr\/nous-contacter\/#breadcrumb\"},\"inLanguage\":\"fr-FR\",\"potentialAction\":[{\"@type\":\"ReadAction\",\"target\":[\"https:\/\/www.movingedge.com\/fr\/nous-contacter\/\"]}]},{\"@type\":\"ImageObject\",\"inLanguage\":\"fr-FR\",\"@id\":\"https:\/\/www.movingedge.com\/fr\/nous-contacter\/#primaryimage\",\"url\":\"https:\/\/www.movingedge.com\/fr\/wp-content\/uploads\/sites\/6\/Contact-Background.png\",\"contentUrl\":\"https:\/\/www.movingedge.com\/fr\/wp-content\/uploads\/sites\/6\/Contact-Background.png\",\"width\":1920,\"height\":450,\"caption\":\"Contact Moving Edge\"},{\"@type\":\"BreadcrumbList\",\"@id\":\"https:\/\/www.movingedge.com\/fr\/nous-contacter\/#breadcrumb\",\"itemListElement\":[{\"@type\":\"ListItem\",\"position\":1,\"name\":\"Home\",\"item\":\"https:\/\/www.movingedge.com\/fr\/\"},{\"@type\":\"ListItem\",\"position\":2,\"name\":\"Nous contacter\"}]},{\"@type\":\"WebSite\",\"@id\":\"https:\/\/www.movingedge.com\/fr\/#website\",\"url\":\"https:\/\/www.movingedge.com\/fr\/\",\"name\":\"Moving Edge\",\"description\":\"Cutting Edge Safety\",\"potentialAction\":[{\"@type\":\"SearchAction\",\"target\":{\"@type\":\"EntryPoint\",\"urlTemplate\":\"https:\/\/www.movingedge.com\/fr\/?s={search_term_string}\"},\"query-input\":{\"@type\":\"PropertyValueSpecification\",\"valueRequired\":true,\"valueName\":\"search_term_string\"}}],\"inLanguage\":\"fr-FR\"}]}<\/script>\n<!-- \/ Yoast SEO plugin. -->","yoast_head_json":{"title":"Nous contacter - Moving Edge","robots":{"index":"index","follow":"follow","max-snippet":"max-snippet:-1","max-image-preview":"max-image-preview:large","max-video-preview":"max-video-preview:-1"},"canonical":"https:\/\/www.movingedge.com\/fr\/nous-contacter\/","og_locale":"fr_FR","og_type":"article","og_title":"Nous contacter - Moving Edge","og_description":"Laissez-nous vous aider \u00e0 r\u00e9soudre vos probl\u00e8mes de s\u00e9curit\u00e9 en lien avec les couteaux&nbsp;!","og_url":"https:\/\/www.movingedge.com\/fr\/nous-contacter\/","og_site_name":"Moving Edge","article_modified_time":"2020-02-19T08:42:59+00:00","og_image":[{"width":1920,"height":450,"url":"https:\/\/www.movingedge.com\/fr\/wp-content\/uploads\/sites\/6\/Contact-Background.png","type":"image\/png"}],"twitter_card":"summary_large_image","schema":{"@context":"https:\/\/schema.org","@graph":[{"@type":"WebPage","@id":"https:\/\/www.movingedge.com\/fr\/nous-contacter\/","url":"https:\/\/www.movingedge.com\/fr\/nous-contacter\/","name":"Nous contacter - Moving Edge","isPartOf":{"@id":"https:\/\/www.movingedge.com\/fr\/#website"},"primaryImageOfPage":{"@id":"https:\/\/www.movingedge.com\/fr\/nous-contacter\/#primaryimage"},"image":{"@id":"https:\/\/www.movingedge.com\/fr\/nous-contacter\/#primaryimage"},"thumbnailUrl":"https:\/\/www.movingedge.com\/fr\/wp-content\/uploads\/sites\/6\/Contact-Background.png","datePublished":"2018-07-26T08:29:03+00:00","dateModified":"2020-02-19T08:42:59+00:00","breadcrumb":{"@id":"https:\/\/www.movingedge.com\/fr\/nous-contacter\/#breadcrumb"},"inLanguage":"fr-FR","potentialAction":[{"@type":"ReadAction","target":["https:\/\/www.movingedge.com\/fr\/nous-contacter\/"]}]},{"@type":"ImageObject","inLanguage":"fr-FR","@id":"https:\/\/www.movingedge.com\/fr\/nous-contacter\/#primaryimage","url":"https:\/\/www.movingedge.com\/fr\/wp-content\/uploads\/sites\/6\/Contact-Background.png","contentUrl":"https:\/\/www.movingedge.com\/fr\/wp-content\/uploads\/sites\/6\/Contact-Background.png","width":1920,"height":450,"caption":"Contact Moving Edge"},{"@type":"BreadcrumbList","@id":"https:\/\/www.movingedge.com\/fr\/nous-contacter\/#breadcrumb","itemListElement":[{"@type":"ListItem","position":1,"name":"Home","item":"https:\/\/www.movingedge.com\/fr\/"},{"@type":"ListItem","position":2,"name":"Nous contacter"}]},{"@type":"WebSite","@id":"https:\/\/www.movingedge.com\/fr\/#website","url":"https:\/\/www.movingedge.com\/fr\/","name":"Moving Edge","description":"Cutting Edge Safety","potentialAction":[{"@type":"SearchAction","target":{"@type":"EntryPoint","urlTemplate":"https:\/\/www.movingedge.com\/fr\/?s={search_term_string}"},"query-input":{"@type":"PropertyValueSpecification","valueRequired":true,"valueName":"search_term_string"}}],"inLanguage":"fr-FR"}]}},"_links":{"self":[{"href":"https:\/\/www.movingedge.com\/fr\/wp-json\/wp\/v2\/pages\/63","targetHints":{"allow":["GET"]}}],"collection":[{"href":"https:\/\/www.movingedge.com\/fr\/wp-json\/wp\/v2\/pages"}],"about":[{"href":"https:\/\/www.movingedge.com\/fr\/wp-json\/wp\/v2\/types\/page"}],"author":[{"embeddable":true,"href":"https:\/\/www.movingedge.com\/fr\/wp-json\/wp\/v2\/users\/1"}],"replies":[{"embeddable":true,"href":"https:\/\/www.movingedge.com\/fr\/wp-json\/wp\/v2\/comments?post=63"}],"version-history":[{"count":3,"href":"https:\/\/www.movingedge.com\/fr\/wp-json\/wp\/v2\/pages\/63\/revisions"}],"predecessor-version":[{"id":1231,"href":"https:\/\/www.movingedge.com\/fr\/wp-json\/wp\/v2\/pages\/63\/revisions\/1231"}],"wp:featuredmedia":[{"embeddable":true,"href":"https:\/\/www.movingedge.com\/fr\/wp-json\/wp\/v2\/media\/882"}],"wp:attachment":[{"href":"https:\/\/www.movingedge.com\/fr\/wp-json\/wp\/v2\/media?parent=63"}],"curies":[{"name":"wp","href":"https:\/\/api.w.org\/{rel}","templated":true}]}}