{"id":449,"date":"2018-08-09T11:31:49","date_gmt":"2018-08-09T10:31:49","guid":{"rendered":"https:\/\/www.movingedge.com\/fr\/?page_id=449"},"modified":"2019-01-02T14:54:28","modified_gmt":"2019-01-02T14:54:28","slug":"faq","status":"publish","type":"page","link":"https:\/\/www.movingedge.com\/fr\/ressources\/faq\/","title":{"rendered":"FAQ"},"content":{"rendered":"\n<p>Vous avez une question ? Utilisez le formulaire de recherche ci-dessous.<br><\/p>\n\n\n\n<p>Notre Foire aux questions vise \u00e0 vous aider \u00e0 tirer le maximum de votre couteau de s\u00e9curit\u00e9 Moving Edge. Si vous avez une question \u00e0 laquelle ne r\u00e9pond pas la FAQ, <a href=\"https:\/\/www.movingedge.com\/fr\/nous-contacter\/\">contactez-nous<\/a>. Consultez \u00e9galement la <a href=\"https:\/\/www.movingedge.com\/fr\/ressources\/knowledge-base\/\">Base de connaissances<\/a>, o\u00f9 vous trouverez des ressources utiles telles que notre <a href=\"https:\/\/www.movingedge.com\/fr\/ressources\/knowledge-base\/knife-risk-assessment\/\">\u00e9valuation des risques dus aux couteaux<\/a> et notre <a href=\"https:\/\/www.movingedge.com\/fr\/ressources\/knowledge-base\/expense-and-waste-calculator\/\">calculateur pour couteaux<\/a> jetables.<\/p>\n","protected":false},"excerpt":{"rendered":"<p>Vous avez une question ? Utilisez le formulaire de recherche ci-dessous. Notre Foire aux questions vise \u00e0 vous aider \u00e0 tirer le maximum de votre couteau de s\u00e9curit\u00e9 Moving Edge. Si vous avez une question \u00e0 laquelle ne r\u00e9pond pas la FAQ, contactez-nous. Consultez \u00e9galement la Base de connaissances, o\u00f9 vous trouverez des ressources utiles [&hellip;]<\/p>\n","protected":false},"author":1,"featured_media":882,"parent":441,"menu_order":0,"comment_status":"closed","ping_status":"closed","template":"faq.php","meta":{"footnotes":""},"class_list":["post-449","page","type-page","status-publish","has-post-thumbnail","hentry"],"yoast_head":"<!-- This site is optimized with the Yoast SEO plugin v26.0 - https:\/\/yoast.com\/wordpress\/plugins\/seo\/ -->\n<title>FAQ - Moving Edge<\/title>\n<meta name=\"robots\" content=\"index, follow, max-snippet:-1, max-image-preview:large, max-video-preview:-1\" \/>\n<link rel=\"canonical\" href=\"https:\/\/www.movingedge.com\/fr\/ressources\/faq\/\" \/>\n<meta property=\"og:locale\" content=\"fr_FR\" \/>\n<meta property=\"og:type\" content=\"article\" \/>\n<meta property=\"og:title\" content=\"FAQ - Moving Edge\" \/>\n<meta property=\"og:description\" content=\"Vous avez une question ? Utilisez le formulaire de recherche ci-dessous. Notre Foire aux questions vise \u00e0 vous aider \u00e0 tirer le maximum de votre couteau de s\u00e9curit\u00e9 Moving Edge. Si vous avez une question \u00e0 laquelle ne r\u00e9pond pas la FAQ, contactez-nous. Consultez \u00e9galement la Base de connaissances, o\u00f9 vous trouverez des ressources utiles [&hellip;]\" \/>\n<meta property=\"og:url\" content=\"https:\/\/www.movingedge.com\/fr\/ressources\/faq\/\" \/>\n<meta property=\"og:site_name\" content=\"Moving Edge\" \/>\n<meta property=\"article:modified_time\" content=\"2019-01-02T14:54:28+00:00\" \/>\n<meta property=\"og:image\" content=\"https:\/\/www.movingedge.com\/fr\/wp-content\/uploads\/sites\/6\/Contact-Background.png\" \/>\n\t<meta property=\"og:image:width\" content=\"1920\" \/>\n\t<meta property=\"og:image:height\" content=\"450\" \/>\n\t<meta property=\"og:image:type\" content=\"image\/png\" \/>\n<meta name=\"twitter:card\" content=\"summary_large_image\" \/>\n<script type=\"application\/ld+json\" class=\"yoast-schema-graph\">{\"@context\":\"https:\/\/schema.org\",\"@graph\":[{\"@type\":\"WebPage\",\"@id\":\"https:\/\/www.movingedge.com\/fr\/ressources\/faq\/\",\"url\":\"https:\/\/www.movingedge.com\/fr\/ressources\/faq\/\",\"name\":\"FAQ - Moving Edge\",\"isPartOf\":{\"@id\":\"https:\/\/www.movingedge.com\/fr\/#website\"},\"primaryImageOfPage\":{\"@id\":\"https:\/\/www.movingedge.com\/fr\/ressources\/faq\/#primaryimage\"},\"image\":{\"@id\":\"https:\/\/www.movingedge.com\/fr\/ressources\/faq\/#primaryimage\"},\"thumbnailUrl\":\"https:\/\/www.movingedge.com\/fr\/wp-content\/uploads\/sites\/6\/Contact-Background.png\",\"datePublished\":\"2018-08-09T10:31:49+00:00\",\"dateModified\":\"2019-01-02T14:54:28+00:00\",\"breadcrumb\":{\"@id\":\"https:\/\/www.movingedge.com\/fr\/ressources\/faq\/#breadcrumb\"},\"inLanguage\":\"fr-FR\",\"potentialAction\":[{\"@type\":\"ReadAction\",\"target\":[\"https:\/\/www.movingedge.com\/fr\/ressources\/faq\/\"]}]},{\"@type\":\"ImageObject\",\"inLanguage\":\"fr-FR\",\"@id\":\"https:\/\/www.movingedge.com\/fr\/ressources\/faq\/#primaryimage\",\"url\":\"https:\/\/www.movingedge.com\/fr\/wp-content\/uploads\/sites\/6\/Contact-Background.png\",\"contentUrl\":\"https:\/\/www.movingedge.com\/fr\/wp-content\/uploads\/sites\/6\/Contact-Background.png\",\"width\":1920,\"height\":450,\"caption\":\"Contact Moving Edge\"},{\"@type\":\"BreadcrumbList\",\"@id\":\"https:\/\/www.movingedge.com\/fr\/ressources\/faq\/#breadcrumb\",\"itemListElement\":[{\"@type\":\"ListItem\",\"position\":1,\"name\":\"Home\",\"item\":\"https:\/\/www.movingedge.com\/fr\/\"},{\"@type\":\"ListItem\",\"position\":2,\"name\":\"Ressources\",\"item\":\"https:\/\/www.movingedge.com\/fr\/ressources\/\"},{\"@type\":\"ListItem\",\"position\":3,\"name\":\"FAQ\"}]},{\"@type\":\"WebSite\",\"@id\":\"https:\/\/www.movingedge.com\/fr\/#website\",\"url\":\"https:\/\/www.movingedge.com\/fr\/\",\"name\":\"Moving Edge\",\"description\":\"Cutting Edge Safety\",\"potentialAction\":[{\"@type\":\"SearchAction\",\"target\":{\"@type\":\"EntryPoint\",\"urlTemplate\":\"https:\/\/www.movingedge.com\/fr\/?s={search_term_string}\"},\"query-input\":{\"@type\":\"PropertyValueSpecification\",\"valueRequired\":true,\"valueName\":\"search_term_string\"}}],\"inLanguage\":\"fr-FR\"}]}<\/script>\n<!-- \/ Yoast SEO plugin. -->","yoast_head_json":{"title":"FAQ - Moving Edge","robots":{"index":"index","follow":"follow","max-snippet":"max-snippet:-1","max-image-preview":"max-image-preview:large","max-video-preview":"max-video-preview:-1"},"canonical":"https:\/\/www.movingedge.com\/fr\/ressources\/faq\/","og_locale":"fr_FR","og_type":"article","og_title":"FAQ - Moving Edge","og_description":"Vous avez une question ? Utilisez le formulaire de recherche ci-dessous. Notre Foire aux questions vise \u00e0 vous aider \u00e0 tirer le maximum de votre couteau de s\u00e9curit\u00e9 Moving Edge. Si vous avez une question \u00e0 laquelle ne r\u00e9pond pas la FAQ, contactez-nous. Consultez \u00e9galement la Base de connaissances, o\u00f9 vous trouverez des ressources utiles [&hellip;]","og_url":"https:\/\/www.movingedge.com\/fr\/ressources\/faq\/","og_site_name":"Moving Edge","article_modified_time":"2019-01-02T14:54:28+00:00","og_image":[{"width":1920,"height":450,"url":"https:\/\/www.movingedge.com\/fr\/wp-content\/uploads\/sites\/6\/Contact-Background.png","type":"image\/png"}],"twitter_card":"summary_large_image","schema":{"@context":"https:\/\/schema.org","@graph":[{"@type":"WebPage","@id":"https:\/\/www.movingedge.com\/fr\/ressources\/faq\/","url":"https:\/\/www.movingedge.com\/fr\/ressources\/faq\/","name":"FAQ - Moving Edge","isPartOf":{"@id":"https:\/\/www.movingedge.com\/fr\/#website"},"primaryImageOfPage":{"@id":"https:\/\/www.movingedge.com\/fr\/ressources\/faq\/#primaryimage"},"image":{"@id":"https:\/\/www.movingedge.com\/fr\/ressources\/faq\/#primaryimage"},"thumbnailUrl":"https:\/\/www.movingedge.com\/fr\/wp-content\/uploads\/sites\/6\/Contact-Background.png","datePublished":"2018-08-09T10:31:49+00:00","dateModified":"2019-01-02T14:54:28+00:00","breadcrumb":{"@id":"https:\/\/www.movingedge.com\/fr\/ressources\/faq\/#breadcrumb"},"inLanguage":"fr-FR","potentialAction":[{"@type":"ReadAction","target":["https:\/\/www.movingedge.com\/fr\/ressources\/faq\/"]}]},{"@type":"ImageObject","inLanguage":"fr-FR","@id":"https:\/\/www.movingedge.com\/fr\/ressources\/faq\/#primaryimage","url":"https:\/\/www.movingedge.com\/fr\/wp-content\/uploads\/sites\/6\/Contact-Background.png","contentUrl":"https:\/\/www.movingedge.com\/fr\/wp-content\/uploads\/sites\/6\/Contact-Background.png","width":1920,"height":450,"caption":"Contact Moving Edge"},{"@type":"BreadcrumbList","@id":"https:\/\/www.movingedge.com\/fr\/ressources\/faq\/#breadcrumb","itemListElement":[{"@type":"ListItem","position":1,"name":"Home","item":"https:\/\/www.movingedge.com\/fr\/"},{"@type":"ListItem","position":2,"name":"Ressources","item":"https:\/\/www.movingedge.com\/fr\/ressources\/"},{"@type":"ListItem","position":3,"name":"FAQ"}]},{"@type":"WebSite","@id":"https:\/\/www.movingedge.com\/fr\/#website","url":"https:\/\/www.movingedge.com\/fr\/","name":"Moving Edge","description":"Cutting Edge Safety","potentialAction":[{"@type":"SearchAction","target":{"@type":"EntryPoint","urlTemplate":"https:\/\/www.movingedge.com\/fr\/?s={search_term_string}"},"query-input":{"@type":"PropertyValueSpecification","valueRequired":true,"valueName":"search_term_string"}}],"inLanguage":"fr-FR"}]}},"_links":{"self":[{"href":"https:\/\/www.movingedge.com\/fr\/wp-json\/wp\/v2\/pages\/449","targetHints":{"allow":["GET"]}}],"collection":[{"href":"https:\/\/www.movingedge.com\/fr\/wp-json\/wp\/v2\/pages"}],"about":[{"href":"https:\/\/www.movingedge.com\/fr\/wp-json\/wp\/v2\/types\/page"}],"author":[{"embeddable":true,"href":"https:\/\/www.movingedge.com\/fr\/wp-json\/wp\/v2\/users\/1"}],"replies":[{"embeddable":true,"href":"https:\/\/www.movingedge.com\/fr\/wp-json\/wp\/v2\/comments?post=449"}],"version-history":[{"count":0,"href":"https:\/\/www.movingedge.com\/fr\/wp-json\/wp\/v2\/pages\/449\/revisions"}],"up":[{"embeddable":true,"href":"https:\/\/www.movingedge.com\/fr\/wp-json\/wp\/v2\/pages\/441"}],"wp:featuredmedia":[{"embeddable":true,"href":"https:\/\/www.movingedge.com\/fr\/wp-json\/wp\/v2\/media\/882"}],"wp:attachment":[{"href":"https:\/\/www.movingedge.com\/fr\/wp-json\/wp\/v2\/media?parent=449"}],"curies":[{"name":"wp","href":"https:\/\/api.w.org\/{rel}","templated":true}]}}