{"id":206,"date":"2018-07-31T15:00:55","date_gmt":"2018-07-31T14:00:55","guid":{"rendered":"https:\/\/www.movingedge.com\/fr\/?page_id=206"},"modified":"2019-01-02T14:45:38","modified_gmt":"2019-01-02T14:45:38","slug":"avis-de-confidentialite","status":"publish","type":"page","link":"https:\/\/www.movingedge.com\/fr\/avis-de-confidentialite\/","title":{"rendered":"Avis de confidentialit\u00e9"},"content":{"rendered":"\n<p>COBA Europe fait partie du&nbsp;<a href=\"http:\/\/www.coba.com\/\">groupe COBA<\/a>&nbsp;Cette notice de confidentialit\u00e9 explique comment nous utilisons les informations personnelles que nous recueillons \u00e0 votre sujet lorsque vous utilisez notre site internet. Veuillez la lire attentivement.<\/p>\n\n\n\n<ul class=\"wp-block-list\"><li><a href=\"http:\/\/www.movingedge.com\/fr\/avis-de-confidentialite#infoSurVous\">Quelles informations recueillons-nous sur vous?<\/a><\/li><li><a href=\"http:\/\/www.movingedge.com\/fr\/avis-de-confidentialite#infoPersonnel\">Comment allons-nous utiliser vos informations personnelles?<\/a><\/li><li><a href=\"http:\/\/www.movingedge.com\/fr\/avis-de-confidentialite#telemarketing\">Email Marketing et Telemarketing<\/a><\/li><li><a href=\"http:\/\/www.movingedge.com\/fr\/avis-de-confidentialite#automation\">Automatisation du marketing<\/a><\/li><li><a href=\"http:\/\/www.movingedge.com\/fr\/avis-de-confidentialite#infoModifications\">Acc\u00e9s \u00e0 vos informations et modifications<\/a><\/li><li><a href=\"http:\/\/www.movingedge.com\/fr\/avis-de-confidentialite#cookies\">Cookies<\/a><\/li><li><a href=\"http:\/\/www.movingedge.com\/fr\/avis-de-confidentialite#autresSites\">Autres sites internet<\/a><\/li><li><a href=\"http:\/\/www.movingedge.com\/fr\/avis-de-confidentialite#confidential\">Modifications de notre notice de confidentialit\u00e9<\/a><\/li><li><a href=\"http:\/\/www.movingedge.com\/fr\/avis-de-confidentialite#commentNous\">Comment nous contacter<\/a><\/li><\/ul>\n\n\n\n<h3 class=\"wp-block-heading\" id=\"infoSurVous\">Quelles informations recueillons-nous \u00e0 votre sujet?<\/h3>\n\n\n\n<p>Nous pouvons collecter des informations lorsque vous visitez le site internet ou achetez des produits sur ce dernier, mais seulement si vous nous soumettez volontairement ces informations. Cela peut inclure des \u00e9l\u00e9ments tels que votre nom, adresse, adresse e-mail, num\u00e9ro de t\u00e9l\u00e9phone, d\u00e9tails de facturation et informations de carte de cr\u00e9dit. Vous n\u2019\u00eates pas tenu de nous fournir de telles informations afin d\u2019utiliser notre site internet. Cependant, si vous d\u00e9cidez de ne pas nous communiquer certaines informations, vous pourriez ne pas \u00eatre en mesure de visiter toutes les sections du site ou de faire des achats. Les informations d\u2019utilisation du site sont collect\u00e9es \u00e0 l\u2019aide de&nbsp;<a href=\"http:\/\/www.movingedge.com\/fr\/avis-de-confidentialite#cookies\">cookies<\/a>.<\/p>\n\n\n\n<h3 class=\"wp-block-heading\" id=\"infoPersonnel\">Comment Utilisons-nous vos informations personnelles?<\/h3>\n\n\n\n<p>Nous utilisons les informations recueillies sur notre site internet pour nous permettre de vous donner acc\u00e8s \u00e0 toutes les parties du site et de traiter les commandes que vous pourriez effectuer. Si vous fournissez des informations sur ce site Web, nous ne vendrons pas, ne partagerons pas, et nous ne louerons pas &nbsp;vos informations personnelles \u00e0 des tiers (sauf mention expresse ci-dessous), mais nous pouvons les utiliser \u00e0 nos propres fins afin de:<\/p>\n\n\n\n<ul class=\"wp-block-list\"><li>administrer et g\u00e9rer le site Web;<\/li><li>ex\u00e9cuter les commandes de biens ou de services que nous avons convenu de fournir;<\/li><li>vous informer des autres produits et services COBA.<\/li><\/ul>\n\n\n\n<h3 class=\"wp-block-heading\" id=\"telemarketing\">Email Marketing and Telemarketing<\/h3>\n\n\n\n<p>Nous ne divulguerons aucune information personnelle que nous avons recueillie &nbsp;sur le site Web, mais nous pouvons divulguer des informations vous concernant \u00e0 d\u2019autres soci\u00e9t\u00e9s du&nbsp;<a href=\"http:\/\/www.coba.com\/\">groupe COBA<\/a>. Toute information fournie \u00e0 ces soci\u00e9t\u00e9s ne sera utilis\u00e9e par ces soci\u00e9t\u00e9s qu\u2019en conformit\u00e9 avec les termes de la pr\u00e9sente d\u00e9claration de confidentialit\u00e9.<\/p>\n\n\n\n<p>Les contractants tiers peuvent parfois avoir un acc\u00e8s limit\u00e9 aux informations collect\u00e9es sur le site Web dans le cadre de la fourniture de produits ou de services, par exemple, l\u2019h\u00e9bergement et la maintenance du site internet, ou les processeurs de cartes de cr\u00e9dit. Ceci est strictement limit\u00e9 aux informations dont ils ont raisonnablement besoin pour exercer leurs fonctions. Ces tiers sont tenus \u00e0 tout moment de se conformer aux termes de la pr\u00e9sente Politique de confidentialit\u00e9 et, en tant que tels, sont emp\u00each\u00e9s d\u2019utiliser ou de divulguer des informations \u00e0 d\u2019autres fins que de nous fournir des services.<\/p>\n\n\n\n<p>Nous utiliserons vos informations aux fins d\u00e9crites ci-dessus, ou comme indiqu\u00e9 lorsque vous demandez ces informations. Vous devez \u00abaccepter\u00bb et nous autoriser express\u00e9ment \u00e0 utiliser l\u2019information \u00e0 d\u2019autres fins (par exemple, pour nous permettre d\u2019envoyer nos documents de marketing ou nos alertes \u00e9lectroniques).<\/p>\n\n\n\n<p>En cas de fusion, de transfert ou de vente de COBA Europe ou de toute soci\u00e9t\u00e9 du groupe, nous nous r\u00e9servons le droit de transf\u00e9rer des informations \u00e0 un tiers qui sera tenu de respecter les termes de cet avis de confidentialit\u00e9<\/p>\n\n\n\n<p>Les pays n\u2019appartenant pas \u00e0 l\u2019Espace \u00e9conomique europ\u00e9en n\u2019ont pas toujours de bonnes lois en mati\u00e8re de protection des donn\u00e9es. Cependant, nous prendrons toujours des mesures pour nous assurer que vos informations sont utilis\u00e9es par des tiers conform\u00e9ment \u00e0 cet avis de confidentialit\u00e9.<\/p>\n\n\n\n<p>Nous souhaiterions vous envoyer des informations sur les produits et services de notre groupe et d\u2019autres soci\u00e9t\u00e9s de notre groupe susceptibles de vous int\u00e9resser. Si vous avez accept\u00e9 de recevoir du marketing, vous pouvez vous retirer \u00e0 une date ult\u00e9rieure. Vous avez le droit \u00e0 tout moment de nous emp\u00eacher de vous contacter \u00e0 des fins de marketing ou de donner vos informations \u00e0 d\u2019autres membres du&nbsp;<a href=\"http:\/\/coba.com\/\">groupe COBA<\/a>. Si vous ne souhaitez plus \u00eatre contact\u00e9 \u00e0 des fins de marketing, veuillez envoyer un e-mail \u00e0&nbsp;<a href=\"mailto:marketing@coba.com\"><u>marketing@coba.com<\/u><\/a><\/p>\n\n\n\n<p>COBA utilise un syst\u00e8me &nbsp;de messagerie automatique tiers appel\u00e9 MailChimp. Si vous \u00eates un client, ou si vous soumettez vos informations personnelles via un formulaire sur notre site Web, vos donn\u00e9es peuvent \u00eatre stock\u00e9es sur un serveur MailChimp.&nbsp;<a href=\"https:\/\/mailchimp.com\/legal\/privacy\/\"><u>Cliquez ici<\/u><\/a>&nbsp;pour plus de d\u00e9tails sur la politique de confidentialit\u00e9 de MailChimp. L\u2019utilisation de ce syst\u00e8me permet \u00e0 nos \u00e9quipes de vente et de marketing de fournir un contenu et des offres cibl\u00e9s &nbsp;par courrier \u00e9lectronique.<\/p>\n\n\n\n<h3 class=\"wp-block-heading\" id=\"automation\">Automatisation du marketing<\/h3>\n\n\n\n<p>Ce site utilise un syst\u00e8me d\u2019automatique de marketing tiers appel\u00e9 SharpSpring, qui permet de suivre l\u2019adresse IP des appareils et des r\u00e9seaux utilis\u00e9s pour y acc\u00e9der. Cela permet \u00e0 nos \u00e9quipes commerciales et marketing de proposer un contenu plus cibl\u00e9 et un service plus personnalis\u00e9 pour les nouveaux clients comme pour les existants. Si vous soumettez vos informations personnelles via un formulaire sur notre site Web, ces informations suppl\u00e9mentaires seront stock\u00e9es sur un serveur SharpSpring.&nbsp;<a href=\"http:\/\/sharpspring.com\/legal\/privacy\/\"><u>Cliquez ici<\/u><\/a>&nbsp;pour acc\u00e9der aux &nbsp;d\u00e9tails de la politique de confidentialit\u00e9 de SharpSpring.<\/p>\n\n\n\n<h3 class=\"wp-block-heading\" id=\"infoModifications\">Acc\u00e8s \u00e0 vos informations et correction<\/h3>\n\n\n\n<p>Si, \u00e0 tout moment, vous \u00eates d\u00e9sireux de vous renseigner sur les informations que nous d\u00e9tenons \u00e0 votre sujet, veuillez contacter le Contr\u00f4leur de confidentialit\u00e9 des donn\u00e9es \u00e0 l\u2019adresse postale suivante&nbsp;: COBA International Ltd., Unit 5 Marlborough Drive, Fleckney, Leicestershire LE8 8UR ou par courriel \u00e0&nbsp;<a href=\"mailto:dataprivacy@coba.com\"><strong><u>dataprivacy@coba.com<\/u><\/strong><\/a>. Vous avez le droit de voir les informations d\u00e9tenues \u00e0 votre sujet et vous pouvez nous demander d\u2019apporter les modifications n\u00e9cessaires pour vous assurer qu\u2019elles sont exactes et tenues \u00e0 jour.<\/p>\n\n\n\n<h3 class=\"wp-block-heading\" id=\"cookies\">Cookies<\/h3>\n\n\n\n<p>Comme la plupart des sites internet, ce site &nbsp;utilise parfois des \u00abcookies\u00bb de navigateur qui sont des \u00e9l\u00e9ments d\u2019information qu\u2019un site internet transf\u00e8re sur le disque dur de votre ordinateur ou qu\u2019il stocke temporairement dans la m\u00e9moire de votre ordinateur \u00e0 des fins d\u2019archivage. Nous utilisons des cookies afin de nous permettre de contr\u00f4ler votre utilisation du site. La plupart des navigateurs sont initialement configur\u00e9s pour accepter les cookies. Vous pouvez r\u00e9initialiser votre navigateur pour refuser les cookies ou pour indiquer quand un cookie est envoy\u00e9. Cependant, si vous refusez d\u2019accepter les cookies, vous ne pourrez peut-\u00eatre pas profiter de certaines fonctionnalit\u00e9s de ce siteou y participer.<\/p>\n\n\n\n<p>Pour plus de d\u00e9tails sur les cookies que ce site utilise, veuillez visiter la page&nbsp;<a href=\"http:\/\/www.movingedge.com\/fr\/cookies\">des cookies<\/a>.<\/p>\n\n\n\n<p>Les annonceurs et autres tiers peuvent utiliser leurs propres cookies lorsque vous cliquez sur des publicit\u00e9s ou des liens vers leur propre site. Cette d\u00e9claration de confidentialit\u00e9 ne r\u00e9git pas l\u2019utilisation de ces sites ou annonceurs tiers.<\/p>\n\n\n\n<h3 class=\"wp-block-heading\" id=\"autresSites\">Autres sites<\/h3>\n\n\n\n<p>Le site contient des liens vers des sites qui ne sont pas d\u00e9tenus ou exploit\u00e9s par COBA. Nous ne sommes pas responsables de ces sites internet. Vous devez donc &nbsp;lire les avis de confidentialit\u00e9 de chacun de ces sites de mani\u00e8re ind\u00e9pendante.<\/p>\n\n\n\n<h3 class=\"wp-block-heading\" id=\"confidential\">Modification de notre notice de confidentialit\u00e9<\/h3>\n\n\n\n<p>Nous pouvons modifier cette notice de confidentialit\u00e9 de temps en temps. Veuillez vous reporter \u00e0 cette page r\u00e9guli\u00e8rement. En utilisant le site Web ou l\u2019un de nos produits, fonctionnalit\u00e9s, ressources ou services, vous acceptez d\u2019\u00eatre li\u00e9 par les termes de cet avis de confidentialit\u00e9<\/p>\n\n\n\n<h3 class=\"wp-block-heading\" id=\"commentNous\">Comment nous contacter<\/h3>\n\n\n\n<p>Si vous souhaitez nous contacter car vous avez des questions sur cet avis de confidentialit\u00e9 ou pour connaitre les informations que nous d\u00e9tenons sur vous, vous pouvez le faire&nbsp;:<\/p>\n\n\n\n<ul class=\"wp-block-list\"><li>Par&nbsp;<a href=\"mailto:dataprivacy@coba.com\">email<\/a><\/li><li>Ou en \u00e9crivant \u00e0 Data Privacy Controller, COBA International Ltd., Unit\u00e9 5 Marlborough Drive, Fleckney, Leicestershire LE8 8UR<\/li><\/ul>\n","protected":false},"excerpt":{"rendered":"<p>COBA Europe fait partie du&nbsp;groupe COBA&nbsp;Cette notice de confidentialit\u00e9 explique comment nous utilisons les informations personnelles que nous recueillons \u00e0 votre sujet lorsque vous utilisez notre site internet. Veuillez la lire attentivement. Quelles informations recueillons-nous sur vous? Comment allons-nous utiliser vos informations personnelles? Email Marketing et Telemarketing Automatisation du marketing Acc\u00e9s \u00e0 vos informations et [&hellip;]<\/p>\n","protected":false},"author":1,"featured_media":835,"parent":0,"menu_order":0,"comment_status":"closed","ping_status":"closed","template":"","meta":{"footnotes":""},"class_list":["post-206","page","type-page","status-publish","has-post-thumbnail","hentry"],"yoast_head":"<!-- This site is optimized with the Yoast SEO plugin v26.0 - https:\/\/yoast.com\/wordpress\/plugins\/seo\/ -->\n<title>Avis de confidentialit\u00e9 - Moving Edge<\/title>\n<meta name=\"robots\" content=\"index, follow, max-snippet:-1, max-image-preview:large, max-video-preview:-1\" \/>\n<link rel=\"canonical\" href=\"https:\/\/www.movingedge.com\/fr\/avis-de-confidentialite\/\" \/>\n<meta property=\"og:locale\" content=\"fr_FR\" \/>\n<meta property=\"og:type\" content=\"article\" \/>\n<meta property=\"og:title\" content=\"Avis de confidentialit\u00e9 - Moving Edge\" \/>\n<meta property=\"og:description\" content=\"COBA Europe fait partie du&nbsp;groupe COBA&nbsp;Cette notice de confidentialit\u00e9 explique comment nous utilisons les informations personnelles que nous recueillons \u00e0 votre sujet lorsque vous utilisez notre site internet. Veuillez la lire attentivement. Quelles informations recueillons-nous sur vous? Comment allons-nous utiliser vos informations personnelles? Email Marketing et Telemarketing Automatisation du marketing Acc\u00e9s \u00e0 vos informations et [&hellip;]\" \/>\n<meta property=\"og:url\" content=\"https:\/\/www.movingedge.com\/fr\/avis-de-confidentialite\/\" \/>\n<meta property=\"og:site_name\" content=\"Moving Edge\" \/>\n<meta property=\"article:modified_time\" content=\"2019-01-02T14:45:38+00:00\" \/>\n<meta property=\"og:image\" content=\"https:\/\/www.movingedge.com\/fr\/wp-content\/uploads\/sites\/6\/About-Background.png\" \/>\n\t<meta property=\"og:image:width\" content=\"1920\" \/>\n\t<meta property=\"og:image:height\" content=\"450\" \/>\n\t<meta property=\"og:image:type\" content=\"image\/png\" \/>\n<meta name=\"twitter:card\" content=\"summary_large_image\" \/>\n<meta name=\"twitter:label1\" content=\"Dur\u00e9e de lecture estim\u00e9e\" \/>\n\t<meta name=\"twitter:data1\" content=\"7 minutes\" \/>\n<script type=\"application\/ld+json\" class=\"yoast-schema-graph\">{\"@context\":\"https:\/\/schema.org\",\"@graph\":[{\"@type\":\"WebPage\",\"@id\":\"https:\/\/www.movingedge.com\/fr\/avis-de-confidentialite\/\",\"url\":\"https:\/\/www.movingedge.com\/fr\/avis-de-confidentialite\/\",\"name\":\"Avis de confidentialit\u00e9 - Moving Edge\",\"isPartOf\":{\"@id\":\"https:\/\/www.movingedge.com\/fr\/#website\"},\"primaryImageOfPage\":{\"@id\":\"https:\/\/www.movingedge.com\/fr\/avis-de-confidentialite\/#primaryimage\"},\"image\":{\"@id\":\"https:\/\/www.movingedge.com\/fr\/avis-de-confidentialite\/#primaryimage\"},\"thumbnailUrl\":\"https:\/\/www.movingedge.com\/fr\/wp-content\/uploads\/sites\/6\/About-Background.png\",\"datePublished\":\"2018-07-31T14:00:55+00:00\",\"dateModified\":\"2019-01-02T14:45:38+00:00\",\"breadcrumb\":{\"@id\":\"https:\/\/www.movingedge.com\/fr\/avis-de-confidentialite\/#breadcrumb\"},\"inLanguage\":\"fr-FR\",\"potentialAction\":[{\"@type\":\"ReadAction\",\"target\":[\"https:\/\/www.movingedge.com\/fr\/avis-de-confidentialite\/\"]}]},{\"@type\":\"ImageObject\",\"inLanguage\":\"fr-FR\",\"@id\":\"https:\/\/www.movingedge.com\/fr\/avis-de-confidentialite\/#primaryimage\",\"url\":\"https:\/\/www.movingedge.com\/fr\/wp-content\/uploads\/sites\/6\/About-Background.png\",\"contentUrl\":\"https:\/\/www.movingedge.com\/fr\/wp-content\/uploads\/sites\/6\/About-Background.png\",\"width\":1920,\"height\":450,\"caption\":\"About Moving Edge\"},{\"@type\":\"BreadcrumbList\",\"@id\":\"https:\/\/www.movingedge.com\/fr\/avis-de-confidentialite\/#breadcrumb\",\"itemListElement\":[{\"@type\":\"ListItem\",\"position\":1,\"name\":\"Home\",\"item\":\"https:\/\/www.movingedge.com\/fr\/\"},{\"@type\":\"ListItem\",\"position\":2,\"name\":\"Avis de confidentialit\u00e9\"}]},{\"@type\":\"WebSite\",\"@id\":\"https:\/\/www.movingedge.com\/fr\/#website\",\"url\":\"https:\/\/www.movingedge.com\/fr\/\",\"name\":\"Moving Edge\",\"description\":\"Cutting Edge Safety\",\"potentialAction\":[{\"@type\":\"SearchAction\",\"target\":{\"@type\":\"EntryPoint\",\"urlTemplate\":\"https:\/\/www.movingedge.com\/fr\/?s={search_term_string}\"},\"query-input\":{\"@type\":\"PropertyValueSpecification\",\"valueRequired\":true,\"valueName\":\"search_term_string\"}}],\"inLanguage\":\"fr-FR\"}]}<\/script>\n<!-- \/ Yoast SEO plugin. -->","yoast_head_json":{"title":"Avis de confidentialit\u00e9 - Moving Edge","robots":{"index":"index","follow":"follow","max-snippet":"max-snippet:-1","max-image-preview":"max-image-preview:large","max-video-preview":"max-video-preview:-1"},"canonical":"https:\/\/www.movingedge.com\/fr\/avis-de-confidentialite\/","og_locale":"fr_FR","og_type":"article","og_title":"Avis de confidentialit\u00e9 - Moving Edge","og_description":"COBA Europe fait partie du&nbsp;groupe COBA&nbsp;Cette notice de confidentialit\u00e9 explique comment nous utilisons les informations personnelles que nous recueillons \u00e0 votre sujet lorsque vous utilisez notre site internet. Veuillez la lire attentivement. Quelles informations recueillons-nous sur vous? Comment allons-nous utiliser vos informations personnelles? Email Marketing et Telemarketing Automatisation du marketing Acc\u00e9s \u00e0 vos informations et [&hellip;]","og_url":"https:\/\/www.movingedge.com\/fr\/avis-de-confidentialite\/","og_site_name":"Moving Edge","article_modified_time":"2019-01-02T14:45:38+00:00","og_image":[{"width":1920,"height":450,"url":"https:\/\/www.movingedge.com\/fr\/wp-content\/uploads\/sites\/6\/About-Background.png","type":"image\/png"}],"twitter_card":"summary_large_image","twitter_misc":{"Dur\u00e9e de lecture estim\u00e9e":"7 minutes"},"schema":{"@context":"https:\/\/schema.org","@graph":[{"@type":"WebPage","@id":"https:\/\/www.movingedge.com\/fr\/avis-de-confidentialite\/","url":"https:\/\/www.movingedge.com\/fr\/avis-de-confidentialite\/","name":"Avis de confidentialit\u00e9 - Moving Edge","isPartOf":{"@id":"https:\/\/www.movingedge.com\/fr\/#website"},"primaryImageOfPage":{"@id":"https:\/\/www.movingedge.com\/fr\/avis-de-confidentialite\/#primaryimage"},"image":{"@id":"https:\/\/www.movingedge.com\/fr\/avis-de-confidentialite\/#primaryimage"},"thumbnailUrl":"https:\/\/www.movingedge.com\/fr\/wp-content\/uploads\/sites\/6\/About-Background.png","datePublished":"2018-07-31T14:00:55+00:00","dateModified":"2019-01-02T14:45:38+00:00","breadcrumb":{"@id":"https:\/\/www.movingedge.com\/fr\/avis-de-confidentialite\/#breadcrumb"},"inLanguage":"fr-FR","potentialAction":[{"@type":"ReadAction","target":["https:\/\/www.movingedge.com\/fr\/avis-de-confidentialite\/"]}]},{"@type":"ImageObject","inLanguage":"fr-FR","@id":"https:\/\/www.movingedge.com\/fr\/avis-de-confidentialite\/#primaryimage","url":"https:\/\/www.movingedge.com\/fr\/wp-content\/uploads\/sites\/6\/About-Background.png","contentUrl":"https:\/\/www.movingedge.com\/fr\/wp-content\/uploads\/sites\/6\/About-Background.png","width":1920,"height":450,"caption":"About Moving Edge"},{"@type":"BreadcrumbList","@id":"https:\/\/www.movingedge.com\/fr\/avis-de-confidentialite\/#breadcrumb","itemListElement":[{"@type":"ListItem","position":1,"name":"Home","item":"https:\/\/www.movingedge.com\/fr\/"},{"@type":"ListItem","position":2,"name":"Avis de confidentialit\u00e9"}]},{"@type":"WebSite","@id":"https:\/\/www.movingedge.com\/fr\/#website","url":"https:\/\/www.movingedge.com\/fr\/","name":"Moving Edge","description":"Cutting Edge Safety","potentialAction":[{"@type":"SearchAction","target":{"@type":"EntryPoint","urlTemplate":"https:\/\/www.movingedge.com\/fr\/?s={search_term_string}"},"query-input":{"@type":"PropertyValueSpecification","valueRequired":true,"valueName":"search_term_string"}}],"inLanguage":"fr-FR"}]}},"_links":{"self":[{"href":"https:\/\/www.movingedge.com\/fr\/wp-json\/wp\/v2\/pages\/206","targetHints":{"allow":["GET"]}}],"collection":[{"href":"https:\/\/www.movingedge.com\/fr\/wp-json\/wp\/v2\/pages"}],"about":[{"href":"https:\/\/www.movingedge.com\/fr\/wp-json\/wp\/v2\/types\/page"}],"author":[{"embeddable":true,"href":"https:\/\/www.movingedge.com\/fr\/wp-json\/wp\/v2\/users\/1"}],"replies":[{"embeddable":true,"href":"https:\/\/www.movingedge.com\/fr\/wp-json\/wp\/v2\/comments?post=206"}],"version-history":[{"count":0,"href":"https:\/\/www.movingedge.com\/fr\/wp-json\/wp\/v2\/pages\/206\/revisions"}],"wp:featuredmedia":[{"embeddable":true,"href":"https:\/\/www.movingedge.com\/fr\/wp-json\/wp\/v2\/media\/835"}],"wp:attachment":[{"href":"https:\/\/www.movingedge.com\/fr\/wp-json\/wp\/v2\/media?parent=206"}],"curies":[{"name":"wp","href":"https:\/\/api.w.org\/{rel}","templated":true}]}}