{"id":203,"date":"2018-07-31T14:52:27","date_gmt":"2018-07-31T13:52:27","guid":{"rendered":"https:\/\/www.movingedge.com\/fr\/?page_id=203"},"modified":"2021-12-02T10:55:58","modified_gmt":"2021-12-02T10:55:58","slug":"cookies","status":"publish","type":"page","link":"https:\/\/www.movingedge.com\/fr\/cookies\/","title":{"rendered":"Cookies"},"content":{"rendered":"\n<p>Notre site utilise des cookies pour vous distinguer des autres utilisateurs. Cela nous aide \u00e0 vous fournir une meilleure exp\u00e9rience lors de la navigation et nous permet \u00e9galement d\u2019am\u00e9liorer notre site Web. Une invitation s\u2019affiche dans le coin inf\u00e9rieur gauche de chaque page que vous visitez jusqu\u2019\u00e0 ce que vous d\u00e9cidiez d\u2019autoriser ou d\u2019emp\u00eacher l\u2019utilisation de cookies sur votre appareil. Veuillez noter que la fonctionnalit\u00e9 du site peut \u00eatre affect\u00e9e en choisissant de ne pas autoriser les cookies.<\/p>\n<h3>Qu\u2019est ce qu\u2019un cookie?<\/h3>\n<p>Un cookie est un petit fichier de lettres et de chiffres que nous stockons sur votre navigateur si vous l\u2019acceptez. Les cookies contiennent des informations transf\u00e9r\u00e9es sur le disque dur de votre ordinateur. Pour en savoir plus sur la configuration des cookies, veuillez consulter l\u2019aide de votre navigateur. Vous trouverez ici des informations sur les navigateurs les plus populaires:<\/p>\n<ul>\n<li>Mozilla Firefox:\u00a0<a href=\"https:\/\/support.mozilla.org\/fr\/kb\/cookies-informations-sites-enregistrent\">https:\/\/support.mozilla.org\/fr\/kb\/cookies-informations-sites-enregistrent<\/a><\/li>\n<li>Google Chrome:\u00a0<a href=\"https:\/\/support.google.com\/chrome\/answer\/95647\">https:\/\/support.google.com\/chrome\/answer\/95647<\/a><\/li>\n<li>Explorer:\u00a0<a href=\"http:\/\/windows.microsoft.com\/es-es\/windows7\/how-to-manage-cookies-in-internet-explorer-9\">http:\/\/windows.microsoft.com\/es-es\/windows7\/how-to-manage-cookies-in-internet-explorer-9<\/a><\/li>\n<li>Opera:\u00a0<a href=\"http:\/\/help.opera.com\/Windows\/11.50\/en\/cookies.html\">http:\/\/help.opera.com\/Windows\/11.50\/en\/cookies.html<\/a><\/li>\n<li>Safari:\u00a0<a href=\"http:\/\/support.apple.com\/kb\/ph17191\">http:\/\/support.apple.com\/kb\/ph17191<\/a><\/li>\n<\/ul>\n<p>Pour trouver des informations relatives \u00e0 d\u2019autres navigateurs, visitez le site Web du d\u00e9veloppeur du navigateur.<\/p>\n<p>Pour ne plus \u00eatre suivi par Google Analytics sur tous les sites Web, consultez la page\u00a0<a href=\"http:\/\/tools.google.com\/dlpage\/gaoptout\">http:\/\/tools.google.com\/dlpage\/gaoptout<\/a>.<\/p>\n<p>Diff\u00e9rents cookies font des choses diff\u00e9rentes, donc pour les utiliser et \u00eatre aussi transparents que possible, nous les classons comme suit:<\/p>\n<ul>\n<li><strong>Cookies strictement n\u00e9cessaires<\/strong>. Ce sont des cookies qui sont n\u00e9cessaires pour le fonctionnement de notre site Web. Ils comprennent, par exemple, des cookies qui vous permettent de vous connecter \u00e0 des zones s\u00e9curis\u00e9es de notre site Web, telles que le profil de votre compte.<\/li>\n<li><strong>Cookies de performance<\/strong>. Ceux-ci nous permettent de reconna\u00eetre et de compter le nombre de visiteurs sur notre site Web et de voir comment les visiteurs se d\u00e9placent sur notre site Web lorsqu\u2019ils l\u2019utilisent. Cela nous permet d\u2019am\u00e9liorer le fonctionnement de notre site, par exemple, en veillant \u00e0 ce que les utilisateurs trouvent facilement ce qu\u2019ils cherchent.<\/li>\n<li><strong>Cookies de fonctionnalit\u00e9<\/strong>. Ceux-ci sont utilis\u00e9s pour vous reconna\u00eetre lorsque vous revenez sur notre site Web, ce qui nous permet de personnaliser notre contenu pour vous, vous saluer par votre nom et vous rappeler vos pr\u00e9f\u00e9rences.<\/li>\n<\/ul>\n<table class=\"is-table\">\n    <corps>\n        <tr>\n            <td width=\"160\"><strong>Nom du cookie<\/strong><\/td>\n            <td width=\"95\"><strong>\u00c9diteur<\/strong><\/td>\n            <td width=\"104\"><strong>Cat\u00e9gorie<\/strong><\/td>\n            <td width=\"242\"><strong>Plus d&rsquo;informations<\/strong><\/td>\n        <\/tr>\n        <tr>\n            <td width=\"160\"><strong>_ga, _gid, _gat, __utma, _utmb, __utmc, __utmz, _utmt<\/strong><\/td>\n            <td width=\"95\">Google<\/td>\n            <td width=\"104\">Analyse<\/td>\n            <td width=\"242\">https:\/\/developers.google.com\/analytics\/devguides\/collection\/analyticsjs\/cookie-usage<\/td>\n        <\/tr>\n        <tr>\n            <td width=\"160\"><strong>_lc_cid, lc_cst, _oauth_redirect_detector<\/strong><\/td>\n            <td width=\"95\">LiveChat<\/td>\n            <td width=\"104\">Fonctionnalit\u00e9<\/td>\n            <td width=\"242\">https:\/\/www.livechatinc.com\/privacy-policy\/<\/td>\n        <\/tr>\n        <tr>\n            <td width=\"160\"><strong>Contr\u00f4le des cookies<\/strong><\/td>\n            <td width=\"95\">COBA Europe<\/td>\n            <td width=\"104\">Essentiel<\/td>\n            <td width=\"242\"><\/td>\n        <\/tr>\n        <tr>\n            <td width=\"160\"><strong>_GRECAPTCHA<\/strong><\/td>\n            <td width=\"95\">Google<\/td>\n            <td width=\"104\">Essentiel<\/td>\n            <td width=\"242\">https:\/\/policies.google.com\/technologies\/cookies?hl=en-US<\/td>\n        <\/tr>\n    <\/tbody>\n<\/table>\n<p>Nous nous r\u00e9servons le droit de modifier cette politique de cookies de temps en temps. Il est de votre responsabilit\u00e9 de v\u00e9rifier r\u00e9guli\u00e8rement si vous avez lu et accept\u00e9 la derni\u00e8re version de la politique des cookies applicable. Cette politique des cookies a \u00e9t\u00e9 mise \u00e0 jour le 25 mai 2018.<\/p>\n","protected":false},"excerpt":{"rendered":"<p>Notre site utilise des cookies pour vous distinguer des autres utilisateurs. Cela nous aide \u00e0 vous fournir une meilleure exp\u00e9rience lors de la navigation et nous permet \u00e9galement d\u2019am\u00e9liorer notre site Web. Une invitation s\u2019affiche dans le coin inf\u00e9rieur gauche de chaque page que vous visitez jusqu\u2019\u00e0 ce que vous d\u00e9cidiez d\u2019autoriser ou d\u2019emp\u00eacher l\u2019utilisation [&hellip;]<\/p>\n","protected":false},"author":1,"featured_media":835,"parent":0,"menu_order":0,"comment_status":"closed","ping_status":"closed","template":"","meta":{"footnotes":""},"class_list":["post-203","page","type-page","status-publish","has-post-thumbnail","hentry"],"yoast_head":"<!-- This site is optimized with the Yoast SEO plugin v26.0 - https:\/\/yoast.com\/wordpress\/plugins\/seo\/ -->\n<title>Cookies - Moving Edge<\/title>\n<meta name=\"robots\" content=\"index, follow, max-snippet:-1, max-image-preview:large, max-video-preview:-1\" \/>\n<link rel=\"canonical\" href=\"https:\/\/www.movingedge.com\/fr\/cookies\/\" \/>\n<meta property=\"og:locale\" content=\"fr_FR\" \/>\n<meta property=\"og:type\" content=\"article\" \/>\n<meta property=\"og:title\" content=\"Cookies - Moving Edge\" \/>\n<meta property=\"og:description\" content=\"Notre site utilise des cookies pour vous distinguer des autres utilisateurs. Cela nous aide \u00e0 vous fournir une meilleure exp\u00e9rience lors de la navigation et nous permet \u00e9galement d\u2019am\u00e9liorer notre site Web. Une invitation s\u2019affiche dans le coin inf\u00e9rieur gauche de chaque page que vous visitez jusqu\u2019\u00e0 ce que vous d\u00e9cidiez d\u2019autoriser ou d\u2019emp\u00eacher l\u2019utilisation [&hellip;]\" \/>\n<meta property=\"og:url\" content=\"https:\/\/www.movingedge.com\/fr\/cookies\/\" \/>\n<meta property=\"og:site_name\" content=\"Moving Edge\" \/>\n<meta property=\"article:modified_time\" content=\"2021-12-02T10:55:58+00:00\" \/>\n<meta property=\"og:image\" content=\"https:\/\/www.movingedge.com\/fr\/wp-content\/uploads\/sites\/6\/About-Background.png\" \/>\n\t<meta property=\"og:image:width\" content=\"1920\" \/>\n\t<meta property=\"og:image:height\" content=\"450\" \/>\n\t<meta property=\"og:image:type\" content=\"image\/png\" \/>\n<meta name=\"twitter:card\" content=\"summary_large_image\" \/>\n<meta name=\"twitter:label1\" content=\"Dur\u00e9e de lecture estim\u00e9e\" \/>\n\t<meta name=\"twitter:data1\" content=\"2 minutes\" \/>\n<script type=\"application\/ld+json\" class=\"yoast-schema-graph\">{\"@context\":\"https:\/\/schema.org\",\"@graph\":[{\"@type\":\"WebPage\",\"@id\":\"https:\/\/www.movingedge.com\/fr\/cookies\/\",\"url\":\"https:\/\/www.movingedge.com\/fr\/cookies\/\",\"name\":\"Cookies - Moving Edge\",\"isPartOf\":{\"@id\":\"https:\/\/www.movingedge.com\/fr\/#website\"},\"primaryImageOfPage\":{\"@id\":\"https:\/\/www.movingedge.com\/fr\/cookies\/#primaryimage\"},\"image\":{\"@id\":\"https:\/\/www.movingedge.com\/fr\/cookies\/#primaryimage\"},\"thumbnailUrl\":\"https:\/\/www.movingedge.com\/fr\/wp-content\/uploads\/sites\/6\/About-Background.png\",\"datePublished\":\"2018-07-31T13:52:27+00:00\",\"dateModified\":\"2021-12-02T10:55:58+00:00\",\"breadcrumb\":{\"@id\":\"https:\/\/www.movingedge.com\/fr\/cookies\/#breadcrumb\"},\"inLanguage\":\"fr-FR\",\"potentialAction\":[{\"@type\":\"ReadAction\",\"target\":[\"https:\/\/www.movingedge.com\/fr\/cookies\/\"]}]},{\"@type\":\"ImageObject\",\"inLanguage\":\"fr-FR\",\"@id\":\"https:\/\/www.movingedge.com\/fr\/cookies\/#primaryimage\",\"url\":\"https:\/\/www.movingedge.com\/fr\/wp-content\/uploads\/sites\/6\/About-Background.png\",\"contentUrl\":\"https:\/\/www.movingedge.com\/fr\/wp-content\/uploads\/sites\/6\/About-Background.png\",\"width\":1920,\"height\":450,\"caption\":\"About Moving Edge\"},{\"@type\":\"BreadcrumbList\",\"@id\":\"https:\/\/www.movingedge.com\/fr\/cookies\/#breadcrumb\",\"itemListElement\":[{\"@type\":\"ListItem\",\"position\":1,\"name\":\"Home\",\"item\":\"https:\/\/www.movingedge.com\/fr\/\"},{\"@type\":\"ListItem\",\"position\":2,\"name\":\"Cookies\"}]},{\"@type\":\"WebSite\",\"@id\":\"https:\/\/www.movingedge.com\/fr\/#website\",\"url\":\"https:\/\/www.movingedge.com\/fr\/\",\"name\":\"Moving Edge\",\"description\":\"Cutting Edge Safety\",\"potentialAction\":[{\"@type\":\"SearchAction\",\"target\":{\"@type\":\"EntryPoint\",\"urlTemplate\":\"https:\/\/www.movingedge.com\/fr\/?s={search_term_string}\"},\"query-input\":{\"@type\":\"PropertyValueSpecification\",\"valueRequired\":true,\"valueName\":\"search_term_string\"}}],\"inLanguage\":\"fr-FR\"}]}<\/script>\n<!-- \/ Yoast SEO plugin. -->","yoast_head_json":{"title":"Cookies - Moving Edge","robots":{"index":"index","follow":"follow","max-snippet":"max-snippet:-1","max-image-preview":"max-image-preview:large","max-video-preview":"max-video-preview:-1"},"canonical":"https:\/\/www.movingedge.com\/fr\/cookies\/","og_locale":"fr_FR","og_type":"article","og_title":"Cookies - Moving Edge","og_description":"Notre site utilise des cookies pour vous distinguer des autres utilisateurs. Cela nous aide \u00e0 vous fournir une meilleure exp\u00e9rience lors de la navigation et nous permet \u00e9galement d\u2019am\u00e9liorer notre site Web. Une invitation s\u2019affiche dans le coin inf\u00e9rieur gauche de chaque page que vous visitez jusqu\u2019\u00e0 ce que vous d\u00e9cidiez d\u2019autoriser ou d\u2019emp\u00eacher l\u2019utilisation [&hellip;]","og_url":"https:\/\/www.movingedge.com\/fr\/cookies\/","og_site_name":"Moving Edge","article_modified_time":"2021-12-02T10:55:58+00:00","og_image":[{"width":1920,"height":450,"url":"https:\/\/www.movingedge.com\/fr\/wp-content\/uploads\/sites\/6\/About-Background.png","type":"image\/png"}],"twitter_card":"summary_large_image","twitter_misc":{"Dur\u00e9e de lecture estim\u00e9e":"2 minutes"},"schema":{"@context":"https:\/\/schema.org","@graph":[{"@type":"WebPage","@id":"https:\/\/www.movingedge.com\/fr\/cookies\/","url":"https:\/\/www.movingedge.com\/fr\/cookies\/","name":"Cookies - Moving Edge","isPartOf":{"@id":"https:\/\/www.movingedge.com\/fr\/#website"},"primaryImageOfPage":{"@id":"https:\/\/www.movingedge.com\/fr\/cookies\/#primaryimage"},"image":{"@id":"https:\/\/www.movingedge.com\/fr\/cookies\/#primaryimage"},"thumbnailUrl":"https:\/\/www.movingedge.com\/fr\/wp-content\/uploads\/sites\/6\/About-Background.png","datePublished":"2018-07-31T13:52:27+00:00","dateModified":"2021-12-02T10:55:58+00:00","breadcrumb":{"@id":"https:\/\/www.movingedge.com\/fr\/cookies\/#breadcrumb"},"inLanguage":"fr-FR","potentialAction":[{"@type":"ReadAction","target":["https:\/\/www.movingedge.com\/fr\/cookies\/"]}]},{"@type":"ImageObject","inLanguage":"fr-FR","@id":"https:\/\/www.movingedge.com\/fr\/cookies\/#primaryimage","url":"https:\/\/www.movingedge.com\/fr\/wp-content\/uploads\/sites\/6\/About-Background.png","contentUrl":"https:\/\/www.movingedge.com\/fr\/wp-content\/uploads\/sites\/6\/About-Background.png","width":1920,"height":450,"caption":"About Moving Edge"},{"@type":"BreadcrumbList","@id":"https:\/\/www.movingedge.com\/fr\/cookies\/#breadcrumb","itemListElement":[{"@type":"ListItem","position":1,"name":"Home","item":"https:\/\/www.movingedge.com\/fr\/"},{"@type":"ListItem","position":2,"name":"Cookies"}]},{"@type":"WebSite","@id":"https:\/\/www.movingedge.com\/fr\/#website","url":"https:\/\/www.movingedge.com\/fr\/","name":"Moving Edge","description":"Cutting Edge Safety","potentialAction":[{"@type":"SearchAction","target":{"@type":"EntryPoint","urlTemplate":"https:\/\/www.movingedge.com\/fr\/?s={search_term_string}"},"query-input":{"@type":"PropertyValueSpecification","valueRequired":true,"valueName":"search_term_string"}}],"inLanguage":"fr-FR"}]}},"_links":{"self":[{"href":"https:\/\/www.movingedge.com\/fr\/wp-json\/wp\/v2\/pages\/203","targetHints":{"allow":["GET"]}}],"collection":[{"href":"https:\/\/www.movingedge.com\/fr\/wp-json\/wp\/v2\/pages"}],"about":[{"href":"https:\/\/www.movingedge.com\/fr\/wp-json\/wp\/v2\/types\/page"}],"author":[{"embeddable":true,"href":"https:\/\/www.movingedge.com\/fr\/wp-json\/wp\/v2\/users\/1"}],"replies":[{"embeddable":true,"href":"https:\/\/www.movingedge.com\/fr\/wp-json\/wp\/v2\/comments?post=203"}],"version-history":[{"count":3,"href":"https:\/\/www.movingedge.com\/fr\/wp-json\/wp\/v2\/pages\/203\/revisions"}],"predecessor-version":[{"id":1248,"href":"https:\/\/www.movingedge.com\/fr\/wp-json\/wp\/v2\/pages\/203\/revisions\/1248"}],"wp:featuredmedia":[{"embeddable":true,"href":"https:\/\/www.movingedge.com\/fr\/wp-json\/wp\/v2\/media\/835"}],"wp:attachment":[{"href":"https:\/\/www.movingedge.com\/fr\/wp-json\/wp\/v2\/media?parent=203"}],"curies":[{"name":"wp","href":"https:\/\/api.w.org\/{rel}","templated":true}]}}