{"id":449,"date":"2018-08-09T11:31:49","date_gmt":"2018-08-09T10:31:49","guid":{"rendered":"https:\/\/www.movingedge.com\/es\/?page_id=449"},"modified":"2019-01-03T11:11:38","modified_gmt":"2019-01-03T11:11:38","slug":"preguntas-mas-frecuentes","status":"publish","type":"page","link":"https:\/\/www.movingedge.com\/es\/recursos\/preguntas-mas-frecuentes\/","title":{"rendered":"Preguntas m\u00e1s frecuentes"},"content":{"rendered":"\n<p>En esta secci\u00f3n de Preguntas m\u00e1s frecuentes encontrar\u00e1 informaci\u00f3n pr\u00e1ctica que le permitir\u00e1 sacar el m\u00e1ximo partido de los cuchillos de seguridad Moving Edge. Si no encuentra la respuesta que est\u00e1 buscando, <a href=\"https:\/\/www.movingedge.com\/es\/contacto\/\">p\u00f3ngase en contacto con nosotros<\/a>. Tambi\u00e9n puede consultar nuestra secci\u00f3n sobre <a href=\"https:\/\/www.movingedge.com\/es\/recursos\/knowledge-base\/\">Informaci\u00f3n \u00fatil<\/a>, donde encontrar\u00e1 interesantes recursos como la <a href=\"https:\/\/www.movingedge.com\/es\/recursos\/knowledge-base\/knife-risk-assessment\/\">Evaluaci\u00f3n de riesgos asociados a los cuchillos<\/a> o nuestra pr\u00e1ctica <a href=\"https:\/\/www.movingedge.com\/es\/recursos\/knowledge-base\/expense-and-waste-calculator\/\">Calculadora de gastos y residuos<\/a>.<\/p>\n","protected":false},"excerpt":{"rendered":"<p>En esta secci\u00f3n de Preguntas m\u00e1s frecuentes encontrar\u00e1 informaci\u00f3n pr\u00e1ctica que le permitir\u00e1 sacar el m\u00e1ximo partido de los cuchillos de seguridad Moving Edge. Si no encuentra la respuesta que est\u00e1 buscando, p\u00f3ngase en contacto con nosotros. Tambi\u00e9n puede consultar nuestra secci\u00f3n sobre Informaci\u00f3n \u00fatil, donde encontrar\u00e1 interesantes recursos como la Evaluaci\u00f3n de riesgos asociados [&hellip;]<\/p>\n","protected":false},"author":1,"featured_media":882,"parent":441,"menu_order":0,"comment_status":"closed","ping_status":"closed","template":"faq.php","meta":{"footnotes":""},"class_list":["post-449","page","type-page","status-publish","has-post-thumbnail","hentry"],"yoast_head":"<!-- This site is optimized with the Yoast SEO plugin v26.0 - https:\/\/yoast.com\/wordpress\/plugins\/seo\/ -->\n<title>Preguntas m\u00e1s frecuentes - Moving Edge<\/title>\n<meta name=\"robots\" content=\"index, follow, max-snippet:-1, max-image-preview:large, max-video-preview:-1\" \/>\n<link rel=\"canonical\" href=\"https:\/\/www.movingedge.com\/es\/recursos\/preguntas-mas-frecuentes\/\" \/>\n<meta property=\"og:locale\" content=\"es_ES\" \/>\n<meta property=\"og:type\" content=\"article\" \/>\n<meta property=\"og:title\" content=\"Preguntas m\u00e1s frecuentes - Moving Edge\" \/>\n<meta property=\"og:description\" content=\"En esta secci\u00f3n de Preguntas m\u00e1s frecuentes encontrar\u00e1 informaci\u00f3n pr\u00e1ctica que le permitir\u00e1 sacar el m\u00e1ximo partido de los cuchillos de seguridad Moving Edge. Si no encuentra la respuesta que est\u00e1 buscando, p\u00f3ngase en contacto con nosotros. Tambi\u00e9n puede consultar nuestra secci\u00f3n sobre Informaci\u00f3n \u00fatil, donde encontrar\u00e1 interesantes recursos como la Evaluaci\u00f3n de riesgos asociados [&hellip;]\" \/>\n<meta property=\"og:url\" content=\"https:\/\/www.movingedge.com\/es\/recursos\/preguntas-mas-frecuentes\/\" \/>\n<meta property=\"og:site_name\" content=\"Moving Edge\" \/>\n<meta property=\"article:modified_time\" content=\"2019-01-03T11:11:38+00:00\" \/>\n<meta property=\"og:image\" content=\"https:\/\/www.movingedge.com\/es\/wp-content\/uploads\/sites\/7\/Contact-Background.png\" \/>\n\t<meta property=\"og:image:width\" content=\"1920\" \/>\n\t<meta property=\"og:image:height\" content=\"450\" \/>\n\t<meta property=\"og:image:type\" content=\"image\/png\" \/>\n<meta name=\"twitter:card\" content=\"summary_large_image\" \/>\n<script type=\"application\/ld+json\" class=\"yoast-schema-graph\">{\"@context\":\"https:\/\/schema.org\",\"@graph\":[{\"@type\":\"WebPage\",\"@id\":\"https:\/\/www.movingedge.com\/es\/recursos\/preguntas-mas-frecuentes\/\",\"url\":\"https:\/\/www.movingedge.com\/es\/recursos\/preguntas-mas-frecuentes\/\",\"name\":\"Preguntas m\u00e1s frecuentes - Moving Edge\",\"isPartOf\":{\"@id\":\"https:\/\/www.movingedge.com\/es\/#website\"},\"primaryImageOfPage\":{\"@id\":\"https:\/\/www.movingedge.com\/es\/recursos\/preguntas-mas-frecuentes\/#primaryimage\"},\"image\":{\"@id\":\"https:\/\/www.movingedge.com\/es\/recursos\/preguntas-mas-frecuentes\/#primaryimage\"},\"thumbnailUrl\":\"https:\/\/www.movingedge.com\/es\/wp-content\/uploads\/sites\/7\/Contact-Background.png\",\"datePublished\":\"2018-08-09T10:31:49+00:00\",\"dateModified\":\"2019-01-03T11:11:38+00:00\",\"breadcrumb\":{\"@id\":\"https:\/\/www.movingedge.com\/es\/recursos\/preguntas-mas-frecuentes\/#breadcrumb\"},\"inLanguage\":\"es\",\"potentialAction\":[{\"@type\":\"ReadAction\",\"target\":[\"https:\/\/www.movingedge.com\/es\/recursos\/preguntas-mas-frecuentes\/\"]}]},{\"@type\":\"ImageObject\",\"inLanguage\":\"es\",\"@id\":\"https:\/\/www.movingedge.com\/es\/recursos\/preguntas-mas-frecuentes\/#primaryimage\",\"url\":\"https:\/\/www.movingedge.com\/es\/wp-content\/uploads\/sites\/7\/Contact-Background.png\",\"contentUrl\":\"https:\/\/www.movingedge.com\/es\/wp-content\/uploads\/sites\/7\/Contact-Background.png\",\"width\":1920,\"height\":450,\"caption\":\"Contact Moving Edge\"},{\"@type\":\"BreadcrumbList\",\"@id\":\"https:\/\/www.movingedge.com\/es\/recursos\/preguntas-mas-frecuentes\/#breadcrumb\",\"itemListElement\":[{\"@type\":\"ListItem\",\"position\":1,\"name\":\"Home\",\"item\":\"https:\/\/www.movingedge.com\/es\/\"},{\"@type\":\"ListItem\",\"position\":2,\"name\":\"Recursos\",\"item\":\"https:\/\/www.movingedge.com\/es\/recursos\/\"},{\"@type\":\"ListItem\",\"position\":3,\"name\":\"Preguntas m\u00e1s frecuentes\"}]},{\"@type\":\"WebSite\",\"@id\":\"https:\/\/www.movingedge.com\/es\/#website\",\"url\":\"https:\/\/www.movingedge.com\/es\/\",\"name\":\"Moving Edge\",\"description\":\"Cutting Edge Safety\",\"potentialAction\":[{\"@type\":\"SearchAction\",\"target\":{\"@type\":\"EntryPoint\",\"urlTemplate\":\"https:\/\/www.movingedge.com\/es\/?s={search_term_string}\"},\"query-input\":{\"@type\":\"PropertyValueSpecification\",\"valueRequired\":true,\"valueName\":\"search_term_string\"}}],\"inLanguage\":\"es\"}]}<\/script>\n<!-- \/ Yoast SEO plugin. -->","yoast_head_json":{"title":"Preguntas m\u00e1s frecuentes - Moving Edge","robots":{"index":"index","follow":"follow","max-snippet":"max-snippet:-1","max-image-preview":"max-image-preview:large","max-video-preview":"max-video-preview:-1"},"canonical":"https:\/\/www.movingedge.com\/es\/recursos\/preguntas-mas-frecuentes\/","og_locale":"es_ES","og_type":"article","og_title":"Preguntas m\u00e1s frecuentes - Moving Edge","og_description":"En esta secci\u00f3n de Preguntas m\u00e1s frecuentes encontrar\u00e1 informaci\u00f3n pr\u00e1ctica que le permitir\u00e1 sacar el m\u00e1ximo partido de los cuchillos de seguridad Moving Edge. Si no encuentra la respuesta que est\u00e1 buscando, p\u00f3ngase en contacto con nosotros. Tambi\u00e9n puede consultar nuestra secci\u00f3n sobre Informaci\u00f3n \u00fatil, donde encontrar\u00e1 interesantes recursos como la Evaluaci\u00f3n de riesgos asociados [&hellip;]","og_url":"https:\/\/www.movingedge.com\/es\/recursos\/preguntas-mas-frecuentes\/","og_site_name":"Moving Edge","article_modified_time":"2019-01-03T11:11:38+00:00","og_image":[{"width":1920,"height":450,"url":"https:\/\/www.movingedge.com\/es\/wp-content\/uploads\/sites\/7\/Contact-Background.png","type":"image\/png"}],"twitter_card":"summary_large_image","schema":{"@context":"https:\/\/schema.org","@graph":[{"@type":"WebPage","@id":"https:\/\/www.movingedge.com\/es\/recursos\/preguntas-mas-frecuentes\/","url":"https:\/\/www.movingedge.com\/es\/recursos\/preguntas-mas-frecuentes\/","name":"Preguntas m\u00e1s frecuentes - Moving Edge","isPartOf":{"@id":"https:\/\/www.movingedge.com\/es\/#website"},"primaryImageOfPage":{"@id":"https:\/\/www.movingedge.com\/es\/recursos\/preguntas-mas-frecuentes\/#primaryimage"},"image":{"@id":"https:\/\/www.movingedge.com\/es\/recursos\/preguntas-mas-frecuentes\/#primaryimage"},"thumbnailUrl":"https:\/\/www.movingedge.com\/es\/wp-content\/uploads\/sites\/7\/Contact-Background.png","datePublished":"2018-08-09T10:31:49+00:00","dateModified":"2019-01-03T11:11:38+00:00","breadcrumb":{"@id":"https:\/\/www.movingedge.com\/es\/recursos\/preguntas-mas-frecuentes\/#breadcrumb"},"inLanguage":"es","potentialAction":[{"@type":"ReadAction","target":["https:\/\/www.movingedge.com\/es\/recursos\/preguntas-mas-frecuentes\/"]}]},{"@type":"ImageObject","inLanguage":"es","@id":"https:\/\/www.movingedge.com\/es\/recursos\/preguntas-mas-frecuentes\/#primaryimage","url":"https:\/\/www.movingedge.com\/es\/wp-content\/uploads\/sites\/7\/Contact-Background.png","contentUrl":"https:\/\/www.movingedge.com\/es\/wp-content\/uploads\/sites\/7\/Contact-Background.png","width":1920,"height":450,"caption":"Contact Moving Edge"},{"@type":"BreadcrumbList","@id":"https:\/\/www.movingedge.com\/es\/recursos\/preguntas-mas-frecuentes\/#breadcrumb","itemListElement":[{"@type":"ListItem","position":1,"name":"Home","item":"https:\/\/www.movingedge.com\/es\/"},{"@type":"ListItem","position":2,"name":"Recursos","item":"https:\/\/www.movingedge.com\/es\/recursos\/"},{"@type":"ListItem","position":3,"name":"Preguntas m\u00e1s frecuentes"}]},{"@type":"WebSite","@id":"https:\/\/www.movingedge.com\/es\/#website","url":"https:\/\/www.movingedge.com\/es\/","name":"Moving Edge","description":"Cutting Edge Safety","potentialAction":[{"@type":"SearchAction","target":{"@type":"EntryPoint","urlTemplate":"https:\/\/www.movingedge.com\/es\/?s={search_term_string}"},"query-input":{"@type":"PropertyValueSpecification","valueRequired":true,"valueName":"search_term_string"}}],"inLanguage":"es"}]}},"_links":{"self":[{"href":"https:\/\/www.movingedge.com\/es\/wp-json\/wp\/v2\/pages\/449","targetHints":{"allow":["GET"]}}],"collection":[{"href":"https:\/\/www.movingedge.com\/es\/wp-json\/wp\/v2\/pages"}],"about":[{"href":"https:\/\/www.movingedge.com\/es\/wp-json\/wp\/v2\/types\/page"}],"author":[{"embeddable":true,"href":"https:\/\/www.movingedge.com\/es\/wp-json\/wp\/v2\/users\/1"}],"replies":[{"embeddable":true,"href":"https:\/\/www.movingedge.com\/es\/wp-json\/wp\/v2\/comments?post=449"}],"version-history":[{"count":0,"href":"https:\/\/www.movingedge.com\/es\/wp-json\/wp\/v2\/pages\/449\/revisions"}],"up":[{"embeddable":true,"href":"https:\/\/www.movingedge.com\/es\/wp-json\/wp\/v2\/pages\/441"}],"wp:featuredmedia":[{"embeddable":true,"href":"https:\/\/www.movingedge.com\/es\/wp-json\/wp\/v2\/media\/882"}],"wp:attachment":[{"href":"https:\/\/www.movingedge.com\/es\/wp-json\/wp\/v2\/media?parent=449"}],"curies":[{"name":"wp","href":"https:\/\/api.w.org\/{rel}","templated":true}]}}