{"id":206,"date":"2018-07-31T15:00:55","date_gmt":"2018-07-31T14:00:55","guid":{"rendered":"https:\/\/www.movingedge.com\/es\/?page_id=206"},"modified":"2019-07-30T11:17:59","modified_gmt":"2019-07-30T10:17:59","slug":"aviso-de-privacidad","status":"publish","type":"page","link":"https:\/\/www.movingedge.com\/es\/aviso-de-privacidad\/","title":{"rendered":"Aviso de Privacidad"},"content":{"rendered":"<p>COBA Europe es parte del grupo COBA. En este aviso de privacidad explica c\u00f3mo usamos la informaci\u00f3n personal que recopilamos en nuestra web. Por favor l\u00e9elo cuidadosamente.<\/p>\n<ul>\n<li><a href=\"https:\/\/www.movingedge.com\/es\/aviso-de-privacidad\/#infoCollected\">\u00bfQu\u00e9 informaci\u00f3n recopilamos sobre usted?<\/a><\/li>\n<li><a href=\"https:\/\/www.movingedge.com\/es\/aviso-de-privacidad\/#infoUsed\">\u00bfC\u00f3mo usaremos su informaci\u00f3n?<\/a><\/li>\n<li><a href=\"https:\/\/www.movingedge.com\/es\/aviso-de-privacidad\/#emailTele\">Email Marketing y Telemarketing<\/a><\/li>\n<li><a href=\"https:\/\/www.movingedge.com\/es\/aviso-de-privacidad\/#infoAccess\">Acceso a su informaci\u00f3n y correcci\u00f3n<\/a><\/li>\n<li><a href=\"https:\/\/www.movingedge.com\/es\/aviso-de-privacidad\/#cookies\">Cookies<\/a><\/li>\n<li><a href=\"https:\/\/www.movingedge.com\/es\/aviso-de-privacidad\/#otherWebsites\">Otras p\u00e1ginas webs<\/a><\/li>\n<li><a href=\"https:\/\/www.movingedge.com\/es\/aviso-de-privacidad\/#privacyNotice\">Cambios de nuestro aviso de privacidad<\/a><\/li>\n<li><a href=\"https:\/\/www.movingedge.com\/es\/aviso-de-privacidad\/#contactUs\">C\u00f3mo contactarnos<\/a><\/li>\n<\/ul>\n<h3 id=\"infoCollected\">\u00bfQu\u00e9 informaci\u00f3n recopilamos sobre usted?<\/h3>\n<p>Podemos recopilar informaci\u00f3n cuando visita la web o compra productos, pero solo si nos env\u00eda voluntariamente dicha informaci\u00f3n. Puede incluir detalles como su nombre, direcci\u00f3n, correo electr\u00f3nico, n\u00famero de tel\u00e9fono, detalles de facturaci\u00f3n e informaci\u00f3n de la tarjeta de cr\u00e9dito. No es necesario que nos proporcione dicha informaci\u00f3n para utilizar la web. Sin embargo, si decide retener cierta informaci\u00f3n solicitada, es posible que no pueda visitar todas las secciones de la web ni realizar compras. La informaci\u00f3n de uso de la web se recopila usando\u00a0<a href=\"https:\/\/www.movingedge.com\/es\/cookies\/\">cookies<\/a>.<\/p>\n<h3 id=\"infoUsed\">\u00bfC\u00f3mo usaremos su informaci\u00f3n?<\/h3>\n<p>Usamos la informaci\u00f3n recopilada en la web para darles acceso a todos los apartados y procesar cualquier pedido que pueda realizar. Si proporciona informaci\u00f3n personal en la web, no la venderemos, compartiremos ni alquilaremos a terceros (salvo que se indique expresamente a continuaci\u00f3n), pero podemos utilizarla para nuestros propios fines a fin de:<\/p>\n<ul>\n<li>administrar y ejecutar la web<\/li>\n<li>cumplir con los pedidos de cualquier bien o servicio, que hemos acordado suministrar<\/li>\n<li>informarle de otros productos y servicios de COBA.<\/li>\n<\/ul>\n<p>No divulgaremos ninguna informaci\u00f3n que recopilemos sobre usted en la web, pero podemos compartir informaci\u00f3n con otras compa\u00f1\u00edas dentro del grupo COBA. Cualquier informaci\u00f3n provista a estas compa\u00f1\u00edas ser\u00e1 utilizada por esas compa\u00f1\u00edas de acuerdo con los t\u00e9rminos de este Aviso de Privacidad.<\/p>\n<p>En ocasiones, los contratistas externos pueden tener acceso limitado a la informaci\u00f3n recopilada en la web durante el proceso de proporcionarnos productos o servicios, por ejemplo, alojamiento y mantenimiento de la web o procesadores de tarjetas de cr\u00e9dito. Esto se limita estrictamente a la informaci\u00f3n requerida para realizar sus tareas. A estos terceros se les exige en todo momento cumplir con los t\u00e9rminos de este Aviso de privacidad y, como tal, se les impide utilizar o divulgar cualquier informaci\u00f3n para fines distintos a la prestaci\u00f3n de dichos servicios.<\/p>\n<p>Utilizaremos su informaci\u00f3n para los fines descritos anteriormente, o como se le indique cuando solicitemos dicha informaci\u00f3n. Debe \u201caceptar\u201d y darnos su consentimiento espec\u00edfico para utilizar la informaci\u00f3n para cualquier otro fin (por ejemplo, para permitirnos enviar nuestros materiales de marketing o alertas electr\u00f3nicas).<\/p>\n<p>En el caso de venta, fusi\u00f3n o transferencia o venta nuestra o de cualquier empresa del grupo, nos reservamos el derecho de transferir informaci\u00f3n a un tercero que estar\u00e1 obligado a cumplir con los t\u00e9rminos de este Aviso de privacidad.<\/p>\n<p>Los pa\u00edses que no pertenecen al Espacio Econ\u00f3mico Europeo no siempre cuentan con leyes s\u00f3lidas de protecci\u00f3n de datos. Sin embargo, siempre tomaremos medidas para garantizar que su informaci\u00f3n sea utilizada por terceros de conformidad con este Aviso de privacidad.<\/p>\n<h3 id=\"emailTele\">Email de Marketing y Telemarketing<\/h3>\n<p>Nos gustar\u00eda enviarle informaci\u00f3n sobre nuestros productos, servicios y empresas de nuestro grupo que puedan interesarle. Si ha dado su consentimiento para recibir marketing, puede optar por no participar m\u00e1s adelante. Tiene derecho en cualquier momento para evitar que nos comuniquemos con usted con fines de marqueting o para dar su informaci\u00f3n a otros miembros del grupo COBA. Si ya no desea que lo contactemos para fines comerciales, env\u00ede un correo electr\u00f3nico a\u00a0<a href=\"mailto:marketing@coba.com\">marketing@coba.com<\/a>.<\/p>\n<p>COBA utiliza un sistema de automatizaci\u00f3n de correo electr\u00f3nico de terceros llamado MailChimp. Si usted es cliente o env\u00eda su informaci\u00f3n personal a trav\u00e9s de un formulario a nuestra web, sus datos pueden almacenarse en un servidor de MailChimp. Haga clic aqu\u00ed para obtener detalles de la Pol\u00edtica de privacidad de MailChimp. El uso de este sistema ayuda a nuestros equipos de ventas y marketing a proporcionar contenido espec\u00edfico y ofertas por correo electr\u00f3nico.<\/p>\n<h3 id=\"infoAccess\">Acceso a su informaci\u00f3n y correcci\u00f3n<\/h3>\n<p>Si en alg\u00fan momento le preocupa o desea solicitar informaci\u00f3n acerca de usted, contacte con el Controlador de Privacidad de Datos, COBA International Ltd., Unidad 5 Marlborough Drive, Fleckney, Leicestershire LE8 8UR o env\u00ede un correo electr\u00f3nico a\u00a0<a href=\"mailto:dataprivacy@coba.com\">dataprivacy@coba.com<\/a>. Tiene derecho a ver la informaci\u00f3n que se guarda sobre usted y puede solicitarnos que realicemos los cambios necesarios para garantizar que sea precisa y se mantenga actualizada.<\/p>\n<h3 id=\"cookies\">Cookies<\/h3>\n<p>Al igual que la mayor\u00eda de las webs, a veces hace uso de \u201ccookies\u201d del navegador, que son informaci\u00f3n que un web transfiere al disco duro de su ordenador o almacena temporalmente en la memoria de su ordenador para fines de registro. Usamos cookies para controlar c\u00f3mo est\u00e1 utilizando la web. La mayor\u00eda de los navegadores est\u00e1n inicialmente preparados para aceptar cookies. Puede volver a configurar su navegador para rechazar cookies o para indicar cu\u00e1ndo se est\u00e1 enviando una cookie. Sin embargo, si no acepta las cookies, es posible que no pueda aprovechar o participar en ciertas funciones de la web.<\/p>\n<p>Para obtener m\u00e1s detalles sobre las cookies que utiliza en la web, visite la p\u00e1gina de\u00a0<a href=\"https:\/\/www.movingedge.com\/es\/cookies\/\">cookies<\/a>.<\/p>\n<p>Los anunciantes y otros terceros pueden usar sus propias cookies cuando hace clic en anuncios o enlaces a su propio sitio. Este Aviso de Privacidad no rige el uso de dichos sitios web o anunciantes de terceros.<\/p>\n<h3 id=\"otherWebsites\">Otras p\u00e1ginas web<\/h3>\n<p>La web contiene enlaces a sitios que no son de propiedad u operados por COBA. No somos responsables de estas webs y debe leer los avisos de privacidad de cada uno de estos sitios de forma independiente.<\/p>\n<h3 id=\"privacyNotice\">Cambios de nuestro aviso de privacidad<\/h3>\n<p>Podemos modificar este Aviso de Privacidad de vez en cuando. Por favor refi\u00e9rase a esta p\u00e1gina regularmente. Al utilizar la web o cualquiera de nuestros productos, funciones, recursos o servicios, acepta los t\u00e9rminos de este Aviso de privacidad.<\/p>\n<h3 id=\"contactUs\">C\u00f3mo contactarnos<\/h3>\n<p>Por favor comun\u00edquese con nosotros si tiene alguna pregunta sobre este Aviso de privacidad o sobre la informaci\u00f3n que tenemos sobre usted:<\/p>\n<ul>\n<li><a href=\"https:\/\/www.movingedge.com\/es\/aviso-de-privacidad\/dataprivacy@coba.com\">Por correo<\/a><\/li>\n<li>o escr\u00edbanos a Data Privacy Controller, COBA International Ltd., Unidad 5 Marlborough Drive, Fleckney, Leicestershire LE8 8UR<\/li>\n<\/ul>\n","protected":false},"excerpt":{"rendered":"<p>COBA Europe es parte del grupo COBA. En este aviso de privacidad explica c\u00f3mo usamos la informaci\u00f3n personal que recopilamos en nuestra web. Por favor l\u00e9elo cuidadosamente. \u00bfQu\u00e9 informaci\u00f3n recopilamos sobre usted? \u00bfC\u00f3mo usaremos su informaci\u00f3n? Email Marketing y Telemarketing Acceso a su informaci\u00f3n y correcci\u00f3n Cookies Otras p\u00e1ginas webs Cambios de nuestro aviso de [&hellip;]<\/p>\n","protected":false},"author":1,"featured_media":835,"parent":0,"menu_order":0,"comment_status":"closed","ping_status":"closed","template":"","meta":{"footnotes":""},"class_list":["post-206","page","type-page","status-publish","has-post-thumbnail","hentry"],"yoast_head":"<!-- This site is optimized with the Yoast SEO plugin v26.0 - https:\/\/yoast.com\/wordpress\/plugins\/seo\/ -->\n<title>Aviso de Privacidad - Moving Edge<\/title>\n<meta name=\"robots\" content=\"index, follow, max-snippet:-1, max-image-preview:large, max-video-preview:-1\" \/>\n<link rel=\"canonical\" href=\"https:\/\/www.movingedge.com\/es\/aviso-de-privacidad\/\" \/>\n<meta property=\"og:locale\" content=\"es_ES\" \/>\n<meta property=\"og:type\" content=\"article\" \/>\n<meta property=\"og:title\" content=\"Aviso de Privacidad - Moving Edge\" \/>\n<meta property=\"og:description\" content=\"COBA Europe es parte del grupo COBA. En este aviso de privacidad explica c\u00f3mo usamos la informaci\u00f3n personal que recopilamos en nuestra web. Por favor l\u00e9elo cuidadosamente. \u00bfQu\u00e9 informaci\u00f3n recopilamos sobre usted? \u00bfC\u00f3mo usaremos su informaci\u00f3n? Email Marketing y Telemarketing Acceso a su informaci\u00f3n y correcci\u00f3n Cookies Otras p\u00e1ginas webs Cambios de nuestro aviso de [&hellip;]\" \/>\n<meta property=\"og:url\" content=\"https:\/\/www.movingedge.com\/es\/aviso-de-privacidad\/\" \/>\n<meta property=\"og:site_name\" content=\"Moving Edge\" \/>\n<meta property=\"article:modified_time\" content=\"2019-07-30T10:17:59+00:00\" \/>\n<meta property=\"og:image\" content=\"https:\/\/www.movingedge.com\/es\/wp-content\/uploads\/sites\/7\/About-Background.png\" \/>\n\t<meta property=\"og:image:width\" content=\"1920\" \/>\n\t<meta property=\"og:image:height\" content=\"450\" \/>\n\t<meta property=\"og:image:type\" content=\"image\/png\" \/>\n<meta name=\"twitter:card\" content=\"summary_large_image\" \/>\n<meta name=\"twitter:label1\" content=\"Tiempo de lectura\" \/>\n\t<meta name=\"twitter:data1\" content=\"5 minutos\" \/>\n<script type=\"application\/ld+json\" class=\"yoast-schema-graph\">{\"@context\":\"https:\/\/schema.org\",\"@graph\":[{\"@type\":\"WebPage\",\"@id\":\"https:\/\/www.movingedge.com\/es\/aviso-de-privacidad\/\",\"url\":\"https:\/\/www.movingedge.com\/es\/aviso-de-privacidad\/\",\"name\":\"Aviso de Privacidad - Moving Edge\",\"isPartOf\":{\"@id\":\"https:\/\/www.movingedge.com\/es\/#website\"},\"primaryImageOfPage\":{\"@id\":\"https:\/\/www.movingedge.com\/es\/aviso-de-privacidad\/#primaryimage\"},\"image\":{\"@id\":\"https:\/\/www.movingedge.com\/es\/aviso-de-privacidad\/#primaryimage\"},\"thumbnailUrl\":\"https:\/\/www.movingedge.com\/es\/wp-content\/uploads\/sites\/7\/About-Background.png\",\"datePublished\":\"2018-07-31T14:00:55+00:00\",\"dateModified\":\"2019-07-30T10:17:59+00:00\",\"breadcrumb\":{\"@id\":\"https:\/\/www.movingedge.com\/es\/aviso-de-privacidad\/#breadcrumb\"},\"inLanguage\":\"es\",\"potentialAction\":[{\"@type\":\"ReadAction\",\"target\":[\"https:\/\/www.movingedge.com\/es\/aviso-de-privacidad\/\"]}]},{\"@type\":\"ImageObject\",\"inLanguage\":\"es\",\"@id\":\"https:\/\/www.movingedge.com\/es\/aviso-de-privacidad\/#primaryimage\",\"url\":\"https:\/\/www.movingedge.com\/es\/wp-content\/uploads\/sites\/7\/About-Background.png\",\"contentUrl\":\"https:\/\/www.movingedge.com\/es\/wp-content\/uploads\/sites\/7\/About-Background.png\",\"width\":1920,\"height\":450,\"caption\":\"About Moving Edge\"},{\"@type\":\"BreadcrumbList\",\"@id\":\"https:\/\/www.movingedge.com\/es\/aviso-de-privacidad\/#breadcrumb\",\"itemListElement\":[{\"@type\":\"ListItem\",\"position\":1,\"name\":\"Home\",\"item\":\"https:\/\/www.movingedge.com\/es\/\"},{\"@type\":\"ListItem\",\"position\":2,\"name\":\"Aviso de Privacidad\"}]},{\"@type\":\"WebSite\",\"@id\":\"https:\/\/www.movingedge.com\/es\/#website\",\"url\":\"https:\/\/www.movingedge.com\/es\/\",\"name\":\"Moving Edge\",\"description\":\"Cutting Edge Safety\",\"potentialAction\":[{\"@type\":\"SearchAction\",\"target\":{\"@type\":\"EntryPoint\",\"urlTemplate\":\"https:\/\/www.movingedge.com\/es\/?s={search_term_string}\"},\"query-input\":{\"@type\":\"PropertyValueSpecification\",\"valueRequired\":true,\"valueName\":\"search_term_string\"}}],\"inLanguage\":\"es\"}]}<\/script>\n<!-- \/ Yoast SEO plugin. -->","yoast_head_json":{"title":"Aviso de Privacidad - Moving Edge","robots":{"index":"index","follow":"follow","max-snippet":"max-snippet:-1","max-image-preview":"max-image-preview:large","max-video-preview":"max-video-preview:-1"},"canonical":"https:\/\/www.movingedge.com\/es\/aviso-de-privacidad\/","og_locale":"es_ES","og_type":"article","og_title":"Aviso de Privacidad - Moving Edge","og_description":"COBA Europe es parte del grupo COBA. En este aviso de privacidad explica c\u00f3mo usamos la informaci\u00f3n personal que recopilamos en nuestra web. Por favor l\u00e9elo cuidadosamente. \u00bfQu\u00e9 informaci\u00f3n recopilamos sobre usted? \u00bfC\u00f3mo usaremos su informaci\u00f3n? Email Marketing y Telemarketing Acceso a su informaci\u00f3n y correcci\u00f3n Cookies Otras p\u00e1ginas webs Cambios de nuestro aviso de [&hellip;]","og_url":"https:\/\/www.movingedge.com\/es\/aviso-de-privacidad\/","og_site_name":"Moving Edge","article_modified_time":"2019-07-30T10:17:59+00:00","og_image":[{"width":1920,"height":450,"url":"https:\/\/www.movingedge.com\/es\/wp-content\/uploads\/sites\/7\/About-Background.png","type":"image\/png"}],"twitter_card":"summary_large_image","twitter_misc":{"Tiempo de lectura":"5 minutos"},"schema":{"@context":"https:\/\/schema.org","@graph":[{"@type":"WebPage","@id":"https:\/\/www.movingedge.com\/es\/aviso-de-privacidad\/","url":"https:\/\/www.movingedge.com\/es\/aviso-de-privacidad\/","name":"Aviso de Privacidad - Moving Edge","isPartOf":{"@id":"https:\/\/www.movingedge.com\/es\/#website"},"primaryImageOfPage":{"@id":"https:\/\/www.movingedge.com\/es\/aviso-de-privacidad\/#primaryimage"},"image":{"@id":"https:\/\/www.movingedge.com\/es\/aviso-de-privacidad\/#primaryimage"},"thumbnailUrl":"https:\/\/www.movingedge.com\/es\/wp-content\/uploads\/sites\/7\/About-Background.png","datePublished":"2018-07-31T14:00:55+00:00","dateModified":"2019-07-30T10:17:59+00:00","breadcrumb":{"@id":"https:\/\/www.movingedge.com\/es\/aviso-de-privacidad\/#breadcrumb"},"inLanguage":"es","potentialAction":[{"@type":"ReadAction","target":["https:\/\/www.movingedge.com\/es\/aviso-de-privacidad\/"]}]},{"@type":"ImageObject","inLanguage":"es","@id":"https:\/\/www.movingedge.com\/es\/aviso-de-privacidad\/#primaryimage","url":"https:\/\/www.movingedge.com\/es\/wp-content\/uploads\/sites\/7\/About-Background.png","contentUrl":"https:\/\/www.movingedge.com\/es\/wp-content\/uploads\/sites\/7\/About-Background.png","width":1920,"height":450,"caption":"About Moving Edge"},{"@type":"BreadcrumbList","@id":"https:\/\/www.movingedge.com\/es\/aviso-de-privacidad\/#breadcrumb","itemListElement":[{"@type":"ListItem","position":1,"name":"Home","item":"https:\/\/www.movingedge.com\/es\/"},{"@type":"ListItem","position":2,"name":"Aviso de Privacidad"}]},{"@type":"WebSite","@id":"https:\/\/www.movingedge.com\/es\/#website","url":"https:\/\/www.movingedge.com\/es\/","name":"Moving Edge","description":"Cutting Edge Safety","potentialAction":[{"@type":"SearchAction","target":{"@type":"EntryPoint","urlTemplate":"https:\/\/www.movingedge.com\/es\/?s={search_term_string}"},"query-input":{"@type":"PropertyValueSpecification","valueRequired":true,"valueName":"search_term_string"}}],"inLanguage":"es"}]}},"_links":{"self":[{"href":"https:\/\/www.movingedge.com\/es\/wp-json\/wp\/v2\/pages\/206","targetHints":{"allow":["GET"]}}],"collection":[{"href":"https:\/\/www.movingedge.com\/es\/wp-json\/wp\/v2\/pages"}],"about":[{"href":"https:\/\/www.movingedge.com\/es\/wp-json\/wp\/v2\/types\/page"}],"author":[{"embeddable":true,"href":"https:\/\/www.movingedge.com\/es\/wp-json\/wp\/v2\/users\/1"}],"replies":[{"embeddable":true,"href":"https:\/\/www.movingedge.com\/es\/wp-json\/wp\/v2\/comments?post=206"}],"version-history":[{"count":0,"href":"https:\/\/www.movingedge.com\/es\/wp-json\/wp\/v2\/pages\/206\/revisions"}],"wp:featuredmedia":[{"embeddable":true,"href":"https:\/\/www.movingedge.com\/es\/wp-json\/wp\/v2\/media\/835"}],"wp:attachment":[{"href":"https:\/\/www.movingedge.com\/es\/wp-json\/wp\/v2\/media?parent=206"}],"curies":[{"name":"wp","href":"https:\/\/api.w.org\/{rel}","templated":true}]}}