{"id":203,"date":"2018-07-31T14:52:27","date_gmt":"2018-07-31T13:52:27","guid":{"rendered":"https:\/\/www.movingedge.com\/es\/?page_id=203"},"modified":"2021-12-02T10:55:44","modified_gmt":"2021-12-02T10:55:44","slug":"cookies","status":"publish","type":"page","link":"https:\/\/www.movingedge.com\/es\/cookies\/","title":{"rendered":"Cookies"},"content":{"rendered":"<p>Nuestra web utiliza cookies para distinguirlo de otros usuarios. Esto nos ayuda a proporcionarle una mejor experiencia al navegar y mejorar nuestra web. Aparecer\u00e1 un mensaje en la esquina inferior izquierda de cada p\u00e1gina que visite hasta que decida permitir o bloquear el uso de cookies en su dispositivo. Tenga en cuenta que la funcionalidad del sitio puede verse afectada al elegir no permitir las cookies.<\/p>\n<h3>\u00bfQu\u00e9 es una cookie?<\/h3>\n<p>Una cookie es un peque\u00f1o archivo de letras y n\u00fameros que almacenamos en su navegador si usted est\u00e1 de acuerdo. Las cookies contienen informaci\u00f3n que se transfiere al disco duro de su ordenador. Para obtener m\u00e1s informaci\u00f3n sobre la configuraci\u00f3n de cookies, consulte en el apartado ayuda de su navegador. Aqu\u00ed encontrar\u00e1s informaci\u00f3n sobre los navegadores m\u00e1s populares:<\/p>\n<ul>\n<li><strong>Mozilla Firefox<\/strong>:&nbsp;<a href=\"https:\/\/support.mozilla.org\/es\/kb\/cookies-informacion-que-los-sitios-web-guardan-en-\">https:\/\/support.mozilla.org\/es\/kb\/cookies-informacion-que-los-sitios-web-guardan-en-<\/a><\/li>\n<li><strong>Google Chrome<\/strong>:&nbsp;<a href=\"https:\/\/support.google.com\/chrome\/answer\/95647\">https:\/\/support.google.com\/chrome\/answer\/95647<\/a><\/li>\n<li><strong>Explorer<\/strong>:&nbsp;<a href=\"http:\/\/windows.microsoft.com\/es-es\/windows7\/how-to-manage-cookies-in-internet-explorer-9\">http:\/\/windows.microsoft.com\/es-es\/windows7\/how-to-manage-cookies-in-internet-explorer-9<\/a><\/li>\n<li><strong>Opera<\/strong>:&nbsp;<a href=\"http:\/\/help.opera.com\/Linux\/10.60\/es-ES\/cookies.html\">http:\/\/help.opera.com\/Linux\/10.60\/es-ES\/cookies.html<\/a><\/li>\n<li><strong>Safari<\/strong>:&nbsp;<a href=\"http:\/\/support.apple.com\/kb\/ph17191\">http:\/\/support.apple.com\/kb\/ph17191<\/a><\/li>\n<\/ul>\n<p>Para encontrar informaci\u00f3n relacionada con otros navegadores, visite la web del desarrollador del navegador.<\/p>\n<p>Para optar por no ser rastreado por Google Analytics en las webs, visite&nbsp;<a href=\"http:\/\/tools.google.com\/dlpage\/gaoptout\">http:\/\/tools.google.com\/dlpage\/gaoptout<\/a>.<\/p>\n<p>Las cookies hacen diferentes funciones, por lo que para hacer que su uso sea lo m\u00e1s transparente posible, las categorizamos de la siguiente manera:<\/p>\n<ul>\n<li><strong>Cookies estrictamente necesarias<\/strong>. Estas son cookies que se requieren para el funcionamiento de nuestra web. Incluyen, por ejemplo, cookies que le permiten iniciar sesi\u00f3n en \u00e1reas seguras de nuestra web, como su perfil de cuenta.<\/li>\n<li><strong>Cookies de rendimiento<\/strong>. Esto nos permite reconocer y contar el n\u00famero de visitantes a nuestra web y ver c\u00f3mo los se mueven por ella, cuando y lo que est\u00e1n usando. Esto nos ayuda a mejorar la forma en que funciona nuestra web, por ejemplo, a garantizar que los usuarios encuentren lo que buscan con facilidad.<\/li>\n<li><strong>Cookies de funcionalidad<\/strong>. Se utilizan para reconocerlo cuando vuelve a nuestra web, permiti\u00e9ndonos personalizar nuestro contenido, saludarlo por su nombre y recordar sus preferencias.<\/li>\n<\/ul>\n<table class=\"is-table\">\n<tbody>\n<tr>\n<td width=\"160\"><strong> Nombre de la cookie <\/strong><\/td>\n<td width=\"95\"><strong> Editor <\/strong><\/td>\n<td width=\"104\"><strong> Categor\u00eda <\/strong><\/td>\n<td width=\"242\"><strong> M\u00e1s informaci\u00f3n <\/strong><\/td>\n<\/tr>\n<tr>\n<td width=\"160\"><strong> _ga, _gid, _gat, __utma, _utmb, __utmc, __utmz, _utmt <\/strong><\/td>\n<td width=\"95\">Google<\/td>\n<td width=\"104\">Analytics<\/td>\n<td width=\"242\">https:\/\/developers.google.com\/analytics\/devguides\/collection\/analyticsjs\/cookie-usage<\/td>\n<\/tr>\n<tr>\n<td width=\"160\"><strong> CookieControl <\/strong><\/td>\n<td width=\"95\">COBA Europa<\/td>\n<td width=\"104\">Esencial<\/td>\n<td width=\"242\">&nbsp;<\/td>\n<\/tr>\n<tr>\n<td width=\"160\"><strong> _GRECAPTCHA <\/strong><\/td>\n<td width=\"95\">Google<\/td>\n<td width=\"104\">Esencial<\/td>\n<td width=\"242\">https:\/\/policies.google.com\/technologies\/cookies?hl=en-US<\/td>\n<\/tr>\n<\/tbody>\n<\/table>\n<p>Nos reservamos el derecho de modificar esta pol\u00edtica de cookies de vez en cuando. Es su responsabilidad verificar regularmente si ha le\u00eddo y dado su consentimiento a la \u00faltima versi\u00f3n de la pol\u00edtica de cookies aplicable. Esta pol\u00edtica de cookies se actualiz\u00f3 por \u00faltima vez el 25 de mayo de 2018.<\/p>\n","protected":false},"excerpt":{"rendered":"<p>Nuestra web utiliza cookies para distinguirlo de otros usuarios. Esto nos ayuda a proporcionarle una mejor experiencia al navegar y mejorar nuestra web. Aparecer\u00e1 un mensaje en la esquina inferior izquierda de cada p\u00e1gina que visite hasta que decida permitir o bloquear el uso de cookies en su dispositivo. Tenga en cuenta que la funcionalidad [&hellip;]<\/p>\n","protected":false},"author":1,"featured_media":835,"parent":0,"menu_order":0,"comment_status":"closed","ping_status":"closed","template":"","meta":{"footnotes":""},"class_list":["post-203","page","type-page","status-publish","has-post-thumbnail","hentry"],"yoast_head":"<!-- This site is optimized with the Yoast SEO plugin v26.0 - https:\/\/yoast.com\/wordpress\/plugins\/seo\/ -->\n<title>Cookies - Moving Edge<\/title>\n<meta name=\"robots\" content=\"index, follow, max-snippet:-1, max-image-preview:large, max-video-preview:-1\" \/>\n<link rel=\"canonical\" href=\"https:\/\/www.movingedge.com\/es\/cookies\/\" \/>\n<meta property=\"og:locale\" content=\"es_ES\" \/>\n<meta property=\"og:type\" content=\"article\" \/>\n<meta property=\"og:title\" content=\"Cookies - Moving Edge\" \/>\n<meta property=\"og:description\" content=\"Nuestra web utiliza cookies para distinguirlo de otros usuarios. Esto nos ayuda a proporcionarle una mejor experiencia al navegar y mejorar nuestra web. Aparecer\u00e1 un mensaje en la esquina inferior izquierda de cada p\u00e1gina que visite hasta que decida permitir o bloquear el uso de cookies en su dispositivo. Tenga en cuenta que la funcionalidad [&hellip;]\" \/>\n<meta property=\"og:url\" content=\"https:\/\/www.movingedge.com\/es\/cookies\/\" \/>\n<meta property=\"og:site_name\" content=\"Moving Edge\" \/>\n<meta property=\"article:modified_time\" content=\"2021-12-02T10:55:44+00:00\" \/>\n<meta property=\"og:image\" content=\"https:\/\/www.movingedge.com\/es\/wp-content\/uploads\/sites\/7\/About-Background.png\" \/>\n\t<meta property=\"og:image:width\" content=\"1920\" \/>\n\t<meta property=\"og:image:height\" content=\"450\" \/>\n\t<meta property=\"og:image:type\" content=\"image\/png\" \/>\n<meta name=\"twitter:card\" content=\"summary_large_image\" \/>\n<meta name=\"twitter:label1\" content=\"Tiempo de lectura\" \/>\n\t<meta name=\"twitter:data1\" content=\"2 minutos\" \/>\n<script type=\"application\/ld+json\" class=\"yoast-schema-graph\">{\"@context\":\"https:\/\/schema.org\",\"@graph\":[{\"@type\":\"WebPage\",\"@id\":\"https:\/\/www.movingedge.com\/es\/cookies\/\",\"url\":\"https:\/\/www.movingedge.com\/es\/cookies\/\",\"name\":\"Cookies - Moving Edge\",\"isPartOf\":{\"@id\":\"https:\/\/www.movingedge.com\/es\/#website\"},\"primaryImageOfPage\":{\"@id\":\"https:\/\/www.movingedge.com\/es\/cookies\/#primaryimage\"},\"image\":{\"@id\":\"https:\/\/www.movingedge.com\/es\/cookies\/#primaryimage\"},\"thumbnailUrl\":\"https:\/\/www.movingedge.com\/es\/wp-content\/uploads\/sites\/7\/About-Background.png\",\"datePublished\":\"2018-07-31T13:52:27+00:00\",\"dateModified\":\"2021-12-02T10:55:44+00:00\",\"breadcrumb\":{\"@id\":\"https:\/\/www.movingedge.com\/es\/cookies\/#breadcrumb\"},\"inLanguage\":\"es\",\"potentialAction\":[{\"@type\":\"ReadAction\",\"target\":[\"https:\/\/www.movingedge.com\/es\/cookies\/\"]}]},{\"@type\":\"ImageObject\",\"inLanguage\":\"es\",\"@id\":\"https:\/\/www.movingedge.com\/es\/cookies\/#primaryimage\",\"url\":\"https:\/\/www.movingedge.com\/es\/wp-content\/uploads\/sites\/7\/About-Background.png\",\"contentUrl\":\"https:\/\/www.movingedge.com\/es\/wp-content\/uploads\/sites\/7\/About-Background.png\",\"width\":1920,\"height\":450,\"caption\":\"About Moving Edge\"},{\"@type\":\"BreadcrumbList\",\"@id\":\"https:\/\/www.movingedge.com\/es\/cookies\/#breadcrumb\",\"itemListElement\":[{\"@type\":\"ListItem\",\"position\":1,\"name\":\"Home\",\"item\":\"https:\/\/www.movingedge.com\/es\/\"},{\"@type\":\"ListItem\",\"position\":2,\"name\":\"Cookies\"}]},{\"@type\":\"WebSite\",\"@id\":\"https:\/\/www.movingedge.com\/es\/#website\",\"url\":\"https:\/\/www.movingedge.com\/es\/\",\"name\":\"Moving Edge\",\"description\":\"Cutting Edge Safety\",\"potentialAction\":[{\"@type\":\"SearchAction\",\"target\":{\"@type\":\"EntryPoint\",\"urlTemplate\":\"https:\/\/www.movingedge.com\/es\/?s={search_term_string}\"},\"query-input\":{\"@type\":\"PropertyValueSpecification\",\"valueRequired\":true,\"valueName\":\"search_term_string\"}}],\"inLanguage\":\"es\"}]}<\/script>\n<!-- \/ Yoast SEO plugin. -->","yoast_head_json":{"title":"Cookies - Moving Edge","robots":{"index":"index","follow":"follow","max-snippet":"max-snippet:-1","max-image-preview":"max-image-preview:large","max-video-preview":"max-video-preview:-1"},"canonical":"https:\/\/www.movingedge.com\/es\/cookies\/","og_locale":"es_ES","og_type":"article","og_title":"Cookies - Moving Edge","og_description":"Nuestra web utiliza cookies para distinguirlo de otros usuarios. Esto nos ayuda a proporcionarle una mejor experiencia al navegar y mejorar nuestra web. Aparecer\u00e1 un mensaje en la esquina inferior izquierda de cada p\u00e1gina que visite hasta que decida permitir o bloquear el uso de cookies en su dispositivo. Tenga en cuenta que la funcionalidad [&hellip;]","og_url":"https:\/\/www.movingedge.com\/es\/cookies\/","og_site_name":"Moving Edge","article_modified_time":"2021-12-02T10:55:44+00:00","og_image":[{"width":1920,"height":450,"url":"https:\/\/www.movingedge.com\/es\/wp-content\/uploads\/sites\/7\/About-Background.png","type":"image\/png"}],"twitter_card":"summary_large_image","twitter_misc":{"Tiempo de lectura":"2 minutos"},"schema":{"@context":"https:\/\/schema.org","@graph":[{"@type":"WebPage","@id":"https:\/\/www.movingedge.com\/es\/cookies\/","url":"https:\/\/www.movingedge.com\/es\/cookies\/","name":"Cookies - Moving Edge","isPartOf":{"@id":"https:\/\/www.movingedge.com\/es\/#website"},"primaryImageOfPage":{"@id":"https:\/\/www.movingedge.com\/es\/cookies\/#primaryimage"},"image":{"@id":"https:\/\/www.movingedge.com\/es\/cookies\/#primaryimage"},"thumbnailUrl":"https:\/\/www.movingedge.com\/es\/wp-content\/uploads\/sites\/7\/About-Background.png","datePublished":"2018-07-31T13:52:27+00:00","dateModified":"2021-12-02T10:55:44+00:00","breadcrumb":{"@id":"https:\/\/www.movingedge.com\/es\/cookies\/#breadcrumb"},"inLanguage":"es","potentialAction":[{"@type":"ReadAction","target":["https:\/\/www.movingedge.com\/es\/cookies\/"]}]},{"@type":"ImageObject","inLanguage":"es","@id":"https:\/\/www.movingedge.com\/es\/cookies\/#primaryimage","url":"https:\/\/www.movingedge.com\/es\/wp-content\/uploads\/sites\/7\/About-Background.png","contentUrl":"https:\/\/www.movingedge.com\/es\/wp-content\/uploads\/sites\/7\/About-Background.png","width":1920,"height":450,"caption":"About Moving Edge"},{"@type":"BreadcrumbList","@id":"https:\/\/www.movingedge.com\/es\/cookies\/#breadcrumb","itemListElement":[{"@type":"ListItem","position":1,"name":"Home","item":"https:\/\/www.movingedge.com\/es\/"},{"@type":"ListItem","position":2,"name":"Cookies"}]},{"@type":"WebSite","@id":"https:\/\/www.movingedge.com\/es\/#website","url":"https:\/\/www.movingedge.com\/es\/","name":"Moving Edge","description":"Cutting Edge Safety","potentialAction":[{"@type":"SearchAction","target":{"@type":"EntryPoint","urlTemplate":"https:\/\/www.movingedge.com\/es\/?s={search_term_string}"},"query-input":{"@type":"PropertyValueSpecification","valueRequired":true,"valueName":"search_term_string"}}],"inLanguage":"es"}]}},"_links":{"self":[{"href":"https:\/\/www.movingedge.com\/es\/wp-json\/wp\/v2\/pages\/203","targetHints":{"allow":["GET"]}}],"collection":[{"href":"https:\/\/www.movingedge.com\/es\/wp-json\/wp\/v2\/pages"}],"about":[{"href":"https:\/\/www.movingedge.com\/es\/wp-json\/wp\/v2\/types\/page"}],"author":[{"embeddable":true,"href":"https:\/\/www.movingedge.com\/es\/wp-json\/wp\/v2\/users\/1"}],"replies":[{"embeddable":true,"href":"https:\/\/www.movingedge.com\/es\/wp-json\/wp\/v2\/comments?post=203"}],"version-history":[{"count":2,"href":"https:\/\/www.movingedge.com\/es\/wp-json\/wp\/v2\/pages\/203\/revisions"}],"predecessor-version":[{"id":1141,"href":"https:\/\/www.movingedge.com\/es\/wp-json\/wp\/v2\/pages\/203\/revisions\/1141"}],"wp:featuredmedia":[{"embeddable":true,"href":"https:\/\/www.movingedge.com\/es\/wp-json\/wp\/v2\/media\/835"}],"wp:attachment":[{"href":"https:\/\/www.movingedge.com\/es\/wp-json\/wp\/v2\/media?parent=203"}],"curies":[{"name":"wp","href":"https:\/\/api.w.org\/{rel}","templated":true}]}}