{"id":468,"date":"2018-08-09T16:28:10","date_gmt":"2018-08-09T15:28:10","guid":{"rendered":"https:\/\/www.movingedge.com\/?page_id=468"},"modified":"2020-02-20T10:14:05","modified_gmt":"2020-02-20T10:14:05","slug":"kosten-und-abfall-rechner","status":"publish","type":"page","link":"https:\/\/www.movingedge.com\/de\/quellen\/wissensdatenbank\/kosten-und-abfall-rechner\/","title":{"rendered":"Kosten- und Abfall-Rechner"},"content":{"rendered":"","protected":false},"excerpt":{"rendered":"","protected":false},"author":1,"featured_media":1078,"parent":445,"menu_order":0,"comment_status":"closed","ping_status":"closed","template":"calc.php","meta":{"footnotes":""},"class_list":["post-468","page","type-page","status-publish","has-post-thumbnail","hentry"],"yoast_head":"<!-- This site is optimized with the Yoast SEO plugin v26.0 - https:\/\/yoast.com\/wordpress\/plugins\/seo\/ -->\n<title>Kosten- und Abfall-Rechner f\u00fcr Sicherheitsmesser und Cutter<\/title>\n<meta name=\"description\" content=\"Mit unserem Kosten- und Abfallrechner k\u00f6nnen Sie schnell das f\u00fcr Sie beste Kosteneinsparungspotenzial ermitteln und die potenzielle Abfallreduzierung ermitteln.\" \/>\n<meta name=\"robots\" content=\"index, follow, max-snippet:-1, max-image-preview:large, max-video-preview:-1\" \/>\n<link rel=\"canonical\" href=\"https:\/\/www.movingedge.com\/de\/quellen\/wissensdatenbank\/kosten-und-abfall-rechner\/\" \/>\n<meta property=\"og:locale\" content=\"de_DE\" \/>\n<meta property=\"og:type\" content=\"article\" \/>\n<meta property=\"og:title\" content=\"Kosten- und Abfall-Rechner f\u00fcr Sicherheitsmesser und Cutter\" \/>\n<meta property=\"og:description\" content=\"Mit unserem Kosten- und Abfallrechner k\u00f6nnen Sie schnell das f\u00fcr Sie beste Kosteneinsparungspotenzial ermitteln und die potenzielle Abfallreduzierung ermitteln.\" \/>\n<meta property=\"og:url\" content=\"https:\/\/www.movingedge.com\/de\/quellen\/wissensdatenbank\/kosten-und-abfall-rechner\/\" \/>\n<meta property=\"og:site_name\" content=\"Moving Edge\" \/>\n<meta property=\"article:modified_time\" content=\"2020-02-20T10:14:05+00:00\" \/>\n<meta property=\"og:image\" content=\"https:\/\/www.movingedge.com\/de\/wp-content\/uploads\/sites\/2\/2018\/11\/Replacement-Messers-Background.png\" \/>\n\t<meta property=\"og:image:width\" content=\"1920\" \/>\n\t<meta property=\"og:image:height\" content=\"450\" \/>\n\t<meta property=\"og:image:type\" content=\"image\/png\" \/>\n<meta name=\"twitter:card\" content=\"summary_large_image\" \/>\n<script type=\"application\/ld+json\" class=\"yoast-schema-graph\">{\"@context\":\"https:\/\/schema.org\",\"@graph\":[{\"@type\":\"WebPage\",\"@id\":\"https:\/\/www.movingedge.com\/de\/quellen\/wissensdatenbank\/kosten-und-abfall-rechner\/\",\"url\":\"https:\/\/www.movingedge.com\/de\/quellen\/wissensdatenbank\/kosten-und-abfall-rechner\/\",\"name\":\"Kosten- und Abfall-Rechner f\u00fcr Sicherheitsmesser und Cutter\",\"isPartOf\":{\"@id\":\"https:\/\/www.movingedge.com\/de\/#website\"},\"primaryImageOfPage\":{\"@id\":\"https:\/\/www.movingedge.com\/de\/quellen\/wissensdatenbank\/kosten-und-abfall-rechner\/#primaryimage\"},\"image\":{\"@id\":\"https:\/\/www.movingedge.com\/de\/quellen\/wissensdatenbank\/kosten-und-abfall-rechner\/#primaryimage\"},\"thumbnailUrl\":\"https:\/\/www.movingedge.com\/de\/wp-content\/uploads\/sites\/2\/2018\/11\/Replacement-Messers-Background.png\",\"datePublished\":\"2018-08-09T15:28:10+00:00\",\"dateModified\":\"2020-02-20T10:14:05+00:00\",\"description\":\"Mit unserem Kosten- und Abfallrechner k\u00f6nnen Sie schnell das f\u00fcr Sie beste Kosteneinsparungspotenzial ermitteln und die potenzielle Abfallreduzierung ermitteln.\",\"breadcrumb\":{\"@id\":\"https:\/\/www.movingedge.com\/de\/quellen\/wissensdatenbank\/kosten-und-abfall-rechner\/#breadcrumb\"},\"inLanguage\":\"de\",\"potentialAction\":[{\"@type\":\"ReadAction\",\"target\":[\"https:\/\/www.movingedge.com\/de\/quellen\/wissensdatenbank\/kosten-und-abfall-rechner\/\"]}]},{\"@type\":\"ImageObject\",\"inLanguage\":\"de\",\"@id\":\"https:\/\/www.movingedge.com\/de\/quellen\/wissensdatenbank\/kosten-und-abfall-rechner\/#primaryimage\",\"url\":\"https:\/\/www.movingedge.com\/de\/wp-content\/uploads\/sites\/2\/2018\/11\/Replacement-Messers-Background.png\",\"contentUrl\":\"https:\/\/www.movingedge.com\/de\/wp-content\/uploads\/sites\/2\/2018\/11\/Replacement-Messers-Background.png\",\"width\":1920,\"height\":450,\"caption\":\"Sicherheitsmesser Cutter Cuttermesser Sortiment Klingeneinzug Ersatzklingen\"},{\"@type\":\"BreadcrumbList\",\"@id\":\"https:\/\/www.movingedge.com\/de\/quellen\/wissensdatenbank\/kosten-und-abfall-rechner\/#breadcrumb\",\"itemListElement\":[{\"@type\":\"ListItem\",\"position\":1,\"name\":\"Home\",\"item\":\"https:\/\/www.movingedge.com\/de\/\"},{\"@type\":\"ListItem\",\"position\":2,\"name\":\"Quellen\",\"item\":\"https:\/\/www.movingedge.com\/de\/quellen\/\"},{\"@type\":\"ListItem\",\"position\":3,\"name\":\"Wissensdatenbank\",\"item\":\"https:\/\/www.movingedge.com\/de\/quellen\/wissensdatenbank\/\"},{\"@type\":\"ListItem\",\"position\":4,\"name\":\"Kosten- und Abfall-Rechner\"}]},{\"@type\":\"WebSite\",\"@id\":\"https:\/\/www.movingedge.com\/de\/#website\",\"url\":\"https:\/\/www.movingedge.com\/de\/\",\"name\":\"Moving Edge\",\"description\":\"Cutting Edge Safety\",\"potentialAction\":[{\"@type\":\"SearchAction\",\"target\":{\"@type\":\"EntryPoint\",\"urlTemplate\":\"https:\/\/www.movingedge.com\/de\/?s={search_term_string}\"},\"query-input\":{\"@type\":\"PropertyValueSpecification\",\"valueRequired\":true,\"valueName\":\"search_term_string\"}}],\"inLanguage\":\"de\"}]}<\/script>\n<!-- \/ Yoast SEO plugin. -->","yoast_head_json":{"title":"Kosten- und Abfall-Rechner f\u00fcr Sicherheitsmesser und Cutter","description":"Mit unserem Kosten- und Abfallrechner k\u00f6nnen Sie schnell das f\u00fcr Sie beste Kosteneinsparungspotenzial ermitteln und die potenzielle Abfallreduzierung ermitteln.","robots":{"index":"index","follow":"follow","max-snippet":"max-snippet:-1","max-image-preview":"max-image-preview:large","max-video-preview":"max-video-preview:-1"},"canonical":"https:\/\/www.movingedge.com\/de\/quellen\/wissensdatenbank\/kosten-und-abfall-rechner\/","og_locale":"de_DE","og_type":"article","og_title":"Kosten- und Abfall-Rechner f\u00fcr Sicherheitsmesser und Cutter","og_description":"Mit unserem Kosten- und Abfallrechner k\u00f6nnen Sie schnell das f\u00fcr Sie beste Kosteneinsparungspotenzial ermitteln und die potenzielle Abfallreduzierung ermitteln.","og_url":"https:\/\/www.movingedge.com\/de\/quellen\/wissensdatenbank\/kosten-und-abfall-rechner\/","og_site_name":"Moving Edge","article_modified_time":"2020-02-20T10:14:05+00:00","og_image":[{"width":1920,"height":450,"url":"https:\/\/www.movingedge.com\/de\/wp-content\/uploads\/sites\/2\/2018\/11\/Replacement-Messers-Background.png","type":"image\/png"}],"twitter_card":"summary_large_image","schema":{"@context":"https:\/\/schema.org","@graph":[{"@type":"WebPage","@id":"https:\/\/www.movingedge.com\/de\/quellen\/wissensdatenbank\/kosten-und-abfall-rechner\/","url":"https:\/\/www.movingedge.com\/de\/quellen\/wissensdatenbank\/kosten-und-abfall-rechner\/","name":"Kosten- und Abfall-Rechner f\u00fcr Sicherheitsmesser und Cutter","isPartOf":{"@id":"https:\/\/www.movingedge.com\/de\/#website"},"primaryImageOfPage":{"@id":"https:\/\/www.movingedge.com\/de\/quellen\/wissensdatenbank\/kosten-und-abfall-rechner\/#primaryimage"},"image":{"@id":"https:\/\/www.movingedge.com\/de\/quellen\/wissensdatenbank\/kosten-und-abfall-rechner\/#primaryimage"},"thumbnailUrl":"https:\/\/www.movingedge.com\/de\/wp-content\/uploads\/sites\/2\/2018\/11\/Replacement-Messers-Background.png","datePublished":"2018-08-09T15:28:10+00:00","dateModified":"2020-02-20T10:14:05+00:00","description":"Mit unserem Kosten- und Abfallrechner k\u00f6nnen Sie schnell das f\u00fcr Sie beste Kosteneinsparungspotenzial ermitteln und die potenzielle Abfallreduzierung ermitteln.","breadcrumb":{"@id":"https:\/\/www.movingedge.com\/de\/quellen\/wissensdatenbank\/kosten-und-abfall-rechner\/#breadcrumb"},"inLanguage":"de","potentialAction":[{"@type":"ReadAction","target":["https:\/\/www.movingedge.com\/de\/quellen\/wissensdatenbank\/kosten-und-abfall-rechner\/"]}]},{"@type":"ImageObject","inLanguage":"de","@id":"https:\/\/www.movingedge.com\/de\/quellen\/wissensdatenbank\/kosten-und-abfall-rechner\/#primaryimage","url":"https:\/\/www.movingedge.com\/de\/wp-content\/uploads\/sites\/2\/2018\/11\/Replacement-Messers-Background.png","contentUrl":"https:\/\/www.movingedge.com\/de\/wp-content\/uploads\/sites\/2\/2018\/11\/Replacement-Messers-Background.png","width":1920,"height":450,"caption":"Sicherheitsmesser Cutter Cuttermesser Sortiment Klingeneinzug Ersatzklingen"},{"@type":"BreadcrumbList","@id":"https:\/\/www.movingedge.com\/de\/quellen\/wissensdatenbank\/kosten-und-abfall-rechner\/#breadcrumb","itemListElement":[{"@type":"ListItem","position":1,"name":"Home","item":"https:\/\/www.movingedge.com\/de\/"},{"@type":"ListItem","position":2,"name":"Quellen","item":"https:\/\/www.movingedge.com\/de\/quellen\/"},{"@type":"ListItem","position":3,"name":"Wissensdatenbank","item":"https:\/\/www.movingedge.com\/de\/quellen\/wissensdatenbank\/"},{"@type":"ListItem","position":4,"name":"Kosten- und Abfall-Rechner"}]},{"@type":"WebSite","@id":"https:\/\/www.movingedge.com\/de\/#website","url":"https:\/\/www.movingedge.com\/de\/","name":"Moving Edge","description":"Cutting Edge Safety","potentialAction":[{"@type":"SearchAction","target":{"@type":"EntryPoint","urlTemplate":"https:\/\/www.movingedge.com\/de\/?s={search_term_string}"},"query-input":{"@type":"PropertyValueSpecification","valueRequired":true,"valueName":"search_term_string"}}],"inLanguage":"de"}]}},"_links":{"self":[{"href":"https:\/\/www.movingedge.com\/de\/wp-json\/wp\/v2\/pages\/468","targetHints":{"allow":["GET"]}}],"collection":[{"href":"https:\/\/www.movingedge.com\/de\/wp-json\/wp\/v2\/pages"}],"about":[{"href":"https:\/\/www.movingedge.com\/de\/wp-json\/wp\/v2\/types\/page"}],"author":[{"embeddable":true,"href":"https:\/\/www.movingedge.com\/de\/wp-json\/wp\/v2\/users\/1"}],"replies":[{"embeddable":true,"href":"https:\/\/www.movingedge.com\/de\/wp-json\/wp\/v2\/comments?post=468"}],"version-history":[{"count":1,"href":"https:\/\/www.movingedge.com\/de\/wp-json\/wp\/v2\/pages\/468\/revisions"}],"predecessor-version":[{"id":1303,"href":"https:\/\/www.movingedge.com\/de\/wp-json\/wp\/v2\/pages\/468\/revisions\/1303"}],"up":[{"embeddable":true,"href":"https:\/\/www.movingedge.com\/de\/wp-json\/wp\/v2\/pages\/445"}],"wp:featuredmedia":[{"embeddable":true,"href":"https:\/\/www.movingedge.com\/de\/wp-json\/wp\/v2\/media\/1078"}],"wp:attachment":[{"href":"https:\/\/www.movingedge.com\/de\/wp-json\/wp\/v2\/media?parent=468"}],"curies":[{"name":"wp","href":"https:\/\/api.w.org\/{rel}","templated":true}]}}