{"id":449,"date":"2018-08-09T11:31:49","date_gmt":"2018-08-09T10:31:49","guid":{"rendered":"https:\/\/www.movingedge.com\/?page_id=449"},"modified":"2020-02-20T10:22:49","modified_gmt":"2020-02-20T10:22:49","slug":"haeufig-gestellte-fragen","status":"publish","type":"page","link":"https:\/\/www.movingedge.com\/de\/quellen\/haeufig-gestellte-fragen\/","title":{"rendered":"H\u00e4ufig gestellte Fragen"},"content":{"rendered":"\n<p>Mit unsere Rubrik \u201eh\u00e4ufig gestellte Fragen\u201c wollen wir sicherstellen, dass Sie alles \u00fcber die Moving Edge Sicherheitsmesser erfahren, was Sie wissen m\u00f6chten. Sollten Sie eine Frage haben, die hier nicht beantwortet wird, <a href=\"https:\/\/www.movingedge.com\/de\/kontakt\/\">lassen Sie es uns wissen<\/a>. Besuchen Sie au\u00dferdem gerne den <a href=\"https:\/\/www.movingedge.com\/de\/quellen\/wissensdatenbank\/\">Wissensbereich<\/a>, wo Sie n\u00fctzliche Quellen wie z.B. unsere <a href=\"https:\/\/www.movingedge.com\/de\/quellen\/wissensdatenbank\/knife-risk-assessment\/\">Risikobewertung f\u00fcr Messer<\/a>, und unseren <a href=\"https:\/\/www.movingedge.com\/de\/quellen\/wissensdatenbank\/kosten-und-abfall-rechner\/\">Kosten- und Abfall-Rechner<\/a> f\u00fcr Einwegmesser finden.<\/p>\n","protected":false},"excerpt":{"rendered":"<p>Mit unsere Rubrik \u201eh\u00e4ufig gestellte Fragen\u201c wollen wir sicherstellen, dass Sie alles \u00fcber die Moving Edge Sicherheitsmesser erfahren, was Sie wissen m\u00f6chten. Sollten Sie eine Frage haben, die hier nicht beantwortet wird, lassen Sie es uns wissen. Besuchen Sie au\u00dferdem gerne den Wissensbereich, wo Sie n\u00fctzliche Quellen wie z.B. unsere Risikobewertung f\u00fcr Messer, und unseren [&hellip;]<\/p>\n","protected":false},"author":1,"featured_media":1086,"parent":441,"menu_order":0,"comment_status":"closed","ping_status":"closed","template":"faq.php","meta":{"footnotes":""},"class_list":["post-449","page","type-page","status-publish","has-post-thumbnail","hentry"],"yoast_head":"<!-- This site is optimized with the Yoast SEO plugin v26.0 - https:\/\/yoast.com\/wordpress\/plugins\/seo\/ -->\n<title>Sicherheitsmesser: H\u00e4ufig gestellte Fragen - Moving Edge<\/title>\n<meta name=\"description\" content=\"Antworten auf die meist gestellten Fragen zum Umgang und Einsatz von Sicherheitsmesser und Cutter am Arbeitsplatz.\" \/>\n<meta name=\"robots\" content=\"index, follow, max-snippet:-1, max-image-preview:large, max-video-preview:-1\" \/>\n<link rel=\"canonical\" href=\"https:\/\/www.movingedge.com\/de\/quellen\/haeufig-gestellte-fragen\/\" \/>\n<meta property=\"og:locale\" content=\"de_DE\" \/>\n<meta property=\"og:type\" content=\"article\" \/>\n<meta property=\"og:title\" content=\"Sicherheitsmesser: H\u00e4ufig gestellte Fragen - Moving Edge\" \/>\n<meta property=\"og:description\" content=\"Antworten auf die meist gestellten Fragen zum Umgang und Einsatz von Sicherheitsmesser und Cutter am Arbeitsplatz.\" \/>\n<meta property=\"og:url\" content=\"https:\/\/www.movingedge.com\/de\/quellen\/haeufig-gestellte-fragen\/\" \/>\n<meta property=\"og:site_name\" content=\"Moving Edge\" \/>\n<meta property=\"article:modified_time\" content=\"2020-02-20T10:22:49+00:00\" \/>\n<meta property=\"og:image\" content=\"https:\/\/www.movingedge.com\/de\/wp-content\/uploads\/sites\/2\/2018\/11\/Zubehor-Background.png\" \/>\n\t<meta property=\"og:image:width\" content=\"1920\" \/>\n\t<meta property=\"og:image:height\" content=\"450\" \/>\n\t<meta property=\"og:image:type\" content=\"image\/png\" \/>\n<meta name=\"twitter:card\" content=\"summary_large_image\" \/>\n<script type=\"application\/ld+json\" class=\"yoast-schema-graph\">{\"@context\":\"https:\/\/schema.org\",\"@graph\":[{\"@type\":\"WebPage\",\"@id\":\"https:\/\/www.movingedge.com\/de\/quellen\/haeufig-gestellte-fragen\/\",\"url\":\"https:\/\/www.movingedge.com\/de\/quellen\/haeufig-gestellte-fragen\/\",\"name\":\"Sicherheitsmesser: H\u00e4ufig gestellte Fragen - Moving Edge\",\"isPartOf\":{\"@id\":\"https:\/\/www.movingedge.com\/de\/#website\"},\"primaryImageOfPage\":{\"@id\":\"https:\/\/www.movingedge.com\/de\/quellen\/haeufig-gestellte-fragen\/#primaryimage\"},\"image\":{\"@id\":\"https:\/\/www.movingedge.com\/de\/quellen\/haeufig-gestellte-fragen\/#primaryimage\"},\"thumbnailUrl\":\"https:\/\/www.movingedge.com\/de\/wp-content\/uploads\/sites\/2\/2018\/11\/Zubehor-Background.png\",\"datePublished\":\"2018-08-09T10:31:49+00:00\",\"dateModified\":\"2020-02-20T10:22:49+00:00\",\"description\":\"Antworten auf die meist gestellten Fragen zum Umgang und Einsatz von Sicherheitsmesser und Cutter am Arbeitsplatz.\",\"breadcrumb\":{\"@id\":\"https:\/\/www.movingedge.com\/de\/quellen\/haeufig-gestellte-fragen\/#breadcrumb\"},\"inLanguage\":\"de\",\"potentialAction\":[{\"@type\":\"ReadAction\",\"target\":[\"https:\/\/www.movingedge.com\/de\/quellen\/haeufig-gestellte-fragen\/\"]}]},{\"@type\":\"ImageObject\",\"inLanguage\":\"de\",\"@id\":\"https:\/\/www.movingedge.com\/de\/quellen\/haeufig-gestellte-fragen\/#primaryimage\",\"url\":\"https:\/\/www.movingedge.com\/de\/wp-content\/uploads\/sites\/2\/2018\/11\/Zubehor-Background.png\",\"contentUrl\":\"https:\/\/www.movingedge.com\/de\/wp-content\/uploads\/sites\/2\/2018\/11\/Zubehor-Background.png\",\"width\":1920,\"height\":450},{\"@type\":\"BreadcrumbList\",\"@id\":\"https:\/\/www.movingedge.com\/de\/quellen\/haeufig-gestellte-fragen\/#breadcrumb\",\"itemListElement\":[{\"@type\":\"ListItem\",\"position\":1,\"name\":\"Home\",\"item\":\"https:\/\/www.movingedge.com\/de\/\"},{\"@type\":\"ListItem\",\"position\":2,\"name\":\"Quellen\",\"item\":\"https:\/\/www.movingedge.com\/de\/quellen\/\"},{\"@type\":\"ListItem\",\"position\":3,\"name\":\"H\u00e4ufig gestellte Fragen\"}]},{\"@type\":\"WebSite\",\"@id\":\"https:\/\/www.movingedge.com\/de\/#website\",\"url\":\"https:\/\/www.movingedge.com\/de\/\",\"name\":\"Moving Edge\",\"description\":\"Cutting Edge Safety\",\"potentialAction\":[{\"@type\":\"SearchAction\",\"target\":{\"@type\":\"EntryPoint\",\"urlTemplate\":\"https:\/\/www.movingedge.com\/de\/?s={search_term_string}\"},\"query-input\":{\"@type\":\"PropertyValueSpecification\",\"valueRequired\":true,\"valueName\":\"search_term_string\"}}],\"inLanguage\":\"de\"}]}<\/script>\n<!-- \/ Yoast SEO plugin. -->","yoast_head_json":{"title":"Sicherheitsmesser: H\u00e4ufig gestellte Fragen - Moving Edge","description":"Antworten auf die meist gestellten Fragen zum Umgang und Einsatz von Sicherheitsmesser und Cutter am Arbeitsplatz.","robots":{"index":"index","follow":"follow","max-snippet":"max-snippet:-1","max-image-preview":"max-image-preview:large","max-video-preview":"max-video-preview:-1"},"canonical":"https:\/\/www.movingedge.com\/de\/quellen\/haeufig-gestellte-fragen\/","og_locale":"de_DE","og_type":"article","og_title":"Sicherheitsmesser: H\u00e4ufig gestellte Fragen - Moving Edge","og_description":"Antworten auf die meist gestellten Fragen zum Umgang und Einsatz von Sicherheitsmesser und Cutter am Arbeitsplatz.","og_url":"https:\/\/www.movingedge.com\/de\/quellen\/haeufig-gestellte-fragen\/","og_site_name":"Moving Edge","article_modified_time":"2020-02-20T10:22:49+00:00","og_image":[{"width":1920,"height":450,"url":"https:\/\/www.movingedge.com\/de\/wp-content\/uploads\/sites\/2\/2018\/11\/Zubehor-Background.png","type":"image\/png"}],"twitter_card":"summary_large_image","schema":{"@context":"https:\/\/schema.org","@graph":[{"@type":"WebPage","@id":"https:\/\/www.movingedge.com\/de\/quellen\/haeufig-gestellte-fragen\/","url":"https:\/\/www.movingedge.com\/de\/quellen\/haeufig-gestellte-fragen\/","name":"Sicherheitsmesser: H\u00e4ufig gestellte Fragen - Moving Edge","isPartOf":{"@id":"https:\/\/www.movingedge.com\/de\/#website"},"primaryImageOfPage":{"@id":"https:\/\/www.movingedge.com\/de\/quellen\/haeufig-gestellte-fragen\/#primaryimage"},"image":{"@id":"https:\/\/www.movingedge.com\/de\/quellen\/haeufig-gestellte-fragen\/#primaryimage"},"thumbnailUrl":"https:\/\/www.movingedge.com\/de\/wp-content\/uploads\/sites\/2\/2018\/11\/Zubehor-Background.png","datePublished":"2018-08-09T10:31:49+00:00","dateModified":"2020-02-20T10:22:49+00:00","description":"Antworten auf die meist gestellten Fragen zum Umgang und Einsatz von Sicherheitsmesser und Cutter am Arbeitsplatz.","breadcrumb":{"@id":"https:\/\/www.movingedge.com\/de\/quellen\/haeufig-gestellte-fragen\/#breadcrumb"},"inLanguage":"de","potentialAction":[{"@type":"ReadAction","target":["https:\/\/www.movingedge.com\/de\/quellen\/haeufig-gestellte-fragen\/"]}]},{"@type":"ImageObject","inLanguage":"de","@id":"https:\/\/www.movingedge.com\/de\/quellen\/haeufig-gestellte-fragen\/#primaryimage","url":"https:\/\/www.movingedge.com\/de\/wp-content\/uploads\/sites\/2\/2018\/11\/Zubehor-Background.png","contentUrl":"https:\/\/www.movingedge.com\/de\/wp-content\/uploads\/sites\/2\/2018\/11\/Zubehor-Background.png","width":1920,"height":450},{"@type":"BreadcrumbList","@id":"https:\/\/www.movingedge.com\/de\/quellen\/haeufig-gestellte-fragen\/#breadcrumb","itemListElement":[{"@type":"ListItem","position":1,"name":"Home","item":"https:\/\/www.movingedge.com\/de\/"},{"@type":"ListItem","position":2,"name":"Quellen","item":"https:\/\/www.movingedge.com\/de\/quellen\/"},{"@type":"ListItem","position":3,"name":"H\u00e4ufig gestellte Fragen"}]},{"@type":"WebSite","@id":"https:\/\/www.movingedge.com\/de\/#website","url":"https:\/\/www.movingedge.com\/de\/","name":"Moving Edge","description":"Cutting Edge Safety","potentialAction":[{"@type":"SearchAction","target":{"@type":"EntryPoint","urlTemplate":"https:\/\/www.movingedge.com\/de\/?s={search_term_string}"},"query-input":{"@type":"PropertyValueSpecification","valueRequired":true,"valueName":"search_term_string"}}],"inLanguage":"de"}]}},"_links":{"self":[{"href":"https:\/\/www.movingedge.com\/de\/wp-json\/wp\/v2\/pages\/449","targetHints":{"allow":["GET"]}}],"collection":[{"href":"https:\/\/www.movingedge.com\/de\/wp-json\/wp\/v2\/pages"}],"about":[{"href":"https:\/\/www.movingedge.com\/de\/wp-json\/wp\/v2\/types\/page"}],"author":[{"embeddable":true,"href":"https:\/\/www.movingedge.com\/de\/wp-json\/wp\/v2\/users\/1"}],"replies":[{"embeddable":true,"href":"https:\/\/www.movingedge.com\/de\/wp-json\/wp\/v2\/comments?post=449"}],"version-history":[{"count":1,"href":"https:\/\/www.movingedge.com\/de\/wp-json\/wp\/v2\/pages\/449\/revisions"}],"predecessor-version":[{"id":1363,"href":"https:\/\/www.movingedge.com\/de\/wp-json\/wp\/v2\/pages\/449\/revisions\/1363"}],"up":[{"embeddable":true,"href":"https:\/\/www.movingedge.com\/de\/wp-json\/wp\/v2\/pages\/441"}],"wp:featuredmedia":[{"embeddable":true,"href":"https:\/\/www.movingedge.com\/de\/wp-json\/wp\/v2\/media\/1086"}],"wp:attachment":[{"href":"https:\/\/www.movingedge.com\/de\/wp-json\/wp\/v2\/media?parent=449"}],"curies":[{"name":"wp","href":"https:\/\/api.w.org\/{rel}","templated":true}]}}