{"id":206,"date":"2018-07-31T15:00:55","date_gmt":"2018-07-31T14:00:55","guid":{"rendered":"https:\/\/www.movingedge.com\/?page_id=206"},"modified":"2019-01-08T15:04:30","modified_gmt":"2019-01-08T15:04:30","slug":"datenschutzhinweis","status":"publish","type":"page","link":"https:\/\/www.movingedge.com\/de\/datenschutzhinweis\/","title":{"rendered":"Datenschutzhinweis"},"content":{"rendered":"<p>COBA Europe ist Teil der&nbsp;<a href=\"http:\/\/www.coba.com\/\">COBA-Gruppe<\/a>. Dieser Datenschutzhinweis erl\u00e4utert, wie wir Ihre pers\u00f6nlichen Daten verwenden, wenn Sie diese Website nutzen. Bitte lesen Sie ihn sorgf\u00e4ltig durch.<\/p>\n<ul>\n<li><a href=\"http:\/\/www.movingedge.com\/de\/datenschutzhinweis#infoSie\">Welche Informationen sammeln wir \u00fcber Sie?<\/a><\/li>\n<li><a href=\"http:\/\/www.movingedge.com\/de\/datenschutzhinweis#infoVerwendet\">Wie werden Ihre Informationen von uns verwendet?<\/a><\/li>\n<li><a href=\"http:\/\/www.movingedge.com\/de\/datenschutzhinweis#emailTele\">E-Mail-Marketing und Telemarketing<\/a><\/li>\n<li><a href=\"http:\/\/www.movingedge.com\/de\/datenschutzhinweis#automatisierung\">Marketing Automatisierung<\/a><\/li>\n<li><a href=\"http:\/\/www.movingedge.com\/de\/datenschutzhinweis#infoKorrekturen\">Zugriff auf Ihre Informationen und Korrekturen<\/a><\/li>\n<li><a href=\"http:\/\/www.movingedge.com\/de\/datenschutzhinweis#cookies\">Cookies<\/a><\/li>\n<li><a href=\"http:\/\/www.movingedge.com\/de\/datenschutzhinweis#andereWeb\">Andere Websites<\/a><\/li>\n<li><a href=\"http:\/\/www.movingedge.com\/de\/datenschutzhinweis#datenschut\">\u00c4nderungen unser Datenschutzerkl\u00e4rung<\/a><\/li>\n<li><a href=\"http:\/\/www.movingedge.com\/de\/datenschutzhinweis#sieUns\">So erreichen Sie uns<\/a><\/li>\n<\/ul>\n<h3 id=\"infoSie\">Welche Informationen sammeln wir \u00fcber Sie?<\/h3>\n<p>Wir k\u00f6nnen Informationen sammeln, wenn Sie die Website besuchen oder Produkte von der Website kaufen, aber nur, wenn Sie uns diese Informationen freiwillig zur Verf\u00fcgung stellen. Dazu k\u00f6nnen Angaben wie Ihr Name, Adresse, E-Mail-Adresse, Telefonnummer, Rechnungsdaten und Kreditkarteninformationen geh\u00f6ren. F\u00fcr die Nutzung der Website ist es nicht erforderlich, dass Sie uns solche Informationen zur Verf\u00fcgung stellen. Wenn Sie sich jedoch dazu entschlie\u00dfen, bestimmte von uns angeforderte Informationen zur\u00fcckzuhalten, k\u00f6nnen Sie m\u00f6glicherweise nicht alle Bereiche der Website besuchen oder Eink\u00e4ufe t\u00e4tigen. Informationen \u00fcber die Nutzung der Website werden mit Hilfe von cookies gesammelt.<\/p>\n<h3 id=\"infoVerwendet\">Wie werden Ihre Informationen von uns verwendet?<\/h3>\n<p>Wir verwenden die auf der Website gesammelten Informationen, um Ihnen den Zugang zu allen Teilen der Website zu erm\u00f6glichen und Ihre Bestellungen zu bearbeiten. Wenn Sie uns \u00fcber diese Website Informationen zur Verf\u00fcgung stellen, werden wir Ihre pers\u00f6nlichen Daten nicht an Dritte verkaufen, weitergeben oder vermieten (au\u00dfer wie unten ausdr\u00fccklich angegeben), aber wir k\u00f6nnen sie f\u00fcr unsere eigenen Zwecke verwenden:<\/p>\n<ul>\n<li>um die Website zu betreiben und zu verwalten;<\/li>\n<li>um Auftr\u00e4ge f\u00fcr Waren oder Dienstleistungen, zu deren Lieferung wir uns verpflichtet haben, zu erf\u00fcllen;<\/li>\n<li>um Sie \u00fcber andere Produkte und Dienstleistungen von COBA zu informieren.<\/li>\n<\/ul>\n<p>Wir werden keine Informationen, die wir von Ihnen auf der Website sammeln, weitergeben, k\u00f6nnen aber Informationen \u00fcber Sie mit andere Unternehmen innerhalb der COBA-Gruppe teilen. Alle Informationen, die diesen Unternehmen zur Verf\u00fcgung gestellt werden, werden von diesen Unternehmen nur in \u00dcbereinstimmung mit den Bestimmungen dieser Datenschutzerkl\u00e4rung verwendet.<\/p>\n<p>In manchen F\u00e4llen k\u00f6nnen Fremdfirmen eingeschr\u00e4nkten Zugriff auf Informationen haben, die auf der Website im Rahmen der Bereitstellung von Produkten oder Dienstleistungen f\u00fcr uns gesammelt werden, z.B. Hosting und Wartung der Website oder Kreditkartenunternehmen. Dieser Zugriff beschr\u00e4nkt sich ausschlie\u00dflich auf Informationen, die sie zur Erf\u00fcllung ihrer Aufgaben und Pflichten ben\u00f6tigen. Dritte sind immer dazu verpflichtet, die Bedingungen dieser Datenschutzerkl\u00e4rung einzuhalten, und werden dadurch daran gehindert, Informationen f\u00fcr andere Zwecke als die Erbringung von Dienstleistungen an uns zu verwenden oder weiterzugeben.<\/p>\n<p>Wir verwenden Ihre Daten f\u00fcr die oben beschriebenen Zwecke oder zu den Zwecken, die wir Ihnen mitteilen, wenn wir diese Informationen anfordern. Sie m\u00fcssen Ihr Einverst\u00e4ndnis erkl\u00e4ren und uns die ausdr\u00fcckliche Zustimmung erteilen, die Informationen f\u00fcr andere Zwecke zu verwenden (z.B. um uns zu erlauben, Werbematerial oder elektronische Benachrichtigungen zu versenden).<\/p>\n<p>Im Falle eines Verkaufs, eines Zusammenschlusses, einer \u00dcbertragung oder eines Verkaufs von uns oder einer Konzerngesellschaft behalten wir uns das Recht vor, Informationen an Dritte weiterzugeben, die verpflichtet sind, die Bedingungen dieser Datenschutzerkl\u00e4rung einzuhalten.<\/p>\n<p>L\u00e4nder au\u00dferhalb des Europ\u00e4ischen Wirtschaftsraums haben nicht immer strenge Datenschutzgesetze. Trotzdem bem\u00fchen wir uns stets darum, sicherzustellen, dass Ihre Daten von Dritten nur in \u00dcbereinstimmung mit dieser Datenschutzerkl\u00e4rung verwendet werden.<\/p>\n<h3 id=\"emailTele\">E-Mail-Marketing und Telemarketing<\/h3>\n<p>Wir m\u00f6chten Ihnen Informationen \u00fcber Produkte und Dienstleistungen unserer und anderer Unternehmen unserer Gruppe zukommen lassen, die f\u00fcr Sie von Interesse sein k\u00f6nnten. Auch wenn Sie dem Erhalt von Werbung zugestimmt haben, k\u00f6nnen Sie sich zu einem sp\u00e4teren Zeitpunkt wieder abmelden. Sie haben jederzeit das Recht, uns davon abzuhalten, Sie zu Werbezwecken zu kontaktieren oder Ihre Daten an andere Mitglieder der COBA-Gruppe weiterzugeben. Wenn Sie nicht mehr zu Werbezwecken kontaktiert werden m\u00f6chten, senden Sie bitte eine E-Mail an&nbsp;<a href=\"mailto:marketing@coba.com\">marketing@coba.com<\/a>.<\/p>\n<p>COBA verwendet MailChimp, ein E-Mail-Automatisierungssystem eines Drittanbieters. Wenn Sie Kunde sind oder Ihre pers\u00f6nlichen Daten \u00fcber ein Formular auf unserer Website eingeben, k\u00f6nnen Ihre Daten auf einem MailChimp-Server gespeichert werden. Klicken Sie hier f\u00fcr weitere Informationen zu MailChimps Datenschutzrichtlinien. Der Einsatz dieses Systems hilft unseren Vertriebs- und Marketing-Teams, zielgerichtete Inhalte und Angebote per E-Mail bereitzustellen.<\/p>\n<h3 id=\"automatisierung\">Marketing-Automatisierung<\/h3>\n<p>Diese Website verwendet ein Drittanbieter-Marketing-Automatisierungssystem namens SharpSpring, das die IP-Adresse von Ger\u00e4ten und Netzwerken verfolgt, die f\u00fcr den Zugriff darauf verwendet werden.&nbsp; Dies wiederum hilft unseren Vertriebs- und Marketing-Teams, gezielt passende Inhalte und Dienstleistungen f\u00fcr neue und bestehende Kunden bereitzustellen. Wenn Sie Ihre pers\u00f6nlichen Daten \u00fcber ein Formular auf unserer Website eingeben, werden diese zus\u00e4tzlichen Informationen auf einem SharpSpring-Server gespeichert.&nbsp;<a href=\"http:\/\/sharpspring.com\/legal\/privacy\/\">Klicken Sie hier<\/a>&nbsp;f\u00fcr Details der SharpSpring eigenen Datenschutzerkl\u00e4rung.<\/p>\n<h3 id=\"infoKorrekturen\">Zugriff auf Ihre Informationen und Korrekturen<\/h3>\n<p>Sollten Sie zu irgendeinem Zeitpunkt Bedenken oder Fragen zu Informationen haben, die wir \u00fcber Sie speichern, wenden Sie sich bitte an den Datenschutzbeauftragten, COBA International Ltd, Unit 5 Marlborough Drive, Fleckney, Leicestershire LE8 8UR oder per E-Mail an&nbsp;<a href=\"mailto:dataprivacy@coba.com\">dataprivacy@coba.com<\/a>. Sie haben das Recht, die \u00fcber Sie gespeicherten Daten einzusehen, und Sie k\u00f6nnen uns auffordern, alle notwendigen \u00c4nderungen vorzunehmen, um sicherzustellen, dass die Informationen korrekt und aktuell sind.<\/p>\n<h3 id=\"cookies\">Cookies<\/h3>\n<p>Wie die meisten Websites verwendet auch diese Website manchmal Browser-Cookies, also Informationen, die eine Website entweder auf die Festplatte Ihres Computers \u00fcbertr\u00e4gt oder zu Aufzeichnungszwecken vor\u00fcbergehend im Computerspeicher archiviert. Wir verwenden Cookies, um zu sehen, wie Sie unsere Website nutzen. Die meisten Browser sind so voreingestellt, dass sie Cookies akzeptieren. Sie k\u00f6nnen Ihren Browser so einstellen, dass er Cookies ablehnt oder anzeigt, wenn ein Cookie gesendet wird. Wenn Sie jedoch die Annahme von Cookies ablehnen, k\u00f6nnen Sie m\u00f6glicherweise bestimmte Funktionen dieser Website nicht nutzen.<\/p>\n<p>F\u00fcr weitere Informationen \u00fcber die von dieser Website verwendeten Cookies besuchen Sie bitte die&nbsp;<a href=\"http:\/\/www.movingedge.com\/de\/cookies\">Cookies-Seite<\/a>.<\/p>\n<p>Werbetreibende und andere Dritte k\u00f6nnen ihre eigenen Cookies verwenden, wenn Sie auf Anzeigen oder Links zu deren Websites klicken. Diese Datenschutzerkl\u00e4rung regelt nicht die Nutzung der Websites von Drittanbietern oder Werbetreibenden.<\/p>\n<h3 id=\"andereWeb\">Andere Websites<\/h3>\n<p>Die Website enth\u00e4lt Links zu Websites, die nicht im Besitz von COBA sind oder von COBA betrieben werden. Wir sind nicht f\u00fcr diese Websites verantwortlich und Sie m\u00fcssen eigenst\u00e4ndig die Datenschutzerkl\u00e4rungen f\u00fcr jede dieser Websites lesen.<\/p>\n<h3 id=\"datenschut\">\u00c4nderungen unser Datenschutzerkl\u00e4rung<\/h3>\n<p>Wir k\u00f6nnen diese Datenschutzerkl\u00e4rung von Zeit zu Zeit \u00e4ndern. Bitte informieren Sie sich regelm\u00e4\u00dfig auf dieser Seite. Durch die Nutzung der Website oder unserer Produkte, Funktionen, Ressourcen oder Dienstleistungen auf dieser Website erkl\u00e4ren Sie sich mit den Bedingungen dieser Datenschutzerkl\u00e4rung einverstanden.<\/p>\n<h3 id=\"sieUns\">So erreichen Sie uns<\/h3>\n<p>Bitte kontaktieren Sie uns bei Fragen zu dieser Datenschutzerkl\u00e4rung oder zu Informationen, die wir \u00fcber Sie speichern:<\/p>\n<ul>\n<li>per&nbsp;<a href=\"mailto:dataprivacy@coba.com\">E-Mail<\/a><\/li>\n<li>oder schreiben Sie uns an Data Privacy Controller, COBA International Ltd, Unit 5 Marlborough Drive, Fleckney, Leicestershire LE8 8UR<\/li>\n<\/ul>\n","protected":false},"excerpt":{"rendered":"<p>COBA Europe ist Teil der&nbsp;COBA-Gruppe. Dieser Datenschutzhinweis erl\u00e4utert, wie wir Ihre pers\u00f6nlichen Daten verwenden, wenn Sie diese Website nutzen. Bitte lesen Sie ihn sorgf\u00e4ltig durch. Welche Informationen sammeln wir \u00fcber Sie? Wie werden Ihre Informationen von uns verwendet? E-Mail-Marketing und Telemarketing Marketing Automatisierung Zugriff auf Ihre Informationen und Korrekturen Cookies Andere Websites \u00c4nderungen unser Datenschutzerkl\u00e4rung [&hellip;]<\/p>\n","protected":false},"author":1,"featured_media":1084,"parent":0,"menu_order":0,"comment_status":"closed","ping_status":"closed","template":"","meta":{"footnotes":""},"class_list":["post-206","page","type-page","status-publish","has-post-thumbnail","hentry"],"yoast_head":"<!-- This site is optimized with the Yoast SEO plugin v26.0 - https:\/\/yoast.com\/wordpress\/plugins\/seo\/ -->\n<title>Datenschutzhinweis - Moving Edge<\/title>\n<meta name=\"robots\" content=\"index, follow, max-snippet:-1, max-image-preview:large, max-video-preview:-1\" \/>\n<link rel=\"canonical\" href=\"https:\/\/www.movingedge.com\/de\/datenschutzhinweis\/\" \/>\n<meta property=\"og:locale\" content=\"de_DE\" \/>\n<meta property=\"og:type\" content=\"article\" \/>\n<meta property=\"og:title\" content=\"Datenschutzhinweis - Moving Edge\" \/>\n<meta property=\"og:description\" content=\"COBA Europe ist Teil der&nbsp;COBA-Gruppe. Dieser Datenschutzhinweis erl\u00e4utert, wie wir Ihre pers\u00f6nlichen Daten verwenden, wenn Sie diese Website nutzen. Bitte lesen Sie ihn sorgf\u00e4ltig durch. Welche Informationen sammeln wir \u00fcber Sie? Wie werden Ihre Informationen von uns verwendet? E-Mail-Marketing und Telemarketing Marketing Automatisierung Zugriff auf Ihre Informationen und Korrekturen Cookies Andere Websites \u00c4nderungen unser Datenschutzerkl\u00e4rung [&hellip;]\" \/>\n<meta property=\"og:url\" content=\"https:\/\/www.movingedge.com\/de\/datenschutzhinweis\/\" \/>\n<meta property=\"og:site_name\" content=\"Moving Edge\" \/>\n<meta property=\"article:modified_time\" content=\"2019-01-08T15:04:30+00:00\" \/>\n<meta property=\"og:image\" content=\"https:\/\/www.movingedge.com\/de\/wp-content\/uploads\/sites\/2\/2018\/11\/Uber-Uns-Background.png\" \/>\n\t<meta property=\"og:image:width\" content=\"1920\" \/>\n\t<meta property=\"og:image:height\" content=\"450\" \/>\n\t<meta property=\"og:image:type\" content=\"image\/png\" \/>\n<meta name=\"twitter:card\" content=\"summary_large_image\" \/>\n<meta name=\"twitter:label1\" content=\"Gesch\u00e4tzte Lesezeit\" \/>\n\t<meta name=\"twitter:data1\" content=\"6\u00a0Minuten\" \/>\n<script type=\"application\/ld+json\" class=\"yoast-schema-graph\">{\"@context\":\"https:\/\/schema.org\",\"@graph\":[{\"@type\":\"WebPage\",\"@id\":\"https:\/\/www.movingedge.com\/de\/datenschutzhinweis\/\",\"url\":\"https:\/\/www.movingedge.com\/de\/datenschutzhinweis\/\",\"name\":\"Datenschutzhinweis - Moving Edge\",\"isPartOf\":{\"@id\":\"https:\/\/www.movingedge.com\/de\/#website\"},\"primaryImageOfPage\":{\"@id\":\"https:\/\/www.movingedge.com\/de\/datenschutzhinweis\/#primaryimage\"},\"image\":{\"@id\":\"https:\/\/www.movingedge.com\/de\/datenschutzhinweis\/#primaryimage\"},\"thumbnailUrl\":\"https:\/\/www.movingedge.com\/de\/wp-content\/uploads\/sites\/2\/2018\/11\/Uber-Uns-Background.png\",\"datePublished\":\"2018-07-31T14:00:55+00:00\",\"dateModified\":\"2019-01-08T15:04:30+00:00\",\"breadcrumb\":{\"@id\":\"https:\/\/www.movingedge.com\/de\/datenschutzhinweis\/#breadcrumb\"},\"inLanguage\":\"de\",\"potentialAction\":[{\"@type\":\"ReadAction\",\"target\":[\"https:\/\/www.movingedge.com\/de\/datenschutzhinweis\/\"]}]},{\"@type\":\"ImageObject\",\"inLanguage\":\"de\",\"@id\":\"https:\/\/www.movingedge.com\/de\/datenschutzhinweis\/#primaryimage\",\"url\":\"https:\/\/www.movingedge.com\/de\/wp-content\/uploads\/sites\/2\/2018\/11\/Uber-Uns-Background.png\",\"contentUrl\":\"https:\/\/www.movingedge.com\/de\/wp-content\/uploads\/sites\/2\/2018\/11\/Uber-Uns-Background.png\",\"width\":1920,\"height\":450,\"caption\":\"Uber Uns Moving Edge Sicherheitsmesser Cuttermesser\"},{\"@type\":\"BreadcrumbList\",\"@id\":\"https:\/\/www.movingedge.com\/de\/datenschutzhinweis\/#breadcrumb\",\"itemListElement\":[{\"@type\":\"ListItem\",\"position\":1,\"name\":\"Home\",\"item\":\"https:\/\/www.movingedge.com\/de\/\"},{\"@type\":\"ListItem\",\"position\":2,\"name\":\"Datenschutzhinweis\"}]},{\"@type\":\"WebSite\",\"@id\":\"https:\/\/www.movingedge.com\/de\/#website\",\"url\":\"https:\/\/www.movingedge.com\/de\/\",\"name\":\"Moving Edge\",\"description\":\"Cutting Edge Safety\",\"potentialAction\":[{\"@type\":\"SearchAction\",\"target\":{\"@type\":\"EntryPoint\",\"urlTemplate\":\"https:\/\/www.movingedge.com\/de\/?s={search_term_string}\"},\"query-input\":{\"@type\":\"PropertyValueSpecification\",\"valueRequired\":true,\"valueName\":\"search_term_string\"}}],\"inLanguage\":\"de\"}]}<\/script>\n<!-- \/ Yoast SEO plugin. -->","yoast_head_json":{"title":"Datenschutzhinweis - Moving Edge","robots":{"index":"index","follow":"follow","max-snippet":"max-snippet:-1","max-image-preview":"max-image-preview:large","max-video-preview":"max-video-preview:-1"},"canonical":"https:\/\/www.movingedge.com\/de\/datenschutzhinweis\/","og_locale":"de_DE","og_type":"article","og_title":"Datenschutzhinweis - Moving Edge","og_description":"COBA Europe ist Teil der&nbsp;COBA-Gruppe. Dieser Datenschutzhinweis erl\u00e4utert, wie wir Ihre pers\u00f6nlichen Daten verwenden, wenn Sie diese Website nutzen. Bitte lesen Sie ihn sorgf\u00e4ltig durch. Welche Informationen sammeln wir \u00fcber Sie? Wie werden Ihre Informationen von uns verwendet? E-Mail-Marketing und Telemarketing Marketing Automatisierung Zugriff auf Ihre Informationen und Korrekturen Cookies Andere Websites \u00c4nderungen unser Datenschutzerkl\u00e4rung [&hellip;]","og_url":"https:\/\/www.movingedge.com\/de\/datenschutzhinweis\/","og_site_name":"Moving Edge","article_modified_time":"2019-01-08T15:04:30+00:00","og_image":[{"width":1920,"height":450,"url":"https:\/\/www.movingedge.com\/de\/wp-content\/uploads\/sites\/2\/2018\/11\/Uber-Uns-Background.png","type":"image\/png"}],"twitter_card":"summary_large_image","twitter_misc":{"Gesch\u00e4tzte Lesezeit":"6\u00a0Minuten"},"schema":{"@context":"https:\/\/schema.org","@graph":[{"@type":"WebPage","@id":"https:\/\/www.movingedge.com\/de\/datenschutzhinweis\/","url":"https:\/\/www.movingedge.com\/de\/datenschutzhinweis\/","name":"Datenschutzhinweis - Moving Edge","isPartOf":{"@id":"https:\/\/www.movingedge.com\/de\/#website"},"primaryImageOfPage":{"@id":"https:\/\/www.movingedge.com\/de\/datenschutzhinweis\/#primaryimage"},"image":{"@id":"https:\/\/www.movingedge.com\/de\/datenschutzhinweis\/#primaryimage"},"thumbnailUrl":"https:\/\/www.movingedge.com\/de\/wp-content\/uploads\/sites\/2\/2018\/11\/Uber-Uns-Background.png","datePublished":"2018-07-31T14:00:55+00:00","dateModified":"2019-01-08T15:04:30+00:00","breadcrumb":{"@id":"https:\/\/www.movingedge.com\/de\/datenschutzhinweis\/#breadcrumb"},"inLanguage":"de","potentialAction":[{"@type":"ReadAction","target":["https:\/\/www.movingedge.com\/de\/datenschutzhinweis\/"]}]},{"@type":"ImageObject","inLanguage":"de","@id":"https:\/\/www.movingedge.com\/de\/datenschutzhinweis\/#primaryimage","url":"https:\/\/www.movingedge.com\/de\/wp-content\/uploads\/sites\/2\/2018\/11\/Uber-Uns-Background.png","contentUrl":"https:\/\/www.movingedge.com\/de\/wp-content\/uploads\/sites\/2\/2018\/11\/Uber-Uns-Background.png","width":1920,"height":450,"caption":"Uber Uns Moving Edge Sicherheitsmesser Cuttermesser"},{"@type":"BreadcrumbList","@id":"https:\/\/www.movingedge.com\/de\/datenschutzhinweis\/#breadcrumb","itemListElement":[{"@type":"ListItem","position":1,"name":"Home","item":"https:\/\/www.movingedge.com\/de\/"},{"@type":"ListItem","position":2,"name":"Datenschutzhinweis"}]},{"@type":"WebSite","@id":"https:\/\/www.movingedge.com\/de\/#website","url":"https:\/\/www.movingedge.com\/de\/","name":"Moving Edge","description":"Cutting Edge Safety","potentialAction":[{"@type":"SearchAction","target":{"@type":"EntryPoint","urlTemplate":"https:\/\/www.movingedge.com\/de\/?s={search_term_string}"},"query-input":{"@type":"PropertyValueSpecification","valueRequired":true,"valueName":"search_term_string"}}],"inLanguage":"de"}]}},"_links":{"self":[{"href":"https:\/\/www.movingedge.com\/de\/wp-json\/wp\/v2\/pages\/206","targetHints":{"allow":["GET"]}}],"collection":[{"href":"https:\/\/www.movingedge.com\/de\/wp-json\/wp\/v2\/pages"}],"about":[{"href":"https:\/\/www.movingedge.com\/de\/wp-json\/wp\/v2\/types\/page"}],"author":[{"embeddable":true,"href":"https:\/\/www.movingedge.com\/de\/wp-json\/wp\/v2\/users\/1"}],"replies":[{"embeddable":true,"href":"https:\/\/www.movingedge.com\/de\/wp-json\/wp\/v2\/comments?post=206"}],"version-history":[{"count":0,"href":"https:\/\/www.movingedge.com\/de\/wp-json\/wp\/v2\/pages\/206\/revisions"}],"wp:featuredmedia":[{"embeddable":true,"href":"https:\/\/www.movingedge.com\/de\/wp-json\/wp\/v2\/media\/1084"}],"wp:attachment":[{"href":"https:\/\/www.movingedge.com\/de\/wp-json\/wp\/v2\/media?parent=206"}],"curies":[{"name":"wp","href":"https:\/\/api.w.org\/{rel}","templated":true}]}}