{"id":108,"date":"2018-07-30T09:44:19","date_gmt":"2018-07-30T08:44:19","guid":{"rendered":"https:\/\/www.movingedge.com\/?page_id=108"},"modified":"2020-02-20T09:19:58","modified_gmt":"2020-02-20T09:19:58","slug":"home","status":"publish","type":"page","link":"https:\/\/www.movingedge.com\/de\/","title":{"rendered":"Home"},"content":{"rendered":"","protected":false},"excerpt":{"rendered":"","protected":false},"author":1,"featured_media":0,"parent":0,"menu_order":0,"comment_status":"closed","ping_status":"closed","template":"","meta":{"footnotes":""},"class_list":["post-108","page","type-page","status-publish","hentry"],"yoast_head":"<!-- This site is optimized with the Yoast SEO plugin v26.0 - https:\/\/yoast.com\/wordpress\/plugins\/seo\/ -->\n<title>Modernste Sicherheitsmesser f\u00fcr alle Branchen - Moving Edge<\/title>\n<meta name=\"description\" content=\"Moving Edge steht seit \u00fcber 20 Jahren f\u00fcr Qualit\u00e4t f\u00fcr Sicherheitsmesser mit verdeckt liegender Klinge und Cuttermesser mit automatischem Klingeneinzug.\" \/>\n<meta name=\"robots\" content=\"index, follow, max-snippet:-1, max-image-preview:large, max-video-preview:-1\" \/>\n<link rel=\"canonical\" href=\"https:\/\/www.movingedge.com\/de\/\" \/>\n<meta property=\"og:locale\" content=\"de_DE\" \/>\n<meta property=\"og:type\" content=\"article\" \/>\n<meta property=\"og:title\" content=\"Modernste Sicherheitsmesser f\u00fcr alle Branchen - Moving Edge\" \/>\n<meta property=\"og:description\" content=\"Moving Edge steht seit \u00fcber 20 Jahren f\u00fcr Qualit\u00e4t f\u00fcr Sicherheitsmesser mit verdeckt liegender Klinge und Cuttermesser mit automatischem Klingeneinzug.\" \/>\n<meta property=\"og:url\" content=\"https:\/\/www.movingedge.com\/de\/\" \/>\n<meta property=\"og:site_name\" content=\"Moving Edge\" \/>\n<meta property=\"article:modified_time\" content=\"2020-02-20T09:19:58+00:00\" \/>\n<meta name=\"twitter:card\" content=\"summary_large_image\" \/>\n<script type=\"application\/ld+json\" class=\"yoast-schema-graph\">{\"@context\":\"https:\/\/schema.org\",\"@graph\":[{\"@type\":\"WebPage\",\"@id\":\"https:\/\/www.movingedge.com\/de\/\",\"url\":\"https:\/\/www.movingedge.com\/de\/\",\"name\":\"Modernste Sicherheitsmesser f\u00fcr alle Branchen - Moving Edge\",\"isPartOf\":{\"@id\":\"https:\/\/www.movingedge.com\/de\/#website\"},\"datePublished\":\"2018-07-30T08:44:19+00:00\",\"dateModified\":\"2020-02-20T09:19:58+00:00\",\"description\":\"Moving Edge steht seit \u00fcber 20 Jahren f\u00fcr Qualit\u00e4t f\u00fcr Sicherheitsmesser mit verdeckt liegender Klinge und Cuttermesser mit automatischem Klingeneinzug.\",\"breadcrumb\":{\"@id\":\"https:\/\/www.movingedge.com\/de\/#breadcrumb\"},\"inLanguage\":\"de\",\"potentialAction\":[{\"@type\":\"ReadAction\",\"target\":[\"https:\/\/www.movingedge.com\/de\/\"]}]},{\"@type\":\"BreadcrumbList\",\"@id\":\"https:\/\/www.movingedge.com\/de\/#breadcrumb\",\"itemListElement\":[{\"@type\":\"ListItem\",\"position\":1,\"name\":\"Home\",\"item\":\"https:\/\/www.movingedge.com\/de\/\"},{\"@type\":\"ListItem\",\"position\":2,\"name\":\"Home\"}]},{\"@type\":\"WebSite\",\"@id\":\"https:\/\/www.movingedge.com\/de\/#website\",\"url\":\"https:\/\/www.movingedge.com\/de\/\",\"name\":\"Moving Edge\",\"description\":\"Cutting Edge Safety\",\"potentialAction\":[{\"@type\":\"SearchAction\",\"target\":{\"@type\":\"EntryPoint\",\"urlTemplate\":\"https:\/\/www.movingedge.com\/de\/?s={search_term_string}\"},\"query-input\":{\"@type\":\"PropertyValueSpecification\",\"valueRequired\":true,\"valueName\":\"search_term_string\"}}],\"inLanguage\":\"de\"}]}<\/script>\n<!-- \/ Yoast SEO plugin. -->","yoast_head_json":{"title":"Modernste Sicherheitsmesser f\u00fcr alle Branchen - Moving Edge","description":"Moving Edge steht seit \u00fcber 20 Jahren f\u00fcr Qualit\u00e4t f\u00fcr Sicherheitsmesser mit verdeckt liegender Klinge und Cuttermesser mit automatischem Klingeneinzug.","robots":{"index":"index","follow":"follow","max-snippet":"max-snippet:-1","max-image-preview":"max-image-preview:large","max-video-preview":"max-video-preview:-1"},"canonical":"https:\/\/www.movingedge.com\/de\/","og_locale":"de_DE","og_type":"article","og_title":"Modernste Sicherheitsmesser f\u00fcr alle Branchen - Moving Edge","og_description":"Moving Edge steht seit \u00fcber 20 Jahren f\u00fcr Qualit\u00e4t f\u00fcr Sicherheitsmesser mit verdeckt liegender Klinge und Cuttermesser mit automatischem Klingeneinzug.","og_url":"https:\/\/www.movingedge.com\/de\/","og_site_name":"Moving Edge","article_modified_time":"2020-02-20T09:19:58+00:00","twitter_card":"summary_large_image","schema":{"@context":"https:\/\/schema.org","@graph":[{"@type":"WebPage","@id":"https:\/\/www.movingedge.com\/de\/","url":"https:\/\/www.movingedge.com\/de\/","name":"Modernste Sicherheitsmesser f\u00fcr alle Branchen - Moving Edge","isPartOf":{"@id":"https:\/\/www.movingedge.com\/de\/#website"},"datePublished":"2018-07-30T08:44:19+00:00","dateModified":"2020-02-20T09:19:58+00:00","description":"Moving Edge steht seit \u00fcber 20 Jahren f\u00fcr Qualit\u00e4t f\u00fcr Sicherheitsmesser mit verdeckt liegender Klinge und Cuttermesser mit automatischem Klingeneinzug.","breadcrumb":{"@id":"https:\/\/www.movingedge.com\/de\/#breadcrumb"},"inLanguage":"de","potentialAction":[{"@type":"ReadAction","target":["https:\/\/www.movingedge.com\/de\/"]}]},{"@type":"BreadcrumbList","@id":"https:\/\/www.movingedge.com\/de\/#breadcrumb","itemListElement":[{"@type":"ListItem","position":1,"name":"Home","item":"https:\/\/www.movingedge.com\/de\/"},{"@type":"ListItem","position":2,"name":"Home"}]},{"@type":"WebSite","@id":"https:\/\/www.movingedge.com\/de\/#website","url":"https:\/\/www.movingedge.com\/de\/","name":"Moving Edge","description":"Cutting Edge Safety","potentialAction":[{"@type":"SearchAction","target":{"@type":"EntryPoint","urlTemplate":"https:\/\/www.movingedge.com\/de\/?s={search_term_string}"},"query-input":{"@type":"PropertyValueSpecification","valueRequired":true,"valueName":"search_term_string"}}],"inLanguage":"de"}]}},"_links":{"self":[{"href":"https:\/\/www.movingedge.com\/de\/wp-json\/wp\/v2\/pages\/108","targetHints":{"allow":["GET"]}}],"collection":[{"href":"https:\/\/www.movingedge.com\/de\/wp-json\/wp\/v2\/pages"}],"about":[{"href":"https:\/\/www.movingedge.com\/de\/wp-json\/wp\/v2\/types\/page"}],"author":[{"embeddable":true,"href":"https:\/\/www.movingedge.com\/de\/wp-json\/wp\/v2\/users\/1"}],"replies":[{"embeddable":true,"href":"https:\/\/www.movingedge.com\/de\/wp-json\/wp\/v2\/comments?post=108"}],"version-history":[{"count":10,"href":"https:\/\/www.movingedge.com\/de\/wp-json\/wp\/v2\/pages\/108\/revisions"}],"predecessor-version":[{"id":1275,"href":"https:\/\/www.movingedge.com\/de\/wp-json\/wp\/v2\/pages\/108\/revisions\/1275"}],"wp:attachment":[{"href":"https:\/\/www.movingedge.com\/de\/wp-json\/wp\/v2\/media?parent=108"}],"curies":[{"name":"wp","href":"https:\/\/api.w.org\/{rel}","templated":true}]}}